{"id":5838576,"date":"2026-02-17T17:01:22","date_gmt":"2026-02-17T16:01:22","guid":{"rendered":"https:\/\/stoic-curie.212-227-153-4.plesk.page\/product\/mangueiras-de-agua-genuinas-para-motores-mercruiser-32-87108\/"},"modified":"2026-02-25T00:29:03","modified_gmt":"2026-02-25T00:29:03","slug":"mangueiras-de-agua-genuinas-para-motores-mercruiser-32-87108","status":"publish","type":"product","link":"https:\/\/stoic-curie.212-227-153-4.plesk.page\/pt\/product\/mangueiras-de-agua-genuinas-para-motores-mercruiser-32-87108\/","title":{"rendered":"Mangueiras de \u00c1gua Genu\u00ednas para Motores MerCruiser 32-87108"},"content":{"rendered":"<p>Mangueiras de \u00c1gua Genu\u00ednas para Motores MerCruiser 32-87108 &#8211; <\/p>\n<p>Mangueiras de entrada de \u00e1gua moldadas em borracha, projetadas para motores MerCruiser. V\u00eam com bra\u00e7adeiras de mangueira em a\u00e7o inoxid\u00e1vel para um encaixe seguro. Pe\u00e7as de reposi\u00e7\u00e3o compat\u00edveis para garantir desempenho ideal.<\/p>\n","protected":false},"excerpt":{"rendered":"<p>Mangueiras de \u00c1gua Genu\u00ednas para Motores MerCruiser 32-87108 &#8211; Mangueiras de entrada de \u00e1gua moldadas em borracha, projetadas para motores<\/p>\n","protected":false},"featured_media":5836881,"comment_status":"open","ping_status":"closed","template":"","meta":[],"product_brand":[3287],"product_cat":[2117],"product_tag":[],"class_list":{"0":"post-5838576","1":"product","2":"type-product","3":"status-publish","4":"has-post-thumbnail","6":"product_brand-quicksilver-pt","7":"product_cat-pecas-para-motores-mercruiser","9":"first","10":"instock","11":"shipping-taxable","12":"purchasable","13":"product-type-simple"},"_links":{"self":[{"href":"https:\/\/stoic-curie.212-227-153-4.plesk.page\/pt\/wp-json\/wp\/v2\/product\/5838576","targetHints":{"allow":["GET"]}}],"collection":[{"href":"https:\/\/stoic-curie.212-227-153-4.plesk.page\/pt\/wp-json\/wp\/v2\/product"}],"about":[{"href":"https:\/\/stoic-curie.212-227-153-4.plesk.page\/pt\/wp-json\/wp\/v2\/types\/product"}],"replies":[{"embeddable":true,"href":"https:\/\/stoic-curie.212-227-153-4.plesk.page\/pt\/wp-json\/wp\/v2\/comments?post=5838576"}],"version-history":[{"count":0,"href":"https:\/\/stoic-curie.212-227-153-4.plesk.page\/pt\/wp-json\/wp\/v2\/product\/5838576\/revisions"}],"wp:featuredmedia":[{"embeddable":true,"href":"https:\/\/stoic-curie.212-227-153-4.plesk.page\/pt\/wp-json\/wp\/v2\/media\/5836881"}],"wp:attachment":[{"href":"https:\/\/stoic-curie.212-227-153-4.plesk.page\/pt\/wp-json\/wp\/v2\/media?parent=5838576"}],"wp:term":[{"taxonomy":"product_brand","embeddable":true,"href":"https:\/\/stoic-curie.212-227-153-4.plesk.page\/pt\/wp-json\/wp\/v2\/product_brand?post=5838576"},{"taxonomy":"product_cat","embeddable":true,"href":"https:\/\/stoic-curie.212-227-153-4.plesk.page\/pt\/wp-json\/wp\/v2\/product_cat?post=5838576"},{"taxonomy":"product_tag","embeddable":true,"href":"https:\/\/stoic-curie.212-227-153-4.plesk.page\/pt\/wp-json\/wp\/v2\/product_tag?post=5838576"}],"curies":[{"name":"wp","href":"https:\/\/api.w.org\/{rel}","templated":true}]}}