{"id":5838577,"date":"2026-02-17T17:01:23","date_gmt":"2026-02-17T16:01:23","guid":{"rendered":"https:\/\/stoic-curie.212-227-153-4.plesk.page\/product\/mangueiras-de-trim-genuinas-mtm-para-motores-mercruiser-32-99904q-codigo-alpha-one\/"},"modified":"2026-02-25T00:29:03","modified_gmt":"2026-02-25T00:29:03","slug":"mangueiras-de-trim-genuinas-mtm-para-motores-mercruiser-32-99904q-codigo-alpha-one","status":"publish","type":"product","link":"https:\/\/stoic-curie.212-227-153-4.plesk.page\/pt\/product\/mangueiras-de-trim-genuinas-mtm-para-motores-mercruiser-32-99904q-codigo-alpha-one\/","title":{"rendered":"Mangueiras de Trim Genu\u00ednas Mtm para Motores MerCruiser 32-99904Q C\u00f3digo Alpha One"},"content":{"rendered":"<p>Mangueiras de Trim Genu\u00ednas Mtm para Motores MerCruiser 32-99904Q C\u00f3digo Alpha One &#8211; <\/p>\n<p>Mangueiras de trim projetadas para transmiss\u00f5es de motores MerCruiser. Estas s\u00e3o pe\u00e7as de reposi\u00e7\u00e3o compat\u00edveis, garantindo desempenho e confiabilidade ideais.<\/p>\n","protected":false},"excerpt":{"rendered":"<p>Mangueiras de Trim Genu\u00ednas Mtm para Motores MerCruiser 32-99904Q C\u00f3digo Alpha One &#8211; Mangueiras de trim projetadas para transmiss\u00f5es de<\/p>\n","protected":false},"featured_media":5735950,"comment_status":"open","ping_status":"closed","template":"","meta":[],"product_brand":[3287],"product_cat":[2117],"product_tag":[],"class_list":{"0":"post-5838577","1":"product","2":"type-product","3":"status-publish","4":"has-post-thumbnail","6":"product_brand-quicksilver-pt","7":"product_cat-pecas-para-motores-mercruiser","9":"first","10":"instock","11":"shipping-taxable","12":"purchasable","13":"product-type-simple"},"_links":{"self":[{"href":"https:\/\/stoic-curie.212-227-153-4.plesk.page\/pt\/wp-json\/wp\/v2\/product\/5838577","targetHints":{"allow":["GET"]}}],"collection":[{"href":"https:\/\/stoic-curie.212-227-153-4.plesk.page\/pt\/wp-json\/wp\/v2\/product"}],"about":[{"href":"https:\/\/stoic-curie.212-227-153-4.plesk.page\/pt\/wp-json\/wp\/v2\/types\/product"}],"replies":[{"embeddable":true,"href":"https:\/\/stoic-curie.212-227-153-4.plesk.page\/pt\/wp-json\/wp\/v2\/comments?post=5838577"}],"version-history":[{"count":0,"href":"https:\/\/stoic-curie.212-227-153-4.plesk.page\/pt\/wp-json\/wp\/v2\/product\/5838577\/revisions"}],"wp:featuredmedia":[{"embeddable":true,"href":"https:\/\/stoic-curie.212-227-153-4.plesk.page\/pt\/wp-json\/wp\/v2\/media\/5735950"}],"wp:attachment":[{"href":"https:\/\/stoic-curie.212-227-153-4.plesk.page\/pt\/wp-json\/wp\/v2\/media?parent=5838577"}],"wp:term":[{"taxonomy":"product_brand","embeddable":true,"href":"https:\/\/stoic-curie.212-227-153-4.plesk.page\/pt\/wp-json\/wp\/v2\/product_brand?post=5838577"},{"taxonomy":"product_cat","embeddable":true,"href":"https:\/\/stoic-curie.212-227-153-4.plesk.page\/pt\/wp-json\/wp\/v2\/product_cat?post=5838577"},{"taxonomy":"product_tag","embeddable":true,"href":"https:\/\/stoic-curie.212-227-153-4.plesk.page\/pt\/wp-json\/wp\/v2\/product_tag?post=5838577"}],"curies":[{"name":"wp","href":"https:\/\/api.w.org\/{rel}","templated":true}]}}