{"id":5838582,"date":"2026-02-17T17:01:26","date_gmt":"2026-02-17T16:01:26","guid":{"rendered":"https:\/\/stoic-curie.212-227-153-4.plesk.page\/product\/juntas-de-tampa-de-oleo-originais-para-motores-mercury-mercruiser-12-191833\/"},"modified":"2026-02-25T00:29:03","modified_gmt":"2026-02-25T00:29:03","slug":"juntas-de-tampa-de-oleo-originais-para-motores-mercury-mercruiser-12-191833","status":"publish","type":"product","link":"https:\/\/stoic-curie.212-227-153-4.plesk.page\/pt\/product\/juntas-de-tampa-de-oleo-originais-para-motores-mercury-mercruiser-12-191833\/","title":{"rendered":"Juntas de Tampa de \u00d3leo Originais para Motores Mercury\/Mercruiser &#8211; 12-191833"},"content":{"rendered":"<p>Juntas de Tampa de \u00d3leo Originais para Motores Mercury\/Mercruiser &#8211; 12-191833 &#8211; <\/p>\n<p>Essas juntas de tampa de \u00f3leo s\u00e3o projetadas especificamente para motores Mercury\/Mercruiser e v\u00eam em pacotes de 10. S\u00e3o pe\u00e7as de reposi\u00e7\u00e3o compat\u00edveis que garantem desempenho ideal.<\/p>\n","protected":false},"excerpt":{"rendered":"<p>Juntas de Tampa de \u00d3leo Originais para Motores Mercury\/Mercruiser &#8211; 12-191833 &#8211; Essas juntas de tampa de \u00f3leo s\u00e3o projetadas<\/p>\n","protected":false},"featured_media":5836909,"comment_status":"open","ping_status":"closed","template":"","meta":[],"product_brand":[3287],"product_cat":[2117],"product_tag":[],"class_list":{"0":"post-5838582","1":"product","2":"type-product","3":"status-publish","4":"has-post-thumbnail","6":"product_brand-quicksilver-pt","7":"product_cat-pecas-para-motores-mercruiser","9":"first","10":"instock","11":"shipping-taxable","12":"purchasable","13":"product-type-simple"},"_links":{"self":[{"href":"https:\/\/stoic-curie.212-227-153-4.plesk.page\/pt\/wp-json\/wp\/v2\/product\/5838582","targetHints":{"allow":["GET"]}}],"collection":[{"href":"https:\/\/stoic-curie.212-227-153-4.plesk.page\/pt\/wp-json\/wp\/v2\/product"}],"about":[{"href":"https:\/\/stoic-curie.212-227-153-4.plesk.page\/pt\/wp-json\/wp\/v2\/types\/product"}],"replies":[{"embeddable":true,"href":"https:\/\/stoic-curie.212-227-153-4.plesk.page\/pt\/wp-json\/wp\/v2\/comments?post=5838582"}],"version-history":[{"count":0,"href":"https:\/\/stoic-curie.212-227-153-4.plesk.page\/pt\/wp-json\/wp\/v2\/product\/5838582\/revisions"}],"wp:featuredmedia":[{"embeddable":true,"href":"https:\/\/stoic-curie.212-227-153-4.plesk.page\/pt\/wp-json\/wp\/v2\/media\/5836909"}],"wp:attachment":[{"href":"https:\/\/stoic-curie.212-227-153-4.plesk.page\/pt\/wp-json\/wp\/v2\/media?parent=5838582"}],"wp:term":[{"taxonomy":"product_brand","embeddable":true,"href":"https:\/\/stoic-curie.212-227-153-4.plesk.page\/pt\/wp-json\/wp\/v2\/product_brand?post=5838582"},{"taxonomy":"product_cat","embeddable":true,"href":"https:\/\/stoic-curie.212-227-153-4.plesk.page\/pt\/wp-json\/wp\/v2\/product_cat?post=5838582"},{"taxonomy":"product_tag","embeddable":true,"href":"https:\/\/stoic-curie.212-227-153-4.plesk.page\/pt\/wp-json\/wp\/v2\/product_tag?post=5838582"}],"curies":[{"name":"wp","href":"https:\/\/api.w.org\/{rel}","templated":true}]}}