{"id":5838583,"date":"2026-02-17T17:01:27","date_gmt":"2026-02-17T16:01:27","guid":{"rendered":"https:\/\/stoic-curie.212-227-153-4.plesk.page\/product\/gaxetas-genuinas-para-tampa-de-oleo-de-motores-mercury-mercruiser-26-830749\/"},"modified":"2026-02-25T00:29:03","modified_gmt":"2026-02-25T00:29:03","slug":"gaxetas-genuinas-para-tampa-de-oleo-de-motores-mercury-mercruiser-26-830749","status":"publish","type":"product","link":"https:\/\/stoic-curie.212-227-153-4.plesk.page\/pt\/product\/gaxetas-genuinas-para-tampa-de-oleo-de-motores-mercury-mercruiser-26-830749\/","title":{"rendered":"Gaxetas genu\u00ednas para tampa de \u00f3leo de motores Mercury\/Mercruiser 26-830749"},"content":{"rendered":"<p>Gaxetas genu\u00ednas para tampa de \u00f3leo de motores Mercury\/Mercruiser 26-830749 &#8211; <\/p>\n<p>Gaxetas genu\u00ednas para tampa de \u00f3leo de motores Mercury\/Mercruiser, fornecidas em pacotes de 10. Essas pe\u00e7as de reposi\u00e7\u00e3o compat\u00edveis garantem desempenho e confiabilidade ideais.<\/p>\n","protected":false},"excerpt":{"rendered":"<p>Gaxetas genu\u00ednas para tampa de \u00f3leo de motores Mercury\/Mercruiser 26-830749 &#8211; Gaxetas genu\u00ednas para tampa de \u00f3leo de motores Mercury\/Mercruiser,<\/p>\n","protected":false},"featured_media":5836909,"comment_status":"open","ping_status":"closed","template":"","meta":[],"product_brand":[3287],"product_cat":[2117],"product_tag":[],"class_list":{"0":"post-5838583","1":"product","2":"type-product","3":"status-publish","4":"has-post-thumbnail","6":"product_brand-quicksilver-pt","7":"product_cat-pecas-para-motores-mercruiser","9":"first","10":"instock","11":"shipping-taxable","12":"purchasable","13":"product-type-simple"},"_links":{"self":[{"href":"https:\/\/stoic-curie.212-227-153-4.plesk.page\/pt\/wp-json\/wp\/v2\/product\/5838583","targetHints":{"allow":["GET"]}}],"collection":[{"href":"https:\/\/stoic-curie.212-227-153-4.plesk.page\/pt\/wp-json\/wp\/v2\/product"}],"about":[{"href":"https:\/\/stoic-curie.212-227-153-4.plesk.page\/pt\/wp-json\/wp\/v2\/types\/product"}],"replies":[{"embeddable":true,"href":"https:\/\/stoic-curie.212-227-153-4.plesk.page\/pt\/wp-json\/wp\/v2\/comments?post=5838583"}],"version-history":[{"count":0,"href":"https:\/\/stoic-curie.212-227-153-4.plesk.page\/pt\/wp-json\/wp\/v2\/product\/5838583\/revisions"}],"wp:featuredmedia":[{"embeddable":true,"href":"https:\/\/stoic-curie.212-227-153-4.plesk.page\/pt\/wp-json\/wp\/v2\/media\/5836909"}],"wp:attachment":[{"href":"https:\/\/stoic-curie.212-227-153-4.plesk.page\/pt\/wp-json\/wp\/v2\/media?parent=5838583"}],"wp:term":[{"taxonomy":"product_brand","embeddable":true,"href":"https:\/\/stoic-curie.212-227-153-4.plesk.page\/pt\/wp-json\/wp\/v2\/product_brand?post=5838583"},{"taxonomy":"product_cat","embeddable":true,"href":"https:\/\/stoic-curie.212-227-153-4.plesk.page\/pt\/wp-json\/wp\/v2\/product_cat?post=5838583"},{"taxonomy":"product_tag","embeddable":true,"href":"https:\/\/stoic-curie.212-227-153-4.plesk.page\/pt\/wp-json\/wp\/v2\/product_tag?post=5838583"}],"curies":[{"name":"wp","href":"https:\/\/api.w.org\/{rel}","templated":true}]}}