{"id":5838584,"date":"2026-02-17T17:01:28","date_gmt":"2026-02-17T16:01:28","guid":{"rendered":"https:\/\/stoic-curie.212-227-153-4.plesk.page\/product\/junta-de-escape-para-motores-mercruiser-original-27-33179q02-para-v6-v8\/"},"modified":"2026-02-25T00:29:03","modified_gmt":"2026-02-25T00:29:03","slug":"junta-de-escape-para-motores-mercruiser-original-27-33179q02-para-v6-v8","status":"publish","type":"product","link":"https:\/\/stoic-curie.212-227-153-4.plesk.page\/pt\/product\/junta-de-escape-para-motores-mercruiser-original-27-33179q02-para-v6-v8\/","title":{"rendered":"Junta de escape para motores Mercruiser &#8211; Original 27-33179Q02 para V6\/V8"},"content":{"rendered":"<p>Junta de escape para motores Mercruiser &#8211; Original 27-33179Q02 para V6\/V8 &#8211; <\/p>\n<p>Esta junta de escape \u00e9 projetada especificamente para motores Mercruiser. \u00c9 uma pe\u00e7a de reposi\u00e7\u00e3o compat\u00edvel que garante um ajuste perfeito e um desempenho ideal.<\/p>\n","protected":false},"excerpt":{"rendered":"<p>Junta de escape para motores Mercruiser &#8211; Original 27-33179Q02 para V6\/V8 &#8211; Esta junta de escape \u00e9 projetada especificamente para<\/p>\n","protected":false},"featured_media":5836921,"comment_status":"open","ping_status":"closed","template":"","meta":[],"product_brand":[3287],"product_cat":[2117],"product_tag":[],"class_list":{"0":"post-5838584","1":"product","2":"type-product","3":"status-publish","4":"has-post-thumbnail","6":"product_brand-quicksilver-pt","7":"product_cat-pecas-para-motores-mercruiser","9":"first","10":"instock","11":"shipping-taxable","12":"purchasable","13":"product-type-simple"},"_links":{"self":[{"href":"https:\/\/stoic-curie.212-227-153-4.plesk.page\/pt\/wp-json\/wp\/v2\/product\/5838584","targetHints":{"allow":["GET"]}}],"collection":[{"href":"https:\/\/stoic-curie.212-227-153-4.plesk.page\/pt\/wp-json\/wp\/v2\/product"}],"about":[{"href":"https:\/\/stoic-curie.212-227-153-4.plesk.page\/pt\/wp-json\/wp\/v2\/types\/product"}],"replies":[{"embeddable":true,"href":"https:\/\/stoic-curie.212-227-153-4.plesk.page\/pt\/wp-json\/wp\/v2\/comments?post=5838584"}],"version-history":[{"count":0,"href":"https:\/\/stoic-curie.212-227-153-4.plesk.page\/pt\/wp-json\/wp\/v2\/product\/5838584\/revisions"}],"wp:featuredmedia":[{"embeddable":true,"href":"https:\/\/stoic-curie.212-227-153-4.plesk.page\/pt\/wp-json\/wp\/v2\/media\/5836921"}],"wp:attachment":[{"href":"https:\/\/stoic-curie.212-227-153-4.plesk.page\/pt\/wp-json\/wp\/v2\/media?parent=5838584"}],"wp:term":[{"taxonomy":"product_brand","embeddable":true,"href":"https:\/\/stoic-curie.212-227-153-4.plesk.page\/pt\/wp-json\/wp\/v2\/product_brand?post=5838584"},{"taxonomy":"product_cat","embeddable":true,"href":"https:\/\/stoic-curie.212-227-153-4.plesk.page\/pt\/wp-json\/wp\/v2\/product_cat?post=5838584"},{"taxonomy":"product_tag","embeddable":true,"href":"https:\/\/stoic-curie.212-227-153-4.plesk.page\/pt\/wp-json\/wp\/v2\/product_tag?post=5838584"}],"curies":[{"name":"wp","href":"https:\/\/api.w.org\/{rel}","templated":true}]}}