{"id":5838586,"date":"2026-02-17T17:01:29","date_gmt":"2026-02-17T16:01:29","guid":{"rendered":"https:\/\/stoic-curie.212-227-153-4.plesk.page\/product\/juntas-de-bomba-de-agua-unidade-inferior-termostato-para-motores-yamaha-genuinos-6h3-12414-a1-codigo-motor-f9-9-70\/"},"modified":"2026-02-25T00:29:03","modified_gmt":"2026-02-25T00:29:03","slug":"juntas-de-bomba-de-agua-unidade-inferior-termostato-para-motores-yamaha-genuinos-6h3-12414-a1-codigo-motor-f9-9-70","status":"publish","type":"product","link":"https:\/\/stoic-curie.212-227-153-4.plesk.page\/pt\/product\/juntas-de-bomba-de-agua-unidade-inferior-termostato-para-motores-yamaha-genuinos-6h3-12414-a1-codigo-motor-f9-9-70\/","title":{"rendered":"Juntas de bomba de \u00e1gua\/unidade inferior\/termostato para motores Yamaha genu\u00ednos 6H3-12414-A1 c\u00f3digo motor F9.9\/70"},"content":{"rendered":"<p>Juntas de bomba de \u00e1gua\/unidade inferior\/termostato para motores Yamaha genu\u00ednos 6H3-12414-A1 c\u00f3digo motor F9.9\/70 &#8211; <\/p>\n<p>Juntas de bomba de \u00e1gua, unidade inferior e termostato para motores fora de borda Yamaha. Substitui\u00e7\u00e3o compat\u00edvel para a pe\u00e7a OEM.<\/p>\n","protected":false},"excerpt":{"rendered":"<p>Juntas de bomba de \u00e1gua\/unidade inferior\/termostato para motores Yamaha genu\u00ednos 6H3-12414-A1 c\u00f3digo motor F9.9\/70 &#8211; Juntas de bomba de \u00e1gua,<\/p>\n","protected":false},"featured_media":5836926,"comment_status":"open","ping_status":"closed","template":"","meta":[],"product_brand":[3392],"product_cat":[2118],"product_tag":[],"class_list":{"0":"post-5838586","1":"product","2":"type-product","3":"status-publish","4":"has-post-thumbnail","6":"product_brand-sierra-marine-pt","7":"product_cat-pecas-para-motores-fora-de-bordo-yamaha","9":"first","10":"instock","11":"shipping-taxable","12":"purchasable","13":"product-type-simple"},"_links":{"self":[{"href":"https:\/\/stoic-curie.212-227-153-4.plesk.page\/pt\/wp-json\/wp\/v2\/product\/5838586","targetHints":{"allow":["GET"]}}],"collection":[{"href":"https:\/\/stoic-curie.212-227-153-4.plesk.page\/pt\/wp-json\/wp\/v2\/product"}],"about":[{"href":"https:\/\/stoic-curie.212-227-153-4.plesk.page\/pt\/wp-json\/wp\/v2\/types\/product"}],"replies":[{"embeddable":true,"href":"https:\/\/stoic-curie.212-227-153-4.plesk.page\/pt\/wp-json\/wp\/v2\/comments?post=5838586"}],"version-history":[{"count":0,"href":"https:\/\/stoic-curie.212-227-153-4.plesk.page\/pt\/wp-json\/wp\/v2\/product\/5838586\/revisions"}],"wp:featuredmedia":[{"embeddable":true,"href":"https:\/\/stoic-curie.212-227-153-4.plesk.page\/pt\/wp-json\/wp\/v2\/media\/5836926"}],"wp:attachment":[{"href":"https:\/\/stoic-curie.212-227-153-4.plesk.page\/pt\/wp-json\/wp\/v2\/media?parent=5838586"}],"wp:term":[{"taxonomy":"product_brand","embeddable":true,"href":"https:\/\/stoic-curie.212-227-153-4.plesk.page\/pt\/wp-json\/wp\/v2\/product_brand?post=5838586"},{"taxonomy":"product_cat","embeddable":true,"href":"https:\/\/stoic-curie.212-227-153-4.plesk.page\/pt\/wp-json\/wp\/v2\/product_cat?post=5838586"},{"taxonomy":"product_tag","embeddable":true,"href":"https:\/\/stoic-curie.212-227-153-4.plesk.page\/pt\/wp-json\/wp\/v2\/product_tag?post=5838586"}],"curies":[{"name":"wp","href":"https:\/\/api.w.org\/{rel}","templated":true}]}}