{"id":5838587,"date":"2026-02-17T17:01:30","date_gmt":"2026-02-17T16:01:30","guid":{"rendered":"https:\/\/stoic-curie.212-227-153-4.plesk.page\/product\/juntas-de-bomba-unidade-inferior-genuinas-para-motores-mercury-mercruiser-codigo-27-430472-adequadas-para-40-125-hp\/"},"modified":"2026-02-25T00:29:03","modified_gmt":"2026-02-25T00:29:03","slug":"juntas-de-bomba-unidade-inferior-genuinas-para-motores-mercury-mercruiser-codigo-27-430472-adequadas-para-40-125-hp","status":"publish","type":"product","link":"https:\/\/stoic-curie.212-227-153-4.plesk.page\/pt\/product\/juntas-de-bomba-unidade-inferior-genuinas-para-motores-mercury-mercruiser-codigo-27-430472-adequadas-para-40-125-hp\/","title":{"rendered":"Juntas de bomba\/unidade inferior genu\u00ednas para motores Mercury\/Mercruiser &#8211; C\u00f3digo 27-430472 &#8211; Adequadas para 40\/125 HP"},"content":{"rendered":"<p>Juntas de bomba\/unidade inferior genu\u00ednas para motores Mercury\/Mercruiser &#8211; C\u00f3digo 27-430472 &#8211; Adequadas para 40\/125 HP &#8211; <\/p>\n<p>Estas juntas de bomba\/unidade inferior s\u00e3o projetadas especificamente para motores fora de borda Mercury\/Mercruiser. Elas s\u00e3o pe\u00e7as de reposi\u00e7\u00e3o compat\u00edveis que garantem desempenho ideal.<\/p>\n","protected":false},"excerpt":{"rendered":"<p>Juntas de bomba\/unidade inferior genu\u00ednas para motores Mercury\/Mercruiser &#8211; C\u00f3digo 27-430472 &#8211; Adequadas para 40\/125 HP &#8211; Estas juntas de<\/p>\n","protected":false},"featured_media":5836935,"comment_status":"open","ping_status":"closed","template":"","meta":[],"product_brand":[3287],"product_cat":[2102,2117],"product_tag":[],"class_list":{"0":"post-5838587","1":"product","2":"type-product","3":"status-publish","4":"has-post-thumbnail","6":"product_brand-quicksilver-pt","7":"product_cat-pecas-para-motores-fora-de-bordo-mercury-e-mariner","8":"product_cat-pecas-para-motores-mercruiser","10":"first","11":"instock","12":"shipping-taxable","13":"purchasable","14":"product-type-simple"},"_links":{"self":[{"href":"https:\/\/stoic-curie.212-227-153-4.plesk.page\/pt\/wp-json\/wp\/v2\/product\/5838587","targetHints":{"allow":["GET"]}}],"collection":[{"href":"https:\/\/stoic-curie.212-227-153-4.plesk.page\/pt\/wp-json\/wp\/v2\/product"}],"about":[{"href":"https:\/\/stoic-curie.212-227-153-4.plesk.page\/pt\/wp-json\/wp\/v2\/types\/product"}],"replies":[{"embeddable":true,"href":"https:\/\/stoic-curie.212-227-153-4.plesk.page\/pt\/wp-json\/wp\/v2\/comments?post=5838587"}],"version-history":[{"count":0,"href":"https:\/\/stoic-curie.212-227-153-4.plesk.page\/pt\/wp-json\/wp\/v2\/product\/5838587\/revisions"}],"wp:featuredmedia":[{"embeddable":true,"href":"https:\/\/stoic-curie.212-227-153-4.plesk.page\/pt\/wp-json\/wp\/v2\/media\/5836935"}],"wp:attachment":[{"href":"https:\/\/stoic-curie.212-227-153-4.plesk.page\/pt\/wp-json\/wp\/v2\/media?parent=5838587"}],"wp:term":[{"taxonomy":"product_brand","embeddable":true,"href":"https:\/\/stoic-curie.212-227-153-4.plesk.page\/pt\/wp-json\/wp\/v2\/product_brand?post=5838587"},{"taxonomy":"product_cat","embeddable":true,"href":"https:\/\/stoic-curie.212-227-153-4.plesk.page\/pt\/wp-json\/wp\/v2\/product_cat?post=5838587"},{"taxonomy":"product_tag","embeddable":true,"href":"https:\/\/stoic-curie.212-227-153-4.plesk.page\/pt\/wp-json\/wp\/v2\/product_tag?post=5838587"}],"curies":[{"name":"wp","href":"https:\/\/api.w.org\/{rel}","templated":true}]}}