{"id":5838589,"date":"2026-02-17T17:01:31","date_gmt":"2026-02-17T16:01:31","guid":{"rendered":"https:\/\/stoic-curie.212-227-153-4.plesk.page\/product\/juntas-de-bomba-unidade-inferior-para-motores-mercury-mercruiser-original-27-430331\/"},"modified":"2026-02-25T00:29:03","modified_gmt":"2026-02-25T00:29:03","slug":"juntas-de-bomba-unidade-inferior-para-motores-mercury-mercruiser-original-27-430331","status":"publish","type":"product","link":"https:\/\/stoic-curie.212-227-153-4.plesk.page\/pt\/product\/juntas-de-bomba-unidade-inferior-para-motores-mercury-mercruiser-original-27-430331\/","title":{"rendered":"Juntas de Bomba\/Unidade Inferior para Motores Mercury\/Mercruiser &#8211; Original 27-430331"},"content":{"rendered":"<p>Juntas de Bomba\/Unidade Inferior para Motores Mercury\/Mercruiser &#8211; Original 27-430331 &#8211; <\/p>\n<p>Juntas de bomba\/unidade inferior projetadas especificamente para motores de popa Mercury\/Mercruiser. Estas s\u00e3o pe\u00e7as de reposi\u00e7\u00e3o compat\u00edveis que garantem um desempenho ideal e durabilidade.<\/p>\n","protected":false},"excerpt":{"rendered":"<p>Juntas de Bomba\/Unidade Inferior para Motores Mercury\/Mercruiser &#8211; Original 27-430331 &#8211; Juntas de bomba\/unidade inferior projetadas especificamente para motores de<\/p>\n","protected":false},"featured_media":5836935,"comment_status":"open","ping_status":"closed","template":"","meta":[],"product_brand":[3287],"product_cat":[2102,2117],"product_tag":[],"class_list":{"0":"post-5838589","1":"product","2":"type-product","3":"status-publish","4":"has-post-thumbnail","6":"product_brand-quicksilver-pt","7":"product_cat-pecas-para-motores-fora-de-bordo-mercury-e-mariner","8":"product_cat-pecas-para-motores-mercruiser","10":"first","11":"instock","12":"shipping-taxable","13":"purchasable","14":"product-type-simple"},"_links":{"self":[{"href":"https:\/\/stoic-curie.212-227-153-4.plesk.page\/pt\/wp-json\/wp\/v2\/product\/5838589","targetHints":{"allow":["GET"]}}],"collection":[{"href":"https:\/\/stoic-curie.212-227-153-4.plesk.page\/pt\/wp-json\/wp\/v2\/product"}],"about":[{"href":"https:\/\/stoic-curie.212-227-153-4.plesk.page\/pt\/wp-json\/wp\/v2\/types\/product"}],"replies":[{"embeddable":true,"href":"https:\/\/stoic-curie.212-227-153-4.plesk.page\/pt\/wp-json\/wp\/v2\/comments?post=5838589"}],"version-history":[{"count":0,"href":"https:\/\/stoic-curie.212-227-153-4.plesk.page\/pt\/wp-json\/wp\/v2\/product\/5838589\/revisions"}],"wp:featuredmedia":[{"embeddable":true,"href":"https:\/\/stoic-curie.212-227-153-4.plesk.page\/pt\/wp-json\/wp\/v2\/media\/5836935"}],"wp:attachment":[{"href":"https:\/\/stoic-curie.212-227-153-4.plesk.page\/pt\/wp-json\/wp\/v2\/media?parent=5838589"}],"wp:term":[{"taxonomy":"product_brand","embeddable":true,"href":"https:\/\/stoic-curie.212-227-153-4.plesk.page\/pt\/wp-json\/wp\/v2\/product_brand?post=5838589"},{"taxonomy":"product_cat","embeddable":true,"href":"https:\/\/stoic-curie.212-227-153-4.plesk.page\/pt\/wp-json\/wp\/v2\/product_cat?post=5838589"},{"taxonomy":"product_tag","embeddable":true,"href":"https:\/\/stoic-curie.212-227-153-4.plesk.page\/pt\/wp-json\/wp\/v2\/product_tag?post=5838589"}],"curies":[{"name":"wp","href":"https:\/\/api.w.org\/{rel}","templated":true}]}}