{"id":5838591,"date":"2026-02-17T17:01:32","date_gmt":"2026-02-17T16:01:32","guid":{"rendered":"https:\/\/stoic-curie.212-227-153-4.plesk.page\/product\/carcaca-da-bomba-de-agua-para-motores-mercury-mercruiser-original-46-48746a1\/"},"modified":"2026-02-25T00:29:03","modified_gmt":"2026-02-25T00:29:03","slug":"carcaca-da-bomba-de-agua-para-motores-mercury-mercruiser-original-46-48746a1","status":"publish","type":"product","link":"https:\/\/stoic-curie.212-227-153-4.plesk.page\/pt\/product\/carcaca-da-bomba-de-agua-para-motores-mercury-mercruiser-original-46-48746a1\/","title":{"rendered":"Carca\u00e7a da Bomba de \u00c1gua para Motores Mercury\/Mercruiser Original 46-48746A1"},"content":{"rendered":"<p>Carca\u00e7a da Bomba de \u00c1gua para Motores Mercury\/Mercruiser Original 46-48746A1 &#8211; <\/p>\n<p>Carca\u00e7a da bomba de \u00e1gua projetada especificamente para motores Mercury\/Mercruiser. Pe\u00e7as de reposi\u00e7\u00e3o compat\u00edveis garantem desempenho e confiabilidade ideais.<\/p>\n","protected":false},"excerpt":{"rendered":"<p>Carca\u00e7a da Bomba de \u00c1gua para Motores Mercury\/Mercruiser Original 46-48746A1 &#8211; Carca\u00e7a da bomba de \u00e1gua projetada especificamente para motores<\/p>\n","protected":false},"featured_media":5735956,"comment_status":"open","ping_status":"closed","template":"","meta":[],"product_brand":[3287],"product_cat":[2102,2117],"product_tag":[],"class_list":{"0":"post-5838591","1":"product","2":"type-product","3":"status-publish","4":"has-post-thumbnail","6":"product_brand-quicksilver-pt","7":"product_cat-pecas-para-motores-fora-de-bordo-mercury-e-mariner","8":"product_cat-pecas-para-motores-mercruiser","10":"first","11":"instock","12":"shipping-taxable","13":"purchasable","14":"product-type-simple"},"_links":{"self":[{"href":"https:\/\/stoic-curie.212-227-153-4.plesk.page\/pt\/wp-json\/wp\/v2\/product\/5838591","targetHints":{"allow":["GET"]}}],"collection":[{"href":"https:\/\/stoic-curie.212-227-153-4.plesk.page\/pt\/wp-json\/wp\/v2\/product"}],"about":[{"href":"https:\/\/stoic-curie.212-227-153-4.plesk.page\/pt\/wp-json\/wp\/v2\/types\/product"}],"replies":[{"embeddable":true,"href":"https:\/\/stoic-curie.212-227-153-4.plesk.page\/pt\/wp-json\/wp\/v2\/comments?post=5838591"}],"version-history":[{"count":0,"href":"https:\/\/stoic-curie.212-227-153-4.plesk.page\/pt\/wp-json\/wp\/v2\/product\/5838591\/revisions"}],"wp:featuredmedia":[{"embeddable":true,"href":"https:\/\/stoic-curie.212-227-153-4.plesk.page\/pt\/wp-json\/wp\/v2\/media\/5735956"}],"wp:attachment":[{"href":"https:\/\/stoic-curie.212-227-153-4.plesk.page\/pt\/wp-json\/wp\/v2\/media?parent=5838591"}],"wp:term":[{"taxonomy":"product_brand","embeddable":true,"href":"https:\/\/stoic-curie.212-227-153-4.plesk.page\/pt\/wp-json\/wp\/v2\/product_brand?post=5838591"},{"taxonomy":"product_cat","embeddable":true,"href":"https:\/\/stoic-curie.212-227-153-4.plesk.page\/pt\/wp-json\/wp\/v2\/product_cat?post=5838591"},{"taxonomy":"product_tag","embeddable":true,"href":"https:\/\/stoic-curie.212-227-153-4.plesk.page\/pt\/wp-json\/wp\/v2\/product_tag?post=5838591"}],"curies":[{"name":"wp","href":"https:\/\/api.w.org\/{rel}","templated":true}]}}