{"id":5838597,"date":"2026-02-17T17:01:37","date_gmt":"2026-02-17T16:01:37","guid":{"rendered":"https:\/\/stoic-curie.212-227-153-4.plesk.page\/product\/porca-genuina-para-motores-mercruiser-11-859116\/"},"modified":"2026-02-25T00:29:03","modified_gmt":"2026-02-25T00:29:03","slug":"porca-genuina-para-motores-mercruiser-11-859116","status":"publish","type":"product","link":"https:\/\/stoic-curie.212-227-153-4.plesk.page\/pt\/product\/porca-genuina-para-motores-mercruiser-11-859116\/","title":{"rendered":"Porca genu\u00edna para motores Mercruiser &#8211; 11-859116"},"content":{"rendered":"<p>Porca genu\u00edna para motores Mercruiser &#8211; 11-859116 &#8211; <\/p>\n<p>Esta porca \u00e9 projetada especificamente para motores Mercruiser e \u00e9 compat\u00edvel com os modelos Alpha, Bravo, MAG, 5.7, 6.2, 8.1 e 8.2. Garanta que seu motor funcione sem problemas com pe\u00e7as de reposi\u00e7\u00e3o genu\u00ednas.<\/p>\n","protected":false},"excerpt":{"rendered":"<p>Porca genu\u00edna para motores Mercruiser &#8211; 11-859116 &#8211; Esta porca \u00e9 projetada especificamente para motores Mercruiser e \u00e9 compat\u00edvel com<\/p>\n","protected":false},"featured_media":5836982,"comment_status":"open","ping_status":"closed","template":"","meta":[],"product_brand":[3287],"product_cat":[2117],"product_tag":[],"class_list":{"0":"post-5838597","1":"product","2":"type-product","3":"status-publish","4":"has-post-thumbnail","6":"product_brand-quicksilver-pt","7":"product_cat-pecas-para-motores-mercruiser","9":"first","10":"instock","11":"shipping-taxable","12":"purchasable","13":"product-type-simple"},"_links":{"self":[{"href":"https:\/\/stoic-curie.212-227-153-4.plesk.page\/pt\/wp-json\/wp\/v2\/product\/5838597","targetHints":{"allow":["GET"]}}],"collection":[{"href":"https:\/\/stoic-curie.212-227-153-4.plesk.page\/pt\/wp-json\/wp\/v2\/product"}],"about":[{"href":"https:\/\/stoic-curie.212-227-153-4.plesk.page\/pt\/wp-json\/wp\/v2\/types\/product"}],"replies":[{"embeddable":true,"href":"https:\/\/stoic-curie.212-227-153-4.plesk.page\/pt\/wp-json\/wp\/v2\/comments?post=5838597"}],"version-history":[{"count":0,"href":"https:\/\/stoic-curie.212-227-153-4.plesk.page\/pt\/wp-json\/wp\/v2\/product\/5838597\/revisions"}],"wp:featuredmedia":[{"embeddable":true,"href":"https:\/\/stoic-curie.212-227-153-4.plesk.page\/pt\/wp-json\/wp\/v2\/media\/5836982"}],"wp:attachment":[{"href":"https:\/\/stoic-curie.212-227-153-4.plesk.page\/pt\/wp-json\/wp\/v2\/media?parent=5838597"}],"wp:term":[{"taxonomy":"product_brand","embeddable":true,"href":"https:\/\/stoic-curie.212-227-153-4.plesk.page\/pt\/wp-json\/wp\/v2\/product_brand?post=5838597"},{"taxonomy":"product_cat","embeddable":true,"href":"https:\/\/stoic-curie.212-227-153-4.plesk.page\/pt\/wp-json\/wp\/v2\/product_cat?post=5838597"},{"taxonomy":"product_tag","embeddable":true,"href":"https:\/\/stoic-curie.212-227-153-4.plesk.page\/pt\/wp-json\/wp\/v2\/product_tag?post=5838597"}],"curies":[{"name":"wp","href":"https:\/\/api.w.org\/{rel}","templated":true}]}}