{"id":5838598,"date":"2026-02-17T17:01:37","date_gmt":"2026-02-17T16:01:37","guid":{"rendered":"https:\/\/stoic-curie.212-227-153-4.plesk.page\/product\/conexao-de-oleo-genuina-mercruiser-22-861150t02-para-alpha-one-gen-ii-e-bravo-i-ii-iii\/"},"modified":"2026-02-25T00:29:03","modified_gmt":"2026-02-25T00:29:03","slug":"conexao-de-oleo-genuina-mercruiser-22-861150t02-para-alpha-one-gen-ii-e-bravo-i-ii-iii","status":"publish","type":"product","link":"https:\/\/stoic-curie.212-227-153-4.plesk.page\/pt\/product\/conexao-de-oleo-genuina-mercruiser-22-861150t02-para-alpha-one-gen-ii-e-bravo-i-ii-iii\/","title":{"rendered":"Conex\u00e3o de \u00f3leo genu\u00edna MerCruiser 22-861150T02 para Alpha One Gen II e Bravo I\/II\/III"},"content":{"rendered":"<p>Conex\u00e3o de \u00f3leo genu\u00edna MerCruiser 22-861150T02 para Alpha One Gen II e Bravo I\/II\/III &#8211; <\/p>\n<p>Esta \u00e9 uma conex\u00e3o de \u00f3leo de alta qualidade projetada especificamente para motores MerCruiser. Serve como uma pe\u00e7a de reposi\u00e7\u00e3o compat\u00edvel para melhorar o desempenho do motor.<\/p>\n","protected":false},"excerpt":{"rendered":"<p>Conex\u00e3o de \u00f3leo genu\u00edna MerCruiser 22-861150T02 para Alpha One Gen II e Bravo I\/II\/III &#8211; Esta \u00e9 uma conex\u00e3o de<\/p>\n","protected":false},"featured_media":5836984,"comment_status":"open","ping_status":"closed","template":"","meta":[],"product_brand":[3287],"product_cat":[2117],"product_tag":[],"class_list":{"0":"post-5838598","1":"product","2":"type-product","3":"status-publish","4":"has-post-thumbnail","6":"product_brand-quicksilver-pt","7":"product_cat-pecas-para-motores-mercruiser","9":"first","10":"instock","11":"shipping-taxable","12":"purchasable","13":"product-type-simple"},"_links":{"self":[{"href":"https:\/\/stoic-curie.212-227-153-4.plesk.page\/pt\/wp-json\/wp\/v2\/product\/5838598","targetHints":{"allow":["GET"]}}],"collection":[{"href":"https:\/\/stoic-curie.212-227-153-4.plesk.page\/pt\/wp-json\/wp\/v2\/product"}],"about":[{"href":"https:\/\/stoic-curie.212-227-153-4.plesk.page\/pt\/wp-json\/wp\/v2\/types\/product"}],"replies":[{"embeddable":true,"href":"https:\/\/stoic-curie.212-227-153-4.plesk.page\/pt\/wp-json\/wp\/v2\/comments?post=5838598"}],"version-history":[{"count":0,"href":"https:\/\/stoic-curie.212-227-153-4.plesk.page\/pt\/wp-json\/wp\/v2\/product\/5838598\/revisions"}],"wp:featuredmedia":[{"embeddable":true,"href":"https:\/\/stoic-curie.212-227-153-4.plesk.page\/pt\/wp-json\/wp\/v2\/media\/5836984"}],"wp:attachment":[{"href":"https:\/\/stoic-curie.212-227-153-4.plesk.page\/pt\/wp-json\/wp\/v2\/media?parent=5838598"}],"wp:term":[{"taxonomy":"product_brand","embeddable":true,"href":"https:\/\/stoic-curie.212-227-153-4.plesk.page\/pt\/wp-json\/wp\/v2\/product_brand?post=5838598"},{"taxonomy":"product_cat","embeddable":true,"href":"https:\/\/stoic-curie.212-227-153-4.plesk.page\/pt\/wp-json\/wp\/v2\/product_cat?post=5838598"},{"taxonomy":"product_tag","embeddable":true,"href":"https:\/\/stoic-curie.212-227-153-4.plesk.page\/pt\/wp-json\/wp\/v2\/product_tag?post=5838598"}],"curies":[{"name":"wp","href":"https:\/\/api.w.org\/{rel}","templated":true}]}}