{"id":5838599,"date":"2026-02-17T17:01:38","date_gmt":"2026-02-17T16:01:38","guid":{"rendered":"https:\/\/stoic-curie.212-227-153-4.plesk.page\/product\/adaptador-de-reducao-genuino-para-motores-mercury-22-8m0001721\/"},"modified":"2026-02-25T00:29:03","modified_gmt":"2026-02-25T00:29:03","slug":"adaptador-de-reducao-genuino-para-motores-mercury-22-8m0001721","status":"publish","type":"product","link":"https:\/\/stoic-curie.212-227-153-4.plesk.page\/pt\/product\/adaptador-de-reducao-genuino-para-motores-mercury-22-8m0001721\/","title":{"rendered":"Adaptador de redu\u00e7\u00e3o genu\u00edno para motores Mercury 22-8M0001721"},"content":{"rendered":"<p>Adaptador de redu\u00e7\u00e3o genu\u00edno para motores Mercury 22-8M0001721 &#8211; <\/p>\n<p>Par de adaptadores de redu\u00e7\u00e3o de mangueira para motores Mercury. Esta pe\u00e7a pode substituir a pe\u00e7a de equipamento original (OEM).<\/p>\n","protected":false},"excerpt":{"rendered":"<p>Adaptador de redu\u00e7\u00e3o genu\u00edno para motores Mercury 22-8M0001721 &#8211; Par de adaptadores de redu\u00e7\u00e3o de mangueira para motores Mercury. Esta<\/p>\n","protected":false},"featured_media":5836986,"comment_status":"open","ping_status":"closed","template":"","meta":[],"product_brand":[3287],"product_cat":[2102],"product_tag":[],"class_list":{"0":"post-5838599","1":"product","2":"type-product","3":"status-publish","4":"has-post-thumbnail","6":"product_brand-quicksilver-pt","7":"product_cat-pecas-para-motores-fora-de-bordo-mercury-e-mariner","9":"first","10":"instock","11":"shipping-taxable","12":"purchasable","13":"product-type-simple"},"_links":{"self":[{"href":"https:\/\/stoic-curie.212-227-153-4.plesk.page\/pt\/wp-json\/wp\/v2\/product\/5838599","targetHints":{"allow":["GET"]}}],"collection":[{"href":"https:\/\/stoic-curie.212-227-153-4.plesk.page\/pt\/wp-json\/wp\/v2\/product"}],"about":[{"href":"https:\/\/stoic-curie.212-227-153-4.plesk.page\/pt\/wp-json\/wp\/v2\/types\/product"}],"replies":[{"embeddable":true,"href":"https:\/\/stoic-curie.212-227-153-4.plesk.page\/pt\/wp-json\/wp\/v2\/comments?post=5838599"}],"version-history":[{"count":0,"href":"https:\/\/stoic-curie.212-227-153-4.plesk.page\/pt\/wp-json\/wp\/v2\/product\/5838599\/revisions"}],"wp:featuredmedia":[{"embeddable":true,"href":"https:\/\/stoic-curie.212-227-153-4.plesk.page\/pt\/wp-json\/wp\/v2\/media\/5836986"}],"wp:attachment":[{"href":"https:\/\/stoic-curie.212-227-153-4.plesk.page\/pt\/wp-json\/wp\/v2\/media?parent=5838599"}],"wp:term":[{"taxonomy":"product_brand","embeddable":true,"href":"https:\/\/stoic-curie.212-227-153-4.plesk.page\/pt\/wp-json\/wp\/v2\/product_brand?post=5838599"},{"taxonomy":"product_cat","embeddable":true,"href":"https:\/\/stoic-curie.212-227-153-4.plesk.page\/pt\/wp-json\/wp\/v2\/product_cat?post=5838599"},{"taxonomy":"product_tag","embeddable":true,"href":"https:\/\/stoic-curie.212-227-153-4.plesk.page\/pt\/wp-json\/wp\/v2\/product_tag?post=5838599"}],"curies":[{"name":"wp","href":"https:\/\/api.w.org\/{rel}","templated":true}]}}