{"id":5838603,"date":"2026-02-17T17:01:40","date_gmt":"2026-02-17T16:01:40","guid":{"rendered":"https:\/\/stoic-curie.212-227-153-4.plesk.page\/product\/carcaca-de-termostato-genuina-para-motores-mercruiser-codigo-23-806922\/"},"modified":"2026-02-25T00:29:03","modified_gmt":"2026-02-25T00:29:03","slug":"carcaca-de-termostato-genuina-para-motores-mercruiser-codigo-23-806922","status":"publish","type":"product","link":"https:\/\/stoic-curie.212-227-153-4.plesk.page\/pt\/product\/carcaca-de-termostato-genuina-para-motores-mercruiser-codigo-23-806922\/","title":{"rendered":"Carca\u00e7a de termostato genu\u00edna para motores Mercruiser &#8211; C\u00f3digo 23-806922"},"content":{"rendered":"<p>Carca\u00e7a de termostato genu\u00edna para motores Mercruiser &#8211; C\u00f3digo 23-806922 &#8211; Esta carca\u00e7a de termostato de alta qualidade \u00e9 projetada especificamente para motores Mercruiser, incluindo os modelos 175, 502, 4.3, 5.0, 5.7, 6.2, 7.4, 8.2 e Black Scorpion. Garanta um desempenho \u00f3timo do motor com este componente confi\u00e1vel.<\/p>\n","protected":false},"excerpt":{"rendered":"<p>Carca\u00e7a de termostato genu\u00edna para motores Mercruiser &#8211; C\u00f3digo 23-806922 &#8211; Esta carca\u00e7a de termostato de alta qualidade \u00e9 projetada<\/p>\n","protected":false},"featured_media":5836998,"comment_status":"open","ping_status":"closed","template":"","meta":[],"product_brand":[3287],"product_cat":[2117],"product_tag":[],"class_list":{"0":"post-5838603","1":"product","2":"type-product","3":"status-publish","4":"has-post-thumbnail","6":"product_brand-quicksilver-pt","7":"product_cat-pecas-para-motores-mercruiser","9":"first","10":"instock","11":"shipping-taxable","12":"purchasable","13":"product-type-simple"},"_links":{"self":[{"href":"https:\/\/stoic-curie.212-227-153-4.plesk.page\/pt\/wp-json\/wp\/v2\/product\/5838603","targetHints":{"allow":["GET"]}}],"collection":[{"href":"https:\/\/stoic-curie.212-227-153-4.plesk.page\/pt\/wp-json\/wp\/v2\/product"}],"about":[{"href":"https:\/\/stoic-curie.212-227-153-4.plesk.page\/pt\/wp-json\/wp\/v2\/types\/product"}],"replies":[{"embeddable":true,"href":"https:\/\/stoic-curie.212-227-153-4.plesk.page\/pt\/wp-json\/wp\/v2\/comments?post=5838603"}],"version-history":[{"count":0,"href":"https:\/\/stoic-curie.212-227-153-4.plesk.page\/pt\/wp-json\/wp\/v2\/product\/5838603\/revisions"}],"wp:featuredmedia":[{"embeddable":true,"href":"https:\/\/stoic-curie.212-227-153-4.plesk.page\/pt\/wp-json\/wp\/v2\/media\/5836998"}],"wp:attachment":[{"href":"https:\/\/stoic-curie.212-227-153-4.plesk.page\/pt\/wp-json\/wp\/v2\/media?parent=5838603"}],"wp:term":[{"taxonomy":"product_brand","embeddable":true,"href":"https:\/\/stoic-curie.212-227-153-4.plesk.page\/pt\/wp-json\/wp\/v2\/product_brand?post=5838603"},{"taxonomy":"product_cat","embeddable":true,"href":"https:\/\/stoic-curie.212-227-153-4.plesk.page\/pt\/wp-json\/wp\/v2\/product_cat?post=5838603"},{"taxonomy":"product_tag","embeddable":true,"href":"https:\/\/stoic-curie.212-227-153-4.plesk.page\/pt\/wp-json\/wp\/v2\/product_tag?post=5838603"}],"curies":[{"name":"wp","href":"https:\/\/api.w.org\/{rel}","templated":true}]}}