{"id":5838604,"date":"2026-02-17T17:01:41","date_gmt":"2026-02-17T16:01:41","guid":{"rendered":"https:\/\/stoic-curie.212-227-153-4.plesk.page\/product\/mangueiras-de-agua-originais-para-motores-volvo-penta-3852352\/"},"modified":"2026-02-25T00:29:03","modified_gmt":"2026-02-25T00:29:03","slug":"mangueiras-de-agua-originais-para-motores-volvo-penta-3852352","status":"publish","type":"product","link":"https:\/\/stoic-curie.212-227-153-4.plesk.page\/pt\/product\/mangueiras-de-agua-originais-para-motores-volvo-penta-3852352\/","title":{"rendered":"Mangueiras de \u00c1gua Originais para Motores Volvo Penta 3852352"},"content":{"rendered":"<p>Mangueiras de \u00c1gua Originais para Motores Volvo Penta 3852352 &#8211; <\/p>\n<p>Mangueiras de entrada de \u00e1gua em borracha moldada projetadas para transmiss\u00f5es de motores Volvo Penta. Estas mangueiras v\u00eam com bra\u00e7adeiras de a\u00e7o inoxid\u00e1vel para uma instala\u00e7\u00e3o segura. S\u00e3o pe\u00e7as de reposi\u00e7\u00e3o compat\u00edveis.<\/p>\n","protected":false},"excerpt":{"rendered":"<p>Mangueiras de \u00c1gua Originais para Motores Volvo Penta 3852352 &#8211; Mangueiras de entrada de \u00e1gua em borracha moldada projetadas para<\/p>\n","protected":false},"featured_media":5943754,"comment_status":"open","ping_status":"closed","template":"","meta":[],"product_brand":[3392],"product_cat":[2116],"product_tag":[],"class_list":{"0":"post-5838604","1":"product","2":"type-product","3":"status-publish","4":"has-post-thumbnail","6":"product_brand-sierra-marine-pt","7":"product_cat-pecas-para-motores-volvo-penta","9":"first","10":"instock","11":"shipping-taxable","12":"purchasable","13":"product-type-simple"},"_links":{"self":[{"href":"https:\/\/stoic-curie.212-227-153-4.plesk.page\/pt\/wp-json\/wp\/v2\/product\/5838604","targetHints":{"allow":["GET"]}}],"collection":[{"href":"https:\/\/stoic-curie.212-227-153-4.plesk.page\/pt\/wp-json\/wp\/v2\/product"}],"about":[{"href":"https:\/\/stoic-curie.212-227-153-4.plesk.page\/pt\/wp-json\/wp\/v2\/types\/product"}],"replies":[{"embeddable":true,"href":"https:\/\/stoic-curie.212-227-153-4.plesk.page\/pt\/wp-json\/wp\/v2\/comments?post=5838604"}],"version-history":[{"count":0,"href":"https:\/\/stoic-curie.212-227-153-4.plesk.page\/pt\/wp-json\/wp\/v2\/product\/5838604\/revisions"}],"wp:featuredmedia":[{"embeddable":true,"href":"https:\/\/stoic-curie.212-227-153-4.plesk.page\/pt\/wp-json\/wp\/v2\/media\/5943754"}],"wp:attachment":[{"href":"https:\/\/stoic-curie.212-227-153-4.plesk.page\/pt\/wp-json\/wp\/v2\/media?parent=5838604"}],"wp:term":[{"taxonomy":"product_brand","embeddable":true,"href":"https:\/\/stoic-curie.212-227-153-4.plesk.page\/pt\/wp-json\/wp\/v2\/product_brand?post=5838604"},{"taxonomy":"product_cat","embeddable":true,"href":"https:\/\/stoic-curie.212-227-153-4.plesk.page\/pt\/wp-json\/wp\/v2\/product_cat?post=5838604"},{"taxonomy":"product_tag","embeddable":true,"href":"https:\/\/stoic-curie.212-227-153-4.plesk.page\/pt\/wp-json\/wp\/v2\/product_tag?post=5838604"}],"curies":[{"name":"wp","href":"https:\/\/api.w.org\/{rel}","templated":true}]}}