{"id":5838605,"date":"2026-02-17T17:01:43","date_gmt":"2026-02-17T16:01:43","guid":{"rendered":"https:\/\/stoic-curie.212-227-153-4.plesk.page\/product\/tampao-de-cobertura-genuino-para-compartimento-do-motor-volvo-penta-codigo-861019-motor-kad\/"},"modified":"2026-02-25T00:29:03","modified_gmt":"2026-02-25T00:29:03","slug":"tampao-de-cobertura-genuino-para-compartimento-do-motor-volvo-penta-codigo-861019-motor-kad","status":"publish","type":"product","link":"https:\/\/stoic-curie.212-227-153-4.plesk.page\/pt\/product\/tampao-de-cobertura-genuino-para-compartimento-do-motor-volvo-penta-codigo-861019-motor-kad\/","title":{"rendered":"Tamp\u00e3o de cobertura genu\u00edno para compartimento do motor Volvo Penta &#8211; C\u00f3digo 861019 (Motor KAD)"},"content":{"rendered":"<p>Tamp\u00e3o de cobertura genu\u00edno para compartimento do motor Volvo Penta &#8211; C\u00f3digo 861019 (Motor KAD) &#8211; <\/p>\n<p>Este \u00e9 um tamp\u00e3o de cobertura genu\u00edno para o compartimento do motor Volvo Penta. Serve como uma pe\u00e7a de reposi\u00e7\u00e3o compat\u00edvel.<\/p>\n","protected":false},"excerpt":{"rendered":"<p>Tamp\u00e3o de cobertura genu\u00edno para compartimento do motor Volvo Penta &#8211; C\u00f3digo 861019 (Motor KAD) &#8211; Este \u00e9 um tamp\u00e3o<\/p>\n","protected":false},"featured_media":5837004,"comment_status":"open","ping_status":"closed","template":"","meta":[],"product_brand":[3392],"product_cat":[2116],"product_tag":[],"class_list":{"0":"post-5838605","1":"product","2":"type-product","3":"status-publish","4":"has-post-thumbnail","6":"product_brand-sierra-marine-pt","7":"product_cat-pecas-para-motores-volvo-penta","9":"first","10":"instock","11":"shipping-taxable","12":"purchasable","13":"product-type-simple"},"_links":{"self":[{"href":"https:\/\/stoic-curie.212-227-153-4.plesk.page\/pt\/wp-json\/wp\/v2\/product\/5838605","targetHints":{"allow":["GET"]}}],"collection":[{"href":"https:\/\/stoic-curie.212-227-153-4.plesk.page\/pt\/wp-json\/wp\/v2\/product"}],"about":[{"href":"https:\/\/stoic-curie.212-227-153-4.plesk.page\/pt\/wp-json\/wp\/v2\/types\/product"}],"replies":[{"embeddable":true,"href":"https:\/\/stoic-curie.212-227-153-4.plesk.page\/pt\/wp-json\/wp\/v2\/comments?post=5838605"}],"version-history":[{"count":0,"href":"https:\/\/stoic-curie.212-227-153-4.plesk.page\/pt\/wp-json\/wp\/v2\/product\/5838605\/revisions"}],"wp:featuredmedia":[{"embeddable":true,"href":"https:\/\/stoic-curie.212-227-153-4.plesk.page\/pt\/wp-json\/wp\/v2\/media\/5837004"}],"wp:attachment":[{"href":"https:\/\/stoic-curie.212-227-153-4.plesk.page\/pt\/wp-json\/wp\/v2\/media?parent=5838605"}],"wp:term":[{"taxonomy":"product_brand","embeddable":true,"href":"https:\/\/stoic-curie.212-227-153-4.plesk.page\/pt\/wp-json\/wp\/v2\/product_brand?post=5838605"},{"taxonomy":"product_cat","embeddable":true,"href":"https:\/\/stoic-curie.212-227-153-4.plesk.page\/pt\/wp-json\/wp\/v2\/product_cat?post=5838605"},{"taxonomy":"product_tag","embeddable":true,"href":"https:\/\/stoic-curie.212-227-153-4.plesk.page\/pt\/wp-json\/wp\/v2\/product_tag?post=5838605"}],"curies":[{"name":"wp","href":"https:\/\/api.w.org\/{rel}","templated":true}]}}