{"id":5838607,"date":"2026-02-17T17:01:45","date_gmt":"2026-02-17T16:01:45","guid":{"rendered":"https:\/\/stoic-curie.212-227-153-4.plesk.page\/product\/amortecedor-de-bomba-original-para-motores-volvo-penta-858467\/"},"modified":"2026-02-25T00:29:03","modified_gmt":"2026-02-25T00:29:03","slug":"amortecedor-de-bomba-original-para-motores-volvo-penta-858467","status":"publish","type":"product","link":"https:\/\/stoic-curie.212-227-153-4.plesk.page\/pt\/product\/amortecedor-de-bomba-original-para-motores-volvo-penta-858467\/","title":{"rendered":"Amortecedor de Bomba Original para Motores Volvo Penta 858467"},"content":{"rendered":"<p>Amortecedor de Bomba Original para Motores Volvo Penta 858467 &#8211; <\/p>\n<p>Amortecedor de bomba de \u00e1gua especificamente projetado para motores Volvo Penta.<br \/>Pe\u00e7a de reposi\u00e7\u00e3o compat\u00edvel para um desempenho aprimorado.<\/p>\n","protected":false},"excerpt":{"rendered":"<p>Amortecedor de Bomba Original para Motores Volvo Penta 858467 &#8211; Amortecedor de bomba de \u00e1gua especificamente projetado para motores Volvo<\/p>\n","protected":false},"featured_media":5837008,"comment_status":"open","ping_status":"closed","template":"","meta":[],"product_brand":[3392],"product_cat":[2116],"product_tag":[],"class_list":{"0":"post-5838607","1":"product","2":"type-product","3":"status-publish","4":"has-post-thumbnail","6":"product_brand-sierra-marine-pt","7":"product_cat-pecas-para-motores-volvo-penta","9":"first","10":"instock","11":"shipping-taxable","12":"purchasable","13":"product-type-simple"},"_links":{"self":[{"href":"https:\/\/stoic-curie.212-227-153-4.plesk.page\/pt\/wp-json\/wp\/v2\/product\/5838607","targetHints":{"allow":["GET"]}}],"collection":[{"href":"https:\/\/stoic-curie.212-227-153-4.plesk.page\/pt\/wp-json\/wp\/v2\/product"}],"about":[{"href":"https:\/\/stoic-curie.212-227-153-4.plesk.page\/pt\/wp-json\/wp\/v2\/types\/product"}],"replies":[{"embeddable":true,"href":"https:\/\/stoic-curie.212-227-153-4.plesk.page\/pt\/wp-json\/wp\/v2\/comments?post=5838607"}],"version-history":[{"count":0,"href":"https:\/\/stoic-curie.212-227-153-4.plesk.page\/pt\/wp-json\/wp\/v2\/product\/5838607\/revisions"}],"wp:featuredmedia":[{"embeddable":true,"href":"https:\/\/stoic-curie.212-227-153-4.plesk.page\/pt\/wp-json\/wp\/v2\/media\/5837008"}],"wp:attachment":[{"href":"https:\/\/stoic-curie.212-227-153-4.plesk.page\/pt\/wp-json\/wp\/v2\/media?parent=5838607"}],"wp:term":[{"taxonomy":"product_brand","embeddable":true,"href":"https:\/\/stoic-curie.212-227-153-4.plesk.page\/pt\/wp-json\/wp\/v2\/product_brand?post=5838607"},{"taxonomy":"product_cat","embeddable":true,"href":"https:\/\/stoic-curie.212-227-153-4.plesk.page\/pt\/wp-json\/wp\/v2\/product_cat?post=5838607"},{"taxonomy":"product_tag","embeddable":true,"href":"https:\/\/stoic-curie.212-227-153-4.plesk.page\/pt\/wp-json\/wp\/v2\/product_tag?post=5838607"}],"curies":[{"name":"wp","href":"https:\/\/api.w.org\/{rel}","templated":true}]}}