{"id":5838608,"date":"2026-02-17T17:01:45","date_gmt":"2026-02-17T16:01:45","guid":{"rendered":"https:\/\/stoic-curie.212-227-153-4.plesk.page\/product\/o-ring-saildrive-original-para-motores-volvo-penta-codigo-925256\/"},"modified":"2026-02-25T00:29:03","modified_gmt":"2026-02-25T00:29:03","slug":"o-ring-saildrive-original-para-motores-volvo-penta-codigo-925256","status":"publish","type":"product","link":"https:\/\/stoic-curie.212-227-153-4.plesk.page\/pt\/product\/o-ring-saildrive-original-para-motores-volvo-penta-codigo-925256\/","title":{"rendered":"O-Ring Saildrive Original para Motores Volvo Penta &#8211; C\u00f3digo 925256"},"content":{"rendered":"<p>O-Ring Saildrive Original para Motores Volvo Penta &#8211; C\u00f3digo 925256 &#8211; Este O-ring Saildrive original \u00e9 projetado especificamente para motores Volvo Penta com o c\u00f3digo 925256. Garante um ajuste perfeito e desempenho ideal.<\/p>\n","protected":false},"excerpt":{"rendered":"<p>O-Ring Saildrive Original para Motores Volvo Penta &#8211; C\u00f3digo 925256 &#8211; Este O-ring Saildrive original \u00e9 projetado especificamente para motores<\/p>\n","protected":false},"featured_media":5837010,"comment_status":"open","ping_status":"closed","template":"","meta":[],"product_brand":[3392],"product_cat":[2116],"product_tag":[],"class_list":{"0":"post-5838608","1":"product","2":"type-product","3":"status-publish","4":"has-post-thumbnail","6":"product_brand-sierra-marine-pt","7":"product_cat-pecas-para-motores-volvo-penta","9":"first","10":"instock","11":"shipping-taxable","12":"purchasable","13":"product-type-simple"},"_links":{"self":[{"href":"https:\/\/stoic-curie.212-227-153-4.plesk.page\/pt\/wp-json\/wp\/v2\/product\/5838608","targetHints":{"allow":["GET"]}}],"collection":[{"href":"https:\/\/stoic-curie.212-227-153-4.plesk.page\/pt\/wp-json\/wp\/v2\/product"}],"about":[{"href":"https:\/\/stoic-curie.212-227-153-4.plesk.page\/pt\/wp-json\/wp\/v2\/types\/product"}],"replies":[{"embeddable":true,"href":"https:\/\/stoic-curie.212-227-153-4.plesk.page\/pt\/wp-json\/wp\/v2\/comments?post=5838608"}],"version-history":[{"count":0,"href":"https:\/\/stoic-curie.212-227-153-4.plesk.page\/pt\/wp-json\/wp\/v2\/product\/5838608\/revisions"}],"wp:featuredmedia":[{"embeddable":true,"href":"https:\/\/stoic-curie.212-227-153-4.plesk.page\/pt\/wp-json\/wp\/v2\/media\/5837010"}],"wp:attachment":[{"href":"https:\/\/stoic-curie.212-227-153-4.plesk.page\/pt\/wp-json\/wp\/v2\/media?parent=5838608"}],"wp:term":[{"taxonomy":"product_brand","embeddable":true,"href":"https:\/\/stoic-curie.212-227-153-4.plesk.page\/pt\/wp-json\/wp\/v2\/product_brand?post=5838608"},{"taxonomy":"product_cat","embeddable":true,"href":"https:\/\/stoic-curie.212-227-153-4.plesk.page\/pt\/wp-json\/wp\/v2\/product_cat?post=5838608"},{"taxonomy":"product_tag","embeddable":true,"href":"https:\/\/stoic-curie.212-227-153-4.plesk.page\/pt\/wp-json\/wp\/v2\/product_tag?post=5838608"}],"curies":[{"name":"wp","href":"https:\/\/api.w.org\/{rel}","templated":true}]}}