{"id":5838611,"date":"2026-02-17T17:01:49","date_gmt":"2026-02-17T16:01:49","guid":{"rendered":"https:\/\/stoic-curie.212-227-153-4.plesk.page\/product\/gaxetas-de-vedacao-do-eixo-da-bomba-de-agua-para-motores-volvo-penta-original-827247-codigo-ad-kad-md-tmd\/"},"modified":"2026-02-25T00:29:03","modified_gmt":"2026-02-25T00:29:03","slug":"gaxetas-de-vedacao-do-eixo-da-bomba-de-agua-para-motores-volvo-penta-original-827247-codigo-ad-kad-md-tmd","status":"publish","type":"product","link":"https:\/\/stoic-curie.212-227-153-4.plesk.page\/pt\/product\/gaxetas-de-vedacao-do-eixo-da-bomba-de-agua-para-motores-volvo-penta-original-827247-codigo-ad-kad-md-tmd\/","title":{"rendered":"Gaxetas de veda\u00e7\u00e3o do eixo da bomba de \u00e1gua para motores Volvo Penta &#8211; Original 827247 C\u00f3digo (AD\/KAD\/MD\/TMD)"},"content":{"rendered":"<p>Gaxetas de veda\u00e7\u00e3o do eixo da bomba de \u00e1gua para motores Volvo Penta &#8211; Original 827247 C\u00f3digo (AD\/KAD\/MD\/TMD) &#8211; <\/p>\n<p>Gaxetas de veda\u00e7\u00e3o do eixo da bomba de \u00e1gua de alta qualidade, projetadas especificamente para motores Volvo Penta.<\/p>\n","protected":false},"excerpt":{"rendered":"<p>Gaxetas de veda\u00e7\u00e3o do eixo da bomba de \u00e1gua para motores Volvo Penta &#8211; Original 827247 C\u00f3digo (AD\/KAD\/MD\/TMD) &#8211; Gaxetas<\/p>\n","protected":false},"featured_media":5837016,"comment_status":"open","ping_status":"closed","template":"","meta":[],"product_brand":[3392],"product_cat":[2116],"product_tag":[],"class_list":{"0":"post-5838611","1":"product","2":"type-product","3":"status-publish","4":"has-post-thumbnail","6":"product_brand-sierra-marine-pt","7":"product_cat-pecas-para-motores-volvo-penta","9":"first","10":"instock","11":"shipping-taxable","12":"purchasable","13":"product-type-simple"},"_links":{"self":[{"href":"https:\/\/stoic-curie.212-227-153-4.plesk.page\/pt\/wp-json\/wp\/v2\/product\/5838611","targetHints":{"allow":["GET"]}}],"collection":[{"href":"https:\/\/stoic-curie.212-227-153-4.plesk.page\/pt\/wp-json\/wp\/v2\/product"}],"about":[{"href":"https:\/\/stoic-curie.212-227-153-4.plesk.page\/pt\/wp-json\/wp\/v2\/types\/product"}],"replies":[{"embeddable":true,"href":"https:\/\/stoic-curie.212-227-153-4.plesk.page\/pt\/wp-json\/wp\/v2\/comments?post=5838611"}],"version-history":[{"count":0,"href":"https:\/\/stoic-curie.212-227-153-4.plesk.page\/pt\/wp-json\/wp\/v2\/product\/5838611\/revisions"}],"wp:featuredmedia":[{"embeddable":true,"href":"https:\/\/stoic-curie.212-227-153-4.plesk.page\/pt\/wp-json\/wp\/v2\/media\/5837016"}],"wp:attachment":[{"href":"https:\/\/stoic-curie.212-227-153-4.plesk.page\/pt\/wp-json\/wp\/v2\/media?parent=5838611"}],"wp:term":[{"taxonomy":"product_brand","embeddable":true,"href":"https:\/\/stoic-curie.212-227-153-4.plesk.page\/pt\/wp-json\/wp\/v2\/product_brand?post=5838611"},{"taxonomy":"product_cat","embeddable":true,"href":"https:\/\/stoic-curie.212-227-153-4.plesk.page\/pt\/wp-json\/wp\/v2\/product_cat?post=5838611"},{"taxonomy":"product_tag","embeddable":true,"href":"https:\/\/stoic-curie.212-227-153-4.plesk.page\/pt\/wp-json\/wp\/v2\/product_tag?post=5838611"}],"curies":[{"name":"wp","href":"https:\/\/api.w.org\/{rel}","templated":true}]}}