{"id":5838612,"date":"2026-02-17T17:01:49","date_gmt":"2026-02-17T16:01:49","guid":{"rendered":"https:\/\/stoic-curie.212-227-153-4.plesk.page\/product\/juntas-de-selagem-de-eixo-da-bomba-de-agua-genuinas-para-motores-volvo-penta-codigo-833996\/"},"modified":"2026-02-25T00:29:03","modified_gmt":"2026-02-25T00:29:03","slug":"juntas-de-selagem-de-eixo-da-bomba-de-agua-genuinas-para-motores-volvo-penta-codigo-833996","status":"publish","type":"product","link":"https:\/\/stoic-curie.212-227-153-4.plesk.page\/pt\/product\/juntas-de-selagem-de-eixo-da-bomba-de-agua-genuinas-para-motores-volvo-penta-codigo-833996\/","title":{"rendered":"Juntas de Selagem de Eixo da Bomba de \u00c1gua Genu\u00ednas para Motores Volvo Penta &#8211; C\u00f3digo 833996"},"content":{"rendered":"<p>Juntas de Selagem de Eixo da Bomba de \u00c1gua Genu\u00ednas para Motores Volvo Penta &#8211; C\u00f3digo 833996 &#8211; <\/p>\n<p>Juntas de selagem de eixo da bomba de \u00e1gua genu\u00ednas, especificamente projetadas para motores Volvo Penta.<\/p>\n","protected":false},"excerpt":{"rendered":"<p>Juntas de Selagem de Eixo da Bomba de \u00c1gua Genu\u00ednas para Motores Volvo Penta &#8211; C\u00f3digo 833996 &#8211; Juntas de<\/p>\n","protected":false},"featured_media":5837016,"comment_status":"open","ping_status":"closed","template":"","meta":[],"product_brand":[3392],"product_cat":[2116],"product_tag":[],"class_list":{"0":"post-5838612","1":"product","2":"type-product","3":"status-publish","4":"has-post-thumbnail","6":"product_brand-sierra-marine-pt","7":"product_cat-pecas-para-motores-volvo-penta","9":"first","10":"instock","11":"shipping-taxable","12":"purchasable","13":"product-type-simple"},"_links":{"self":[{"href":"https:\/\/stoic-curie.212-227-153-4.plesk.page\/pt\/wp-json\/wp\/v2\/product\/5838612","targetHints":{"allow":["GET"]}}],"collection":[{"href":"https:\/\/stoic-curie.212-227-153-4.plesk.page\/pt\/wp-json\/wp\/v2\/product"}],"about":[{"href":"https:\/\/stoic-curie.212-227-153-4.plesk.page\/pt\/wp-json\/wp\/v2\/types\/product"}],"replies":[{"embeddable":true,"href":"https:\/\/stoic-curie.212-227-153-4.plesk.page\/pt\/wp-json\/wp\/v2\/comments?post=5838612"}],"version-history":[{"count":0,"href":"https:\/\/stoic-curie.212-227-153-4.plesk.page\/pt\/wp-json\/wp\/v2\/product\/5838612\/revisions"}],"wp:featuredmedia":[{"embeddable":true,"href":"https:\/\/stoic-curie.212-227-153-4.plesk.page\/pt\/wp-json\/wp\/v2\/media\/5837016"}],"wp:attachment":[{"href":"https:\/\/stoic-curie.212-227-153-4.plesk.page\/pt\/wp-json\/wp\/v2\/media?parent=5838612"}],"wp:term":[{"taxonomy":"product_brand","embeddable":true,"href":"https:\/\/stoic-curie.212-227-153-4.plesk.page\/pt\/wp-json\/wp\/v2\/product_brand?post=5838612"},{"taxonomy":"product_cat","embeddable":true,"href":"https:\/\/stoic-curie.212-227-153-4.plesk.page\/pt\/wp-json\/wp\/v2\/product_cat?post=5838612"},{"taxonomy":"product_tag","embeddable":true,"href":"https:\/\/stoic-curie.212-227-153-4.plesk.page\/pt\/wp-json\/wp\/v2\/product_tag?post=5838612"}],"curies":[{"name":"wp","href":"https:\/\/api.w.org\/{rel}","templated":true}]}}