{"id":5838614,"date":"2026-02-17T17:01:51","date_gmt":"2026-02-17T16:01:51","guid":{"rendered":"https:\/\/stoic-curie.212-227-153-4.plesk.page\/product\/gaxetas-de-eixo-caixa-de-engrenagens-para-motores-volvo-penta-genuinos-3593663-codigo-motor-120-130-150-2001-md\/"},"modified":"2026-02-25T00:29:03","modified_gmt":"2026-02-25T00:29:03","slug":"gaxetas-de-eixo-caixa-de-engrenagens-para-motores-volvo-penta-genuinos-3593663-codigo-motor-120-130-150-2001-md","status":"publish","type":"product","link":"https:\/\/stoic-curie.212-227-153-4.plesk.page\/pt\/product\/gaxetas-de-eixo-caixa-de-engrenagens-para-motores-volvo-penta-genuinos-3593663-codigo-motor-120-130-150-2001-md\/","title":{"rendered":"Gaxetas de eixo\/caixa de engrenagens para motores Volvo Penta genu\u00ednos 3593663 c\u00f3digo motor 120\/130\/150\/2001\/MD"},"content":{"rendered":"<p>Gaxetas de eixo\/caixa de engrenagens para motores Volvo Penta genu\u00ednos 3593663 c\u00f3digo motor 120\/130\/150\/2001\/MD &#8211; <\/p>\n<p>Gaxetas de eixo e de caixa de engrenagens para motores de eixo de h\u00e9lice Volvo Penta. Pe\u00e7as de reposi\u00e7\u00e3o compat\u00edveis.<\/p>\n","protected":false},"excerpt":{"rendered":"<p>Gaxetas de eixo\/caixa de engrenagens para motores Volvo Penta genu\u00ednos 3593663 c\u00f3digo motor 120\/130\/150\/2001\/MD &#8211; Gaxetas de eixo e de<\/p>\n","protected":false},"featured_media":5837028,"comment_status":"open","ping_status":"closed","template":"","meta":[],"product_brand":[3392],"product_cat":[2116],"product_tag":[],"class_list":{"0":"post-5838614","1":"product","2":"type-product","3":"status-publish","4":"has-post-thumbnail","6":"product_brand-sierra-marine-pt","7":"product_cat-pecas-para-motores-volvo-penta","9":"first","10":"instock","11":"shipping-taxable","12":"purchasable","13":"product-type-simple"},"_links":{"self":[{"href":"https:\/\/stoic-curie.212-227-153-4.plesk.page\/pt\/wp-json\/wp\/v2\/product\/5838614","targetHints":{"allow":["GET"]}}],"collection":[{"href":"https:\/\/stoic-curie.212-227-153-4.plesk.page\/pt\/wp-json\/wp\/v2\/product"}],"about":[{"href":"https:\/\/stoic-curie.212-227-153-4.plesk.page\/pt\/wp-json\/wp\/v2\/types\/product"}],"replies":[{"embeddable":true,"href":"https:\/\/stoic-curie.212-227-153-4.plesk.page\/pt\/wp-json\/wp\/v2\/comments?post=5838614"}],"version-history":[{"count":0,"href":"https:\/\/stoic-curie.212-227-153-4.plesk.page\/pt\/wp-json\/wp\/v2\/product\/5838614\/revisions"}],"wp:featuredmedia":[{"embeddable":true,"href":"https:\/\/stoic-curie.212-227-153-4.plesk.page\/pt\/wp-json\/wp\/v2\/media\/5837028"}],"wp:attachment":[{"href":"https:\/\/stoic-curie.212-227-153-4.plesk.page\/pt\/wp-json\/wp\/v2\/media?parent=5838614"}],"wp:term":[{"taxonomy":"product_brand","embeddable":true,"href":"https:\/\/stoic-curie.212-227-153-4.plesk.page\/pt\/wp-json\/wp\/v2\/product_brand?post=5838614"},{"taxonomy":"product_cat","embeddable":true,"href":"https:\/\/stoic-curie.212-227-153-4.plesk.page\/pt\/wp-json\/wp\/v2\/product_cat?post=5838614"},{"taxonomy":"product_tag","embeddable":true,"href":"https:\/\/stoic-curie.212-227-153-4.plesk.page\/pt\/wp-json\/wp\/v2\/product_tag?post=5838614"}],"curies":[{"name":"wp","href":"https:\/\/api.w.org\/{rel}","templated":true}]}}