{"id":5838616,"date":"2026-02-17T17:01:52","date_gmt":"2026-02-17T16:01:52","guid":{"rendered":"https:\/\/stoic-curie.212-227-153-4.plesk.page\/product\/filtro-de-diesel-sacs-para-motores-volvo-penta-original-861477-8\/"},"modified":"2026-02-25T00:29:03","modified_gmt":"2026-02-25T00:29:03","slug":"filtro-de-diesel-sacs-para-motores-volvo-penta-original-861477-8","status":"publish","type":"product","link":"https:\/\/stoic-curie.212-227-153-4.plesk.page\/pt\/product\/filtro-de-diesel-sacs-para-motores-volvo-penta-original-861477-8\/","title":{"rendered":"Filtro de Diesel Sacs para Motores Volvo Penta Original 861477-8"},"content":{"rendered":"<p>Filtro de Diesel Sacs para Motores Volvo Penta Original 861477-8 &#8211; <\/p>\n<p>Filtros de diesel Sacs para motores Volvo Penta<br \/>Pe\u00e7as de reposi\u00e7\u00e3o compat\u00edveis. Dimens\u00f5es: 4121404 dia 75xH92 mm para motores:<br \/>MD2010\/2020\/2030\/2040<br \/>D2 50\/55\/75<br \/>D1 13\/20\/30\/40<\/p>\n","protected":false},"excerpt":{"rendered":"<p>Filtro de Diesel Sacs para Motores Volvo Penta Original 861477-8 &#8211; Filtros de diesel Sacs para motores Volvo PentaPe\u00e7as de<\/p>\n","protected":false},"featured_media":5837043,"comment_status":"open","ping_status":"closed","template":"","meta":[],"product_brand":[3392],"product_cat":[2116],"product_tag":[],"class_list":{"0":"post-5838616","1":"product","2":"type-product","3":"status-publish","4":"has-post-thumbnail","6":"product_brand-sierra-marine-pt","7":"product_cat-pecas-para-motores-volvo-penta","9":"first","10":"instock","11":"shipping-taxable","12":"purchasable","13":"product-type-simple"},"_links":{"self":[{"href":"https:\/\/stoic-curie.212-227-153-4.plesk.page\/pt\/wp-json\/wp\/v2\/product\/5838616","targetHints":{"allow":["GET"]}}],"collection":[{"href":"https:\/\/stoic-curie.212-227-153-4.plesk.page\/pt\/wp-json\/wp\/v2\/product"}],"about":[{"href":"https:\/\/stoic-curie.212-227-153-4.plesk.page\/pt\/wp-json\/wp\/v2\/types\/product"}],"replies":[{"embeddable":true,"href":"https:\/\/stoic-curie.212-227-153-4.plesk.page\/pt\/wp-json\/wp\/v2\/comments?post=5838616"}],"version-history":[{"count":0,"href":"https:\/\/stoic-curie.212-227-153-4.plesk.page\/pt\/wp-json\/wp\/v2\/product\/5838616\/revisions"}],"wp:featuredmedia":[{"embeddable":true,"href":"https:\/\/stoic-curie.212-227-153-4.plesk.page\/pt\/wp-json\/wp\/v2\/media\/5837043"}],"wp:attachment":[{"href":"https:\/\/stoic-curie.212-227-153-4.plesk.page\/pt\/wp-json\/wp\/v2\/media?parent=5838616"}],"wp:term":[{"taxonomy":"product_brand","embeddable":true,"href":"https:\/\/stoic-curie.212-227-153-4.plesk.page\/pt\/wp-json\/wp\/v2\/product_brand?post=5838616"},{"taxonomy":"product_cat","embeddable":true,"href":"https:\/\/stoic-curie.212-227-153-4.plesk.page\/pt\/wp-json\/wp\/v2\/product_cat?post=5838616"},{"taxonomy":"product_tag","embeddable":true,"href":"https:\/\/stoic-curie.212-227-153-4.plesk.page\/pt\/wp-json\/wp\/v2\/product_tag?post=5838616"}],"curies":[{"name":"wp","href":"https:\/\/api.w.org\/{rel}","templated":true}]}}