{"id":5838618,"date":"2026-02-17T17:01:53","date_gmt":"2026-02-17T16:01:53","guid":{"rendered":"https:\/\/stoic-curie.212-227-153-4.plesk.page\/product\/filtro-diesel-sacs-para-motores-volvo-penta-original-21492771-codigo\/"},"modified":"2026-02-25T00:29:03","modified_gmt":"2026-02-25T00:29:03","slug":"filtro-diesel-sacs-para-motores-volvo-penta-original-21492771-codigo","status":"publish","type":"product","link":"https:\/\/stoic-curie.212-227-153-4.plesk.page\/pt\/product\/filtro-diesel-sacs-para-motores-volvo-penta-original-21492771-codigo\/","title":{"rendered":"Filtro Diesel Sacs para Motores Volvo Penta Original 21492771 C\u00f3digo"},"content":{"rendered":"<p>Filtro Diesel Sacs para Motores Volvo Penta Original 21492771 C\u00f3digo &#8211; <\/p>\n<p>Filtros a diesel Sacs para motores Volvo Penta.<br \/>Pe\u00e7as de reposi\u00e7\u00e3o compat\u00edveis. 4121404 di\u00e2metro 75xH92 mm para motores:<br \/>MD2010\/2020\/2030\/2040<br \/>D2 50\/55\/75<br \/>D1 13\/20\/30\/40<\/p>\n","protected":false},"excerpt":{"rendered":"<p>Filtro Diesel Sacs para Motores Volvo Penta Original 21492771 C\u00f3digo &#8211; Filtros a diesel Sacs para motores Volvo Penta.Pe\u00e7as de<\/p>\n","protected":false},"featured_media":5837043,"comment_status":"open","ping_status":"closed","template":"","meta":[],"product_brand":[3392],"product_cat":[2116],"product_tag":[],"class_list":{"0":"post-5838618","1":"product","2":"type-product","3":"status-publish","4":"has-post-thumbnail","6":"product_brand-sierra-marine-pt","7":"product_cat-pecas-para-motores-volvo-penta","9":"first","10":"instock","11":"shipping-taxable","12":"purchasable","13":"product-type-simple"},"_links":{"self":[{"href":"https:\/\/stoic-curie.212-227-153-4.plesk.page\/pt\/wp-json\/wp\/v2\/product\/5838618","targetHints":{"allow":["GET"]}}],"collection":[{"href":"https:\/\/stoic-curie.212-227-153-4.plesk.page\/pt\/wp-json\/wp\/v2\/product"}],"about":[{"href":"https:\/\/stoic-curie.212-227-153-4.plesk.page\/pt\/wp-json\/wp\/v2\/types\/product"}],"replies":[{"embeddable":true,"href":"https:\/\/stoic-curie.212-227-153-4.plesk.page\/pt\/wp-json\/wp\/v2\/comments?post=5838618"}],"version-history":[{"count":0,"href":"https:\/\/stoic-curie.212-227-153-4.plesk.page\/pt\/wp-json\/wp\/v2\/product\/5838618\/revisions"}],"wp:featuredmedia":[{"embeddable":true,"href":"https:\/\/stoic-curie.212-227-153-4.plesk.page\/pt\/wp-json\/wp\/v2\/media\/5837043"}],"wp:attachment":[{"href":"https:\/\/stoic-curie.212-227-153-4.plesk.page\/pt\/wp-json\/wp\/v2\/media?parent=5838618"}],"wp:term":[{"taxonomy":"product_brand","embeddable":true,"href":"https:\/\/stoic-curie.212-227-153-4.plesk.page\/pt\/wp-json\/wp\/v2\/product_brand?post=5838618"},{"taxonomy":"product_cat","embeddable":true,"href":"https:\/\/stoic-curie.212-227-153-4.plesk.page\/pt\/wp-json\/wp\/v2\/product_cat?post=5838618"},{"taxonomy":"product_tag","embeddable":true,"href":"https:\/\/stoic-curie.212-227-153-4.plesk.page\/pt\/wp-json\/wp\/v2\/product_tag?post=5838618"}],"curies":[{"name":"wp","href":"https:\/\/api.w.org\/{rel}","templated":true}]}}