{"id":5838620,"date":"2026-02-17T17:01:55","date_gmt":"2026-02-17T16:01:55","guid":{"rendered":"https:\/\/stoic-curie.212-227-153-4.plesk.page\/product\/filtro-de-oleo-sacs-para-motores-volvo-penta-genuino-22057107-ref-motor-md-2001-2002-2003\/"},"modified":"2026-02-25T00:29:03","modified_gmt":"2026-02-25T00:29:03","slug":"filtro-de-oleo-sacs-para-motores-volvo-penta-genuino-22057107-ref-motor-md-2001-2002-2003","status":"publish","type":"product","link":"https:\/\/stoic-curie.212-227-153-4.plesk.page\/pt\/product\/filtro-de-oleo-sacs-para-motores-volvo-penta-genuino-22057107-ref-motor-md-2001-2002-2003\/","title":{"rendered":"Filtro de \u00f3leo Sacs para motores Volvo Penta genu\u00edno 22057107 ref motor MD\/2001\/2002\/2003"},"content":{"rendered":"<p>Filtro de \u00f3leo Sacs para motores Volvo Penta genu\u00edno 22057107 ref motor MD\/2001\/2002\/2003 &#8211; <\/p>\n<p>Filtros de \u00f3leo Sacs projetados especificamente para motores Volvo Penta. Estas s\u00e3o pe\u00e7as de reposi\u00e7\u00e3o compat\u00edveis, que garantem desempenho e confiabilidade ideais para o seu motor.<\/p>\n","protected":false},"excerpt":{"rendered":"<p>Filtro de \u00f3leo Sacs para motores Volvo Penta genu\u00edno 22057107 ref motor MD\/2001\/2002\/2003 &#8211; Filtros de \u00f3leo Sacs projetados especificamente<\/p>\n","protected":false},"featured_media":5837056,"comment_status":"open","ping_status":"closed","template":"","meta":[],"product_brand":[3392],"product_cat":[2116],"product_tag":[],"class_list":{"0":"post-5838620","1":"product","2":"type-product","3":"status-publish","4":"has-post-thumbnail","6":"product_brand-sierra-marine-pt","7":"product_cat-pecas-para-motores-volvo-penta","9":"first","10":"instock","11":"shipping-taxable","12":"purchasable","13":"product-type-simple"},"_links":{"self":[{"href":"https:\/\/stoic-curie.212-227-153-4.plesk.page\/pt\/wp-json\/wp\/v2\/product\/5838620","targetHints":{"allow":["GET"]}}],"collection":[{"href":"https:\/\/stoic-curie.212-227-153-4.plesk.page\/pt\/wp-json\/wp\/v2\/product"}],"about":[{"href":"https:\/\/stoic-curie.212-227-153-4.plesk.page\/pt\/wp-json\/wp\/v2\/types\/product"}],"replies":[{"embeddable":true,"href":"https:\/\/stoic-curie.212-227-153-4.plesk.page\/pt\/wp-json\/wp\/v2\/comments?post=5838620"}],"version-history":[{"count":0,"href":"https:\/\/stoic-curie.212-227-153-4.plesk.page\/pt\/wp-json\/wp\/v2\/product\/5838620\/revisions"}],"wp:featuredmedia":[{"embeddable":true,"href":"https:\/\/stoic-curie.212-227-153-4.plesk.page\/pt\/wp-json\/wp\/v2\/media\/5837056"}],"wp:attachment":[{"href":"https:\/\/stoic-curie.212-227-153-4.plesk.page\/pt\/wp-json\/wp\/v2\/media?parent=5838620"}],"wp:term":[{"taxonomy":"product_brand","embeddable":true,"href":"https:\/\/stoic-curie.212-227-153-4.plesk.page\/pt\/wp-json\/wp\/v2\/product_brand?post=5838620"},{"taxonomy":"product_cat","embeddable":true,"href":"https:\/\/stoic-curie.212-227-153-4.plesk.page\/pt\/wp-json\/wp\/v2\/product_cat?post=5838620"},{"taxonomy":"product_tag","embeddable":true,"href":"https:\/\/stoic-curie.212-227-153-4.plesk.page\/pt\/wp-json\/wp\/v2\/product_tag?post=5838620"}],"curies":[{"name":"wp","href":"https:\/\/api.w.org\/{rel}","templated":true}]}}