{"id":5838634,"date":"2026-02-17T17:02:09","date_gmt":"2026-02-17T16:02:09","guid":{"rendered":"https:\/\/stoic-curie.212-227-153-4.plesk.page\/product\/filtros-de-oleo-sacs-para-motores-yanmar-original-119305-35151\/"},"modified":"2026-02-25T00:29:03","modified_gmt":"2026-02-25T00:29:03","slug":"filtros-de-oleo-sacs-para-motores-yanmar-original-119305-35151","status":"publish","type":"product","link":"https:\/\/stoic-curie.212-227-153-4.plesk.page\/pt\/product\/filtros-de-oleo-sacs-para-motores-yanmar-original-119305-35151\/","title":{"rendered":"Filtros de \u00d3leo Sacs para Motores Yanmar &#8211; Original 119305-35151"},"content":{"rendered":"<p>Filtros de \u00d3leo Sacs para Motores Yanmar &#8211; Original 119305-35151 &#8211; <\/p>\n<p>Filtros de \u00f3leo Sacs projetados especificamente para motores Yanmar. Pe\u00e7as de reposi\u00e7\u00e3o compat\u00edveis.<\/p>\n<p>4121455 di\u00e2metro 67xH66 mm para motores: 1GM\/10\/2GM20\/20F\/20YEU\/20FYEU 3GM30\/30YEU\/30F\/30FYEU 3JH2E\/2TE\/4E\/5E\/2YM15 3YM20\/30\/D27<\/p>\n<p>4121445 di\u00e2metro 85xH82 mm para motores: 4JHE\/2E\/2TE\/2HTE\/2DTE\/2UTE 4JH3E\/3TE\/3HTE\/3DTE\/BG3\/D36 4JH4AE\/4E\/5E\/4TE\/4HTE 4JH45CR\/57CR\/80CR\/110CR<\/p>\n","protected":false},"excerpt":{"rendered":"<p>Filtros de \u00d3leo Sacs para Motores Yanmar &#8211; Original 119305-35151 &#8211; Filtros de \u00f3leo Sacs projetados especificamente para motores Yanmar.<\/p>\n","protected":false},"featured_media":5837110,"comment_status":"open","ping_status":"closed","template":"","meta":[],"product_brand":[3392],"product_cat":[2103],"product_tag":[],"class_list":{"0":"post-5838634","1":"product","2":"type-product","3":"status-publish","4":"has-post-thumbnail","6":"product_brand-sierra-marine-pt","7":"product_cat-pecas-para-motores-yanmar","9":"first","10":"instock","11":"shipping-taxable","12":"purchasable","13":"product-type-simple"},"_links":{"self":[{"href":"https:\/\/stoic-curie.212-227-153-4.plesk.page\/pt\/wp-json\/wp\/v2\/product\/5838634","targetHints":{"allow":["GET"]}}],"collection":[{"href":"https:\/\/stoic-curie.212-227-153-4.plesk.page\/pt\/wp-json\/wp\/v2\/product"}],"about":[{"href":"https:\/\/stoic-curie.212-227-153-4.plesk.page\/pt\/wp-json\/wp\/v2\/types\/product"}],"replies":[{"embeddable":true,"href":"https:\/\/stoic-curie.212-227-153-4.plesk.page\/pt\/wp-json\/wp\/v2\/comments?post=5838634"}],"version-history":[{"count":0,"href":"https:\/\/stoic-curie.212-227-153-4.plesk.page\/pt\/wp-json\/wp\/v2\/product\/5838634\/revisions"}],"wp:featuredmedia":[{"embeddable":true,"href":"https:\/\/stoic-curie.212-227-153-4.plesk.page\/pt\/wp-json\/wp\/v2\/media\/5837110"}],"wp:attachment":[{"href":"https:\/\/stoic-curie.212-227-153-4.plesk.page\/pt\/wp-json\/wp\/v2\/media?parent=5838634"}],"wp:term":[{"taxonomy":"product_brand","embeddable":true,"href":"https:\/\/stoic-curie.212-227-153-4.plesk.page\/pt\/wp-json\/wp\/v2\/product_brand?post=5838634"},{"taxonomy":"product_cat","embeddable":true,"href":"https:\/\/stoic-curie.212-227-153-4.plesk.page\/pt\/wp-json\/wp\/v2\/product_cat?post=5838634"},{"taxonomy":"product_tag","embeddable":true,"href":"https:\/\/stoic-curie.212-227-153-4.plesk.page\/pt\/wp-json\/wp\/v2\/product_tag?post=5838634"}],"curies":[{"name":"wp","href":"https:\/\/api.w.org\/{rel}","templated":true}]}}