{"id":5838641,"date":"2026-02-17T17:02:13","date_gmt":"2026-02-17T16:02:13","guid":{"rendered":"https:\/\/stoic-curie.212-227-153-4.plesk.page\/product\/juntas-de-bomba-unidade-inferior-genuinas-para-motores-suzuki-17472-96304\/"},"modified":"2026-02-25T00:29:03","modified_gmt":"2026-02-25T00:29:03","slug":"juntas-de-bomba-unidade-inferior-genuinas-para-motores-suzuki-17472-96304","status":"publish","type":"product","link":"https:\/\/stoic-curie.212-227-153-4.plesk.page\/pt\/product\/juntas-de-bomba-unidade-inferior-genuinas-para-motores-suzuki-17472-96304\/","title":{"rendered":"Juntas de Bomba\/Unidade Inferior Genu\u00ednas para Motores Suzuki 17472-96304"},"content":{"rendered":"<p>Juntas de Bomba\/Unidade Inferior Genu\u00ednas para Motores Suzuki 17472-96304 &#8211; <\/p>\n<p>Juntas de bomba\/unidade inferior genu\u00ednas projetadas especificamente para motores de popa Suzuki. Estas s\u00e3o pe\u00e7as de reposi\u00e7\u00e3o compat\u00edveis que garantem desempenho \u00f3timo.<\/p>\n","protected":false},"excerpt":{"rendered":"<p>Juntas de Bomba\/Unidade Inferior Genu\u00ednas para Motores Suzuki 17472-96304 &#8211; Juntas de bomba\/unidade inferior genu\u00ednas projetadas especificamente para motores de<\/p>\n","protected":false},"featured_media":5837141,"comment_status":"open","ping_status":"closed","template":"","meta":[],"product_brand":[3392],"product_cat":[2119],"product_tag":[],"class_list":{"0":"post-5838641","1":"product","2":"type-product","3":"status-publish","4":"has-post-thumbnail","6":"product_brand-sierra-marine-pt","7":"product_cat-pecas-para-motores-fora-de-borda-suzuki","9":"first","10":"instock","11":"shipping-taxable","12":"purchasable","13":"product-type-simple"},"_links":{"self":[{"href":"https:\/\/stoic-curie.212-227-153-4.plesk.page\/pt\/wp-json\/wp\/v2\/product\/5838641","targetHints":{"allow":["GET"]}}],"collection":[{"href":"https:\/\/stoic-curie.212-227-153-4.plesk.page\/pt\/wp-json\/wp\/v2\/product"}],"about":[{"href":"https:\/\/stoic-curie.212-227-153-4.plesk.page\/pt\/wp-json\/wp\/v2\/types\/product"}],"replies":[{"embeddable":true,"href":"https:\/\/stoic-curie.212-227-153-4.plesk.page\/pt\/wp-json\/wp\/v2\/comments?post=5838641"}],"version-history":[{"count":0,"href":"https:\/\/stoic-curie.212-227-153-4.plesk.page\/pt\/wp-json\/wp\/v2\/product\/5838641\/revisions"}],"wp:featuredmedia":[{"embeddable":true,"href":"https:\/\/stoic-curie.212-227-153-4.plesk.page\/pt\/wp-json\/wp\/v2\/media\/5837141"}],"wp:attachment":[{"href":"https:\/\/stoic-curie.212-227-153-4.plesk.page\/pt\/wp-json\/wp\/v2\/media?parent=5838641"}],"wp:term":[{"taxonomy":"product_brand","embeddable":true,"href":"https:\/\/stoic-curie.212-227-153-4.plesk.page\/pt\/wp-json\/wp\/v2\/product_brand?post=5838641"},{"taxonomy":"product_cat","embeddable":true,"href":"https:\/\/stoic-curie.212-227-153-4.plesk.page\/pt\/wp-json\/wp\/v2\/product_cat?post=5838641"},{"taxonomy":"product_tag","embeddable":true,"href":"https:\/\/stoic-curie.212-227-153-4.plesk.page\/pt\/wp-json\/wp\/v2\/product_tag?post=5838641"}],"curies":[{"name":"wp","href":"https:\/\/api.w.org\/{rel}","templated":true}]}}