{"id":5951250,"date":"2026-02-25T00:29:20","date_gmt":"2026-02-24T23:29:20","guid":{"rendered":"https:\/\/stoic-curie.212-227-153-4.plesk.page\/product\/pack-de-champo-limpeza-de-barcos-tk-1-l\/"},"modified":"2026-02-25T00:29:20","modified_gmt":"2026-02-24T23:29:20","slug":"pack-de-champo-limpeza-de-barcos-tk-1-l","status":"publish","type":"product","link":"https:\/\/stoic-curie.212-227-153-4.plesk.page\/pt\/product\/pack-de-champo-limpeza-de-barcos-tk-1-l\/","title":{"rendered":"Pack de Champ\u00f4 Limpeza de Barcos TK 1 L"},"content":{"rendered":"<p>Pack de Champ\u00f4 Limpeza de Barcos TK 1 L &#8211; <\/p>\n<p>Champ\u00f4 neutro de alta concentra\u00e7\u00e3o para lavagem exterior de barcos e para todas as utiliza\u00e7\u00f5es a bordo. Mant\u00e9m as suas propriedades mesmo quando misturado com \u00e1gua salgada.<\/p>\n","protected":false},"excerpt":{"rendered":"<p>Pack de Champ\u00f4 Limpeza de Barcos TK 1 L &#8211; Champ\u00f4 neutro de alta concentra\u00e7\u00e3o para lavagem exterior de barcos<\/p>\n","protected":false},"featured_media":5949706,"comment_status":"open","ping_status":"closed","template":"","meta":[],"product_brand":[3402],"product_cat":[1915],"product_tag":[],"class_list":{"0":"post-5951250","1":"product","2":"type-product","3":"status-publish","4":"has-post-thumbnail","6":"product_brand-silpar-tk-pt","7":"product_cat-produtos-de-limpeza","9":"first","10":"instock","11":"shipping-taxable","12":"purchasable","13":"product-type-simple"},"_links":{"self":[{"href":"https:\/\/stoic-curie.212-227-153-4.plesk.page\/pt\/wp-json\/wp\/v2\/product\/5951250","targetHints":{"allow":["GET"]}}],"collection":[{"href":"https:\/\/stoic-curie.212-227-153-4.plesk.page\/pt\/wp-json\/wp\/v2\/product"}],"about":[{"href":"https:\/\/stoic-curie.212-227-153-4.plesk.page\/pt\/wp-json\/wp\/v2\/types\/product"}],"replies":[{"embeddable":true,"href":"https:\/\/stoic-curie.212-227-153-4.plesk.page\/pt\/wp-json\/wp\/v2\/comments?post=5951250"}],"version-history":[{"count":0,"href":"https:\/\/stoic-curie.212-227-153-4.plesk.page\/pt\/wp-json\/wp\/v2\/product\/5951250\/revisions"}],"wp:featuredmedia":[{"embeddable":true,"href":"https:\/\/stoic-curie.212-227-153-4.plesk.page\/pt\/wp-json\/wp\/v2\/media\/5949706"}],"wp:attachment":[{"href":"https:\/\/stoic-curie.212-227-153-4.plesk.page\/pt\/wp-json\/wp\/v2\/media?parent=5951250"}],"wp:term":[{"taxonomy":"product_brand","embeddable":true,"href":"https:\/\/stoic-curie.212-227-153-4.plesk.page\/pt\/wp-json\/wp\/v2\/product_brand?post=5951250"},{"taxonomy":"product_cat","embeddable":true,"href":"https:\/\/stoic-curie.212-227-153-4.plesk.page\/pt\/wp-json\/wp\/v2\/product_cat?post=5951250"},{"taxonomy":"product_tag","embeddable":true,"href":"https:\/\/stoic-curie.212-227-153-4.plesk.page\/pt\/wp-json\/wp\/v2\/product_tag?post=5951250"}],"curies":[{"name":"wp","href":"https:\/\/api.w.org\/{rel}","templated":true}]}}