{"id":5951252,"date":"2026-02-25T00:29:21","date_gmt":"2026-02-24T23:29:21","guid":{"rendered":"https:\/\/stoic-curie.212-227-153-4.plesk.page\/product\/pacote-de-limpeza-de-sump-tk-sentinet-de-1-litro\/"},"modified":"2026-02-25T00:29:21","modified_gmt":"2026-02-24T23:29:21","slug":"pacote-de-limpeza-de-sump-tk-sentinet-de-1-litro","status":"publish","type":"product","link":"https:\/\/stoic-curie.212-227-153-4.plesk.page\/pt\/product\/pacote-de-limpeza-de-sump-tk-sentinet-de-1-litro\/","title":{"rendered":"Pacote de Limpeza de Sump Tk Sentinet de 1 Litro"},"content":{"rendered":"<p>Pacote de Limpeza de Sump Tk Sentinet de 1 Litro &#8211; <\/p>\n<p>Detergente concentrado emulsificante para limpeza de por\u00f5es e salas de m\u00e1quinas. Extremamente eficaz contra gordura, funciona mesmo quando misturado com \u00e1gua salgada.<\/p>\n","protected":false},"excerpt":{"rendered":"<p>Pacote de Limpeza de Sump Tk Sentinet de 1 Litro &#8211; Detergente concentrado emulsificante para limpeza de por\u00f5es e salas<\/p>\n","protected":false},"featured_media":5949712,"comment_status":"open","ping_status":"closed","template":"","meta":[],"product_brand":[3402],"product_cat":[1915],"product_tag":[],"class_list":{"0":"post-5951252","1":"product","2":"type-product","3":"status-publish","4":"has-post-thumbnail","6":"product_brand-silpar-tk-pt","7":"product_cat-produtos-de-limpeza","9":"first","10":"instock","11":"shipping-taxable","12":"purchasable","13":"product-type-simple"},"_links":{"self":[{"href":"https:\/\/stoic-curie.212-227-153-4.plesk.page\/pt\/wp-json\/wp\/v2\/product\/5951252","targetHints":{"allow":["GET"]}}],"collection":[{"href":"https:\/\/stoic-curie.212-227-153-4.plesk.page\/pt\/wp-json\/wp\/v2\/product"}],"about":[{"href":"https:\/\/stoic-curie.212-227-153-4.plesk.page\/pt\/wp-json\/wp\/v2\/types\/product"}],"replies":[{"embeddable":true,"href":"https:\/\/stoic-curie.212-227-153-4.plesk.page\/pt\/wp-json\/wp\/v2\/comments?post=5951252"}],"version-history":[{"count":0,"href":"https:\/\/stoic-curie.212-227-153-4.plesk.page\/pt\/wp-json\/wp\/v2\/product\/5951252\/revisions"}],"wp:featuredmedia":[{"embeddable":true,"href":"https:\/\/stoic-curie.212-227-153-4.plesk.page\/pt\/wp-json\/wp\/v2\/media\/5949712"}],"wp:attachment":[{"href":"https:\/\/stoic-curie.212-227-153-4.plesk.page\/pt\/wp-json\/wp\/v2\/media?parent=5951252"}],"wp:term":[{"taxonomy":"product_brand","embeddable":true,"href":"https:\/\/stoic-curie.212-227-153-4.plesk.page\/pt\/wp-json\/wp\/v2\/product_brand?post=5951252"},{"taxonomy":"product_cat","embeddable":true,"href":"https:\/\/stoic-curie.212-227-153-4.plesk.page\/pt\/wp-json\/wp\/v2\/product_cat?post=5951252"},{"taxonomy":"product_tag","embeddable":true,"href":"https:\/\/stoic-curie.212-227-153-4.plesk.page\/pt\/wp-json\/wp\/v2\/product_tag?post=5951252"}],"curies":[{"name":"wp","href":"https:\/\/api.w.org\/{rel}","templated":true}]}}