{"id":5951261,"date":"2026-02-25T00:29:27","date_gmt":"2026-02-24T23:29:27","guid":{"rendered":"https:\/\/stoic-curie.212-227-153-4.plesk.page\/product\/acoplamento-rapido-bd-g-3-4-rosca-para-mangueiras-o-16-mm\/"},"modified":"2026-02-25T00:29:27","modified_gmt":"2026-02-24T23:29:27","slug":"acoplamento-rapido-bd-g-3-4-rosca-para-mangueiras-o-16-mm","status":"publish","type":"product","link":"https:\/\/stoic-curie.212-227-153-4.plesk.page\/pt\/product\/acoplamento-rapido-bd-g-3-4-rosca-para-mangueiras-o-16-mm\/","title":{"rendered":"Acoplamento R\u00e1pido Bd G 3\/4 Rosca para Mangueiras \u00d8 16 mm"},"content":{"rendered":"<p>Acoplamento R\u00e1pido Bd G 3\/4 Rosca para Mangueiras \u00d8 16 mm &#8211; <\/p>\n<p>Acoplamento r\u00e1pido em cotovelo de polipropileno refor\u00e7ado. Perfeito para conectar rapidamente qualquer tipo de mangueira flex\u00edvel. Elimina a necessidade de bra\u00e7adeiras tradicionais. Fornece um selo imperme\u00e1vel de at\u00e9 16 bar.<\/p>\n","protected":false},"excerpt":{"rendered":"<p>Acoplamento R\u00e1pido Bd G 3\/4 Rosca para Mangueiras \u00d8 16 mm &#8211; Acoplamento r\u00e1pido em cotovelo de polipropileno refor\u00e7ado. Perfeito<\/p>\n","protected":false},"featured_media":5949760,"comment_status":"open","ping_status":"closed","template":"","meta":[],"product_brand":[3357],"product_cat":[1948],"product_tag":[],"class_list":{"0":"post-5951261","1":"product","2":"type-product","3":"status-publish","4":"has-post-thumbnail","6":"product_brand-seaflow-pt","7":"product_cat-acessorios-para-canalizacao-de-plastico","9":"first","10":"instock","11":"shipping-taxable","12":"purchasable","13":"product-type-simple"},"_links":{"self":[{"href":"https:\/\/stoic-curie.212-227-153-4.plesk.page\/pt\/wp-json\/wp\/v2\/product\/5951261","targetHints":{"allow":["GET"]}}],"collection":[{"href":"https:\/\/stoic-curie.212-227-153-4.plesk.page\/pt\/wp-json\/wp\/v2\/product"}],"about":[{"href":"https:\/\/stoic-curie.212-227-153-4.plesk.page\/pt\/wp-json\/wp\/v2\/types\/product"}],"replies":[{"embeddable":true,"href":"https:\/\/stoic-curie.212-227-153-4.plesk.page\/pt\/wp-json\/wp\/v2\/comments?post=5951261"}],"version-history":[{"count":0,"href":"https:\/\/stoic-curie.212-227-153-4.plesk.page\/pt\/wp-json\/wp\/v2\/product\/5951261\/revisions"}],"wp:featuredmedia":[{"embeddable":true,"href":"https:\/\/stoic-curie.212-227-153-4.plesk.page\/pt\/wp-json\/wp\/v2\/media\/5949760"}],"wp:attachment":[{"href":"https:\/\/stoic-curie.212-227-153-4.plesk.page\/pt\/wp-json\/wp\/v2\/media?parent=5951261"}],"wp:term":[{"taxonomy":"product_brand","embeddable":true,"href":"https:\/\/stoic-curie.212-227-153-4.plesk.page\/pt\/wp-json\/wp\/v2\/product_brand?post=5951261"},{"taxonomy":"product_cat","embeddable":true,"href":"https:\/\/stoic-curie.212-227-153-4.plesk.page\/pt\/wp-json\/wp\/v2\/product_cat?post=5951261"},{"taxonomy":"product_tag","embeddable":true,"href":"https:\/\/stoic-curie.212-227-153-4.plesk.page\/pt\/wp-json\/wp\/v2\/product_tag?post=5951261"}],"curies":[{"name":"wp","href":"https:\/\/api.w.org\/{rel}","templated":true}]}}