{"id":745832,"date":"2025-03-03T20:43:35","date_gmt":"2025-03-03T19:43:35","guid":{"rendered":"https:\/\/stoic-curie.212-227-153-4.plesk.page\/producto\/fogao-de-1-bico-hotty-em-aco-inoxidavel-210-x-290-x-h50mm\/"},"modified":"2026-02-25T00:27:32","modified_gmt":"2026-02-25T00:27:32","slug":"fogao-de-1-bico-hotty-em-aco-inoxidavel-210-x-290-x-h50mm","status":"publish","type":"product","link":"https:\/\/stoic-curie.212-227-153-4.plesk.page\/pt\/product\/fogao-de-1-bico-hotty-em-aco-inoxidavel-210-x-290-x-h50mm\/","title":{"rendered":"Fog\u00e3o de 1 bico HOTTY em a\u00e7o inoxid\u00e1vel 210 x 290 x H50mm"},"content":{"rendered":"<p>Fog\u00e3o de 1 bico HOTTY em a\u00e7o inoxid\u00e1vel 210 x 290 x H50mm &#8211; <\/p>\n<p>Cookers de a\u00e7o inoxid\u00e1vel com termopares de seguran\u00e7a.<\/p>\n","protected":false},"excerpt":{"rendered":"<p>Fog\u00e3o de 1 bico HOTTY em a\u00e7o inoxid\u00e1vel 210 x 290 x H50mm &#8211; Cookers de a\u00e7o inoxid\u00e1vel com termopares<\/p>\n","protected":false},"featured_media":5935609,"comment_status":"open","ping_status":"closed","template":"","meta":[],"product_brand":[2857],"product_cat":[1928],"product_tag":[],"class_list":{"0":"post-745832","1":"product","2":"type-product","3":"status-publish","4":"has-post-thumbnail","6":"product_brand-can-marine-pt","7":"product_cat-fornos-e-fogoes","9":"first","10":"instock","11":"shipping-taxable","12":"purchasable","13":"product-type-simple"},"_links":{"self":[{"href":"https:\/\/stoic-curie.212-227-153-4.plesk.page\/pt\/wp-json\/wp\/v2\/product\/745832","targetHints":{"allow":["GET"]}}],"collection":[{"href":"https:\/\/stoic-curie.212-227-153-4.plesk.page\/pt\/wp-json\/wp\/v2\/product"}],"about":[{"href":"https:\/\/stoic-curie.212-227-153-4.plesk.page\/pt\/wp-json\/wp\/v2\/types\/product"}],"replies":[{"embeddable":true,"href":"https:\/\/stoic-curie.212-227-153-4.plesk.page\/pt\/wp-json\/wp\/v2\/comments?post=745832"}],"version-history":[{"count":0,"href":"https:\/\/stoic-curie.212-227-153-4.plesk.page\/pt\/wp-json\/wp\/v2\/product\/745832\/revisions"}],"wp:featuredmedia":[{"embeddable":true,"href":"https:\/\/stoic-curie.212-227-153-4.plesk.page\/pt\/wp-json\/wp\/v2\/media\/5935609"}],"wp:attachment":[{"href":"https:\/\/stoic-curie.212-227-153-4.plesk.page\/pt\/wp-json\/wp\/v2\/media?parent=745832"}],"wp:term":[{"taxonomy":"product_brand","embeddable":true,"href":"https:\/\/stoic-curie.212-227-153-4.plesk.page\/pt\/wp-json\/wp\/v2\/product_brand?post=745832"},{"taxonomy":"product_cat","embeddable":true,"href":"https:\/\/stoic-curie.212-227-153-4.plesk.page\/pt\/wp-json\/wp\/v2\/product_cat?post=745832"},{"taxonomy":"product_tag","embeddable":true,"href":"https:\/\/stoic-curie.212-227-153-4.plesk.page\/pt\/wp-json\/wp\/v2\/product_tag?post=745832"}],"curies":[{"name":"wp","href":"https:\/\/api.w.org\/{rel}","templated":true}]}}