{"id":745834,"date":"2025-03-03T20:44:37","date_gmt":"2025-03-03T19:44:37","guid":{"rendered":"https:\/\/stoic-curie.212-227-153-4.plesk.page\/producto\/luz-led-subaquatica-de-aco-inoxidavel-135-x-67mm-branco\/"},"modified":"2026-02-25T00:27:32","modified_gmt":"2026-02-25T00:27:32","slug":"luz-led-subaquatica-de-aco-inoxidavel-135-x-67mm-branco","status":"publish","type":"product","link":"https:\/\/stoic-curie.212-227-153-4.plesk.page\/pt\/product\/luz-led-subaquatica-de-aco-inoxidavel-135-x-67mm-branco\/","title":{"rendered":"Luz Led subaqu\u00e1tica de a\u00e7o inoxid\u00e1vel 135 x 67mm branco"},"content":{"rendered":"<p>Luz Led subaqu\u00e1tica de a\u00e7o inoxid\u00e1vel 135 x 67mm branco &#8211; Luz subaqu\u00e1tica LED 4 x 3W, a\u00e7o inoxid\u00e1vel AISI 316. Luz fria. Montagem embutida. Alimenta\u00e7\u00e3o 10-30V 10W. Vida \u00fatil de 50.000 horas. Tamanho mm: 135x67x20h.<\/p>\n","protected":false},"excerpt":{"rendered":"<p>Luz Led subaqu\u00e1tica de a\u00e7o inoxid\u00e1vel 135 x 67mm branco &#8211; Luz subaqu\u00e1tica LED 4 x 3W, a\u00e7o inoxid\u00e1vel AISI<\/p>\n","protected":false},"featured_media":5935627,"comment_status":"open","ping_status":"closed","template":"","meta":[],"product_brand":[3222],"product_cat":[2018],"product_tag":[],"class_list":{"0":"post-745834","1":"product","2":"type-product","3":"status-publish","4":"has-post-thumbnail","6":"product_brand-oceanled-pt","7":"product_cat-luzes-led-submersiveis","9":"first","10":"instock","11":"shipping-taxable","12":"purchasable","13":"product-type-simple"},"_links":{"self":[{"href":"https:\/\/stoic-curie.212-227-153-4.plesk.page\/pt\/wp-json\/wp\/v2\/product\/745834","targetHints":{"allow":["GET"]}}],"collection":[{"href":"https:\/\/stoic-curie.212-227-153-4.plesk.page\/pt\/wp-json\/wp\/v2\/product"}],"about":[{"href":"https:\/\/stoic-curie.212-227-153-4.plesk.page\/pt\/wp-json\/wp\/v2\/types\/product"}],"replies":[{"embeddable":true,"href":"https:\/\/stoic-curie.212-227-153-4.plesk.page\/pt\/wp-json\/wp\/v2\/comments?post=745834"}],"version-history":[{"count":0,"href":"https:\/\/stoic-curie.212-227-153-4.plesk.page\/pt\/wp-json\/wp\/v2\/product\/745834\/revisions"}],"wp:featuredmedia":[{"embeddable":true,"href":"https:\/\/stoic-curie.212-227-153-4.plesk.page\/pt\/wp-json\/wp\/v2\/media\/5935627"}],"wp:attachment":[{"href":"https:\/\/stoic-curie.212-227-153-4.plesk.page\/pt\/wp-json\/wp\/v2\/media?parent=745834"}],"wp:term":[{"taxonomy":"product_brand","embeddable":true,"href":"https:\/\/stoic-curie.212-227-153-4.plesk.page\/pt\/wp-json\/wp\/v2\/product_brand?post=745834"},{"taxonomy":"product_cat","embeddable":true,"href":"https:\/\/stoic-curie.212-227-153-4.plesk.page\/pt\/wp-json\/wp\/v2\/product_cat?post=745834"},{"taxonomy":"product_tag","embeddable":true,"href":"https:\/\/stoic-curie.212-227-153-4.plesk.page\/pt\/wp-json\/wp\/v2\/product_tag?post=745834"}],"curies":[{"name":"wp","href":"https:\/\/api.w.org\/{rel}","templated":true}]}}