{"id":745836,"date":"2025-03-03T20:44:38","date_gmt":"2025-03-03T19:44:38","guid":{"rendered":"https:\/\/stoic-curie.212-227-153-4.plesk.page\/producto\/alavancas-de-controlo-teleflex-mt3-twin\/"},"modified":"2026-02-25T00:27:32","modified_gmt":"2026-02-25T00:27:32","slug":"alavancas-de-controlo-teleflex-mt3-twin","status":"publish","type":"product","link":"https:\/\/stoic-curie.212-227-153-4.plesk.page\/pt\/product\/alavancas-de-controlo-teleflex-mt3-twin\/","title":{"rendered":"Alavancas de Controlo Teleflex MT3 Twin"},"content":{"rendered":"<p>Alavancas de Controlo Teleflex MT3 Twin &#8211; <\/p>\n<p>Controle de acelerador e mudan\u00e7a de marcha de a\u00e7\u00e3o dupla para motores inboard e de popa. Alavanca e corpo de liga de a\u00e7o inoxid\u00e1vel cromado, montagem superior. Usa cabos de controle C2 \/ C8 \/ C33 \/ MACHZero.<\/p>\n","protected":false},"excerpt":{"rendered":"<p>Alavancas de Controlo Teleflex MT3 Twin &#8211; Controle de acelerador e mudan\u00e7a de marcha de a\u00e7\u00e3o dupla para motores inboard<\/p>\n","protected":false},"featured_media":5935629,"comment_status":"open","ping_status":"closed","template":"","meta":[],"product_brand":[3362],"product_cat":[2078],"product_tag":[],"class_list":{"0":"post-745836","1":"product","2":"type-product","3":"status-publish","4":"has-post-thumbnail","6":"product_brand-seastar-teleflex-pt","7":"product_cat-alavancas-de-controlo","9":"first","10":"instock","11":"shipping-taxable","12":"purchasable","13":"product-type-simple"},"_links":{"self":[{"href":"https:\/\/stoic-curie.212-227-153-4.plesk.page\/pt\/wp-json\/wp\/v2\/product\/745836","targetHints":{"allow":["GET"]}}],"collection":[{"href":"https:\/\/stoic-curie.212-227-153-4.plesk.page\/pt\/wp-json\/wp\/v2\/product"}],"about":[{"href":"https:\/\/stoic-curie.212-227-153-4.plesk.page\/pt\/wp-json\/wp\/v2\/types\/product"}],"replies":[{"embeddable":true,"href":"https:\/\/stoic-curie.212-227-153-4.plesk.page\/pt\/wp-json\/wp\/v2\/comments?post=745836"}],"version-history":[{"count":0,"href":"https:\/\/stoic-curie.212-227-153-4.plesk.page\/pt\/wp-json\/wp\/v2\/product\/745836\/revisions"}],"wp:featuredmedia":[{"embeddable":true,"href":"https:\/\/stoic-curie.212-227-153-4.plesk.page\/pt\/wp-json\/wp\/v2\/media\/5935629"}],"wp:attachment":[{"href":"https:\/\/stoic-curie.212-227-153-4.plesk.page\/pt\/wp-json\/wp\/v2\/media?parent=745836"}],"wp:term":[{"taxonomy":"product_brand","embeddable":true,"href":"https:\/\/stoic-curie.212-227-153-4.plesk.page\/pt\/wp-json\/wp\/v2\/product_brand?post=745836"},{"taxonomy":"product_cat","embeddable":true,"href":"https:\/\/stoic-curie.212-227-153-4.plesk.page\/pt\/wp-json\/wp\/v2\/product_cat?post=745836"},{"taxonomy":"product_tag","embeddable":true,"href":"https:\/\/stoic-curie.212-227-153-4.plesk.page\/pt\/wp-json\/wp\/v2\/product_tag?post=745836"}],"curies":[{"name":"wp","href":"https:\/\/api.w.org\/{rel}","templated":true}]}}