{"id":745837,"date":"2025-03-03T20:44:38","date_gmt":"2025-03-03T19:44:38","guid":{"rendered":"https:\/\/stoic-curie.212-227-153-4.plesk.page\/producto\/braco-de-direcao-a73-para-mercury\/"},"modified":"2026-02-25T00:27:32","modified_gmt":"2026-02-25T00:27:32","slug":"braco-de-direcao-a73-para-mercury","status":"publish","type":"product","link":"https:\/\/stoic-curie.212-227-153-4.plesk.page\/pt\/product\/braco-de-direcao-a73-para-mercury\/","title":{"rendered":"Bra\u00e7o de dire\u00e7\u00e3o A73 para Mercury"},"content":{"rendered":"<p>Bra\u00e7o de dire\u00e7\u00e3o A73 para Mercury &#8211; <\/p>\n<p>Componentes de liga\u00e7\u00e3o para motores de popa Mercury e Johnson\/Evinrude.<\/p>\n","protected":false},"excerpt":{"rendered":"<p>Bra\u00e7o de dire\u00e7\u00e3o A73 para Mercury &#8211; Componentes de liga\u00e7\u00e3o para motores de popa Mercury e Johnson\/Evinrude.<\/p>\n","protected":false},"featured_media":5935633,"comment_status":"open","ping_status":"closed","template":"","meta":[],"product_brand":[3502],"product_cat":[2115,2102],"product_tag":[],"class_list":{"0":"post-745837","1":"product","2":"type-product","3":"status-publish","4":"has-post-thumbnail","6":"product_brand-ultraflex-uflex-pt","7":"product_cat-cabos-de-direcao","8":"product_cat-pecas-para-motores-fora-de-bordo-mercury-e-mariner","10":"first","11":"instock","12":"shipping-taxable","13":"purchasable","14":"product-type-simple"},"_links":{"self":[{"href":"https:\/\/stoic-curie.212-227-153-4.plesk.page\/pt\/wp-json\/wp\/v2\/product\/745837","targetHints":{"allow":["GET"]}}],"collection":[{"href":"https:\/\/stoic-curie.212-227-153-4.plesk.page\/pt\/wp-json\/wp\/v2\/product"}],"about":[{"href":"https:\/\/stoic-curie.212-227-153-4.plesk.page\/pt\/wp-json\/wp\/v2\/types\/product"}],"replies":[{"embeddable":true,"href":"https:\/\/stoic-curie.212-227-153-4.plesk.page\/pt\/wp-json\/wp\/v2\/comments?post=745837"}],"version-history":[{"count":0,"href":"https:\/\/stoic-curie.212-227-153-4.plesk.page\/pt\/wp-json\/wp\/v2\/product\/745837\/revisions"}],"wp:featuredmedia":[{"embeddable":true,"href":"https:\/\/stoic-curie.212-227-153-4.plesk.page\/pt\/wp-json\/wp\/v2\/media\/5935633"}],"wp:attachment":[{"href":"https:\/\/stoic-curie.212-227-153-4.plesk.page\/pt\/wp-json\/wp\/v2\/media?parent=745837"}],"wp:term":[{"taxonomy":"product_brand","embeddable":true,"href":"https:\/\/stoic-curie.212-227-153-4.plesk.page\/pt\/wp-json\/wp\/v2\/product_brand?post=745837"},{"taxonomy":"product_cat","embeddable":true,"href":"https:\/\/stoic-curie.212-227-153-4.plesk.page\/pt\/wp-json\/wp\/v2\/product_cat?post=745837"},{"taxonomy":"product_tag","embeddable":true,"href":"https:\/\/stoic-curie.212-227-153-4.plesk.page\/pt\/wp-json\/wp\/v2\/product_tag?post=745837"}],"curies":[{"name":"wp","href":"https:\/\/api.w.org\/{rel}","templated":true}]}}