{"id":745838,"date":"2025-03-03T20:44:38","date_gmt":"2025-03-03T19:44:38","guid":{"rendered":"https:\/\/stoic-curie.212-227-153-4.plesk.page\/producto\/bomba-de-direcao-hidraulica-ultraflex-up33f-svs\/"},"modified":"2026-02-25T00:27:32","modified_gmt":"2026-02-25T00:27:32","slug":"bomba-de-direcao-hidraulica-ultraflex-up33f-svs","status":"publish","type":"product","link":"https:\/\/stoic-curie.212-227-153-4.plesk.page\/pt\/product\/bomba-de-direcao-hidraulica-ultraflex-up33f-svs\/","title":{"rendered":"Bomba de dire\u00e7\u00e3o Ultraflex UP33F-SVS"},"content":{"rendered":"<p>Bomba de dire\u00e7\u00e3o Ultraflex UP33F-SVS &#8211; <\/p>\n<p><strong>Helm Hidr\u00e1ulico UP33F-SVS 42475 N &#8211; 1500 PSI, 2.0 CU IN<\/strong><\/p>\n<ul>\n<li>Possui uma v\u00e1lvula de bloqueio embutida para travamento seguro do leme<\/li>\n<li>Acompanha uma v\u00e1lvula de al\u00edvio integral para prevenir sobrepressuriza\u00e7\u00e3o<\/li>\n<li>Constru\u00eddo com um eixo de a\u00e7o inoxid\u00e1vel c\u00f4nico de 3\/4&#8243; para maior resist\u00eancia<\/li>\n<li>A v\u00e1lvula de bloqueio e o selo do eixo s\u00e3o facilmente acess\u00edveis para substitui\u00e7\u00e3o simples<\/li>\n<li>Inclui conectores ajust\u00e1veis de 90\u00b0 adequados para mangueira de 3\/8\u201d<\/li>\n<li>Equipado com um curso de pist\u00e3o com rolamento de esferas para funcionamento suave<\/li>\n<li>Fabricado com um rotor de ferro fundido para maior durabilidade e vida \u00fatil prolongada<\/li>\n<li>Compat\u00edvel com flange quadrada X64 ou flange redonda X57 para instala\u00e7\u00e3o em locais intermedi\u00e1rios do painel<\/li>\n<li>Mecanismo de inclina\u00e7\u00e3o: faixa de inclina\u00e7\u00e3o X72 de 60\u00b0 com cinco posi\u00e7\u00f5es de bloqueio<\/li>\n<\/ul>\n<p><strong>Especifica\u00e7\u00f5es:<\/strong><\/p>\n<ul>\n<li>Tipo de montagem: Montagem frontal<\/li>\n<li>Deslocamento por revolu\u00e7\u00e3o: 33 cc &#8211; 2.0 cu.in<\/li>\n<li>N\u00famero de pist\u00f5es: 7<\/li>\n<li>Configura\u00e7\u00e3o da v\u00e1lvula de al\u00edvio: 70 Bar &#8211; 1000 PSI<\/li>\n<li>Di\u00e2metro m\u00e1ximo da roda: 710 mm (28&#8243;)<\/li>\n<li>Peso: 5 kg (11 lbs)<\/li>\n<\/ul>\n<p>O SilverSteer\u2122 \u00e9 especificamente projetado para usos de alta performance e alto torque. Ele apresenta um helm de 1500 psi e ganchos chaveados no cilindro, garantindo durabilidade excepcional e m\u00ednimo movimento perdido. Seja voc\u00ea propriet\u00e1rio de um barco de pesca, barco plano ou uma embarca\u00e7\u00e3o de pesca offshore de estilo torneio, o SilverSteer\u2122 oferece uma dire\u00e7\u00e3o suave, responsiva e precisa.<\/p>\n<p>As conex\u00f5es no formato de boss ajust\u00e1veis facilitam o direcionamento preciso das mangueiras, minimizando as chances de danificar as conex\u00f5es por apertos excessivos ou vazamentos devido ao afrouxamento durante a instala\u00e7\u00e3o \u2014 problemas comuns enfrentados com cilindros concorrentes.<\/p>\n<p><strong>Principais Caracter\u00edsticas:<\/strong><\/p>\n<ul>\n<li>Caminho do pist\u00e3o com rolamento de esferas e eixo c\u00f4nico de a\u00e7o inoxid\u00e1vel de 3\/4&#8243;<\/li>\n<li>V\u00e1lvula de bloqueio embutida para travamento seguro do leme<\/li>\n<li>V\u00e1lvula de al\u00edvio integral para prote\u00e7\u00e3o contra sobrepress\u00e3o<\/li>\n<li>V\u00e1lvula de bloqueio e selo do eixo facilmente acess\u00edveis para substitui\u00e7\u00e3o<\/li>\n<li>Rotor de ferro fundido para maior durabilidade e longevidade<\/li>\n<li>Conex\u00e3o NPT de 1\/4&#8243; para tubo de 3\/8&#8243;<\/li>\n<li>Completo com conex\u00f5es de cotovelo<\/li>\n<li>Di\u00e2metro m\u00e1ximo da roda: 28&#8243;<\/li>\n<li>Deslocamento: 2.0 in\u00b3 para o Modelo UP33F<\/li>\n<\/ul>\n","protected":false},"excerpt":{"rendered":"<p>Bomba de dire\u00e7\u00e3o Ultraflex UP33F-SVS &#8211; Helm Hidr\u00e1ulico UP33F-SVS 42475 N &#8211; 1500 PSI, 2.0 CU IN Possui uma v\u00e1lvula<\/p>\n","protected":false},"featured_media":5935634,"comment_status":"open","ping_status":"closed","template":"","meta":[],"product_brand":[3502],"product_cat":[2110],"product_tag":[],"class_list":{"0":"post-745838","1":"product","2":"type-product","3":"status-publish","4":"has-post-thumbnail","6":"product_brand-ultraflex-uflex-pt","7":"product_cat-direcao-hidraulica","9":"first","10":"instock","11":"shipping-taxable","12":"purchasable","13":"product-type-simple"},"_links":{"self":[{"href":"https:\/\/stoic-curie.212-227-153-4.plesk.page\/pt\/wp-json\/wp\/v2\/product\/745838","targetHints":{"allow":["GET"]}}],"collection":[{"href":"https:\/\/stoic-curie.212-227-153-4.plesk.page\/pt\/wp-json\/wp\/v2\/product"}],"about":[{"href":"https:\/\/stoic-curie.212-227-153-4.plesk.page\/pt\/wp-json\/wp\/v2\/types\/product"}],"replies":[{"embeddable":true,"href":"https:\/\/stoic-curie.212-227-153-4.plesk.page\/pt\/wp-json\/wp\/v2\/comments?post=745838"}],"version-history":[{"count":0,"href":"https:\/\/stoic-curie.212-227-153-4.plesk.page\/pt\/wp-json\/wp\/v2\/product\/745838\/revisions"}],"wp:featuredmedia":[{"embeddable":true,"href":"https:\/\/stoic-curie.212-227-153-4.plesk.page\/pt\/wp-json\/wp\/v2\/media\/5935634"}],"wp:attachment":[{"href":"https:\/\/stoic-curie.212-227-153-4.plesk.page\/pt\/wp-json\/wp\/v2\/media?parent=745838"}],"wp:term":[{"taxonomy":"product_brand","embeddable":true,"href":"https:\/\/stoic-curie.212-227-153-4.plesk.page\/pt\/wp-json\/wp\/v2\/product_brand?post=745838"},{"taxonomy":"product_cat","embeddable":true,"href":"https:\/\/stoic-curie.212-227-153-4.plesk.page\/pt\/wp-json\/wp\/v2\/product_cat?post=745838"},{"taxonomy":"product_tag","embeddable":true,"href":"https:\/\/stoic-curie.212-227-153-4.plesk.page\/pt\/wp-json\/wp\/v2\/product_tag?post=745838"}],"curies":[{"name":"wp","href":"https:\/\/api.w.org\/{rel}","templated":true}]}}