{"id":745842,"date":"2025-03-03T20:44:39","date_gmt":"2025-03-03T19:44:39","guid":{"rendered":"https:\/\/stoic-curie.212-227-153-4.plesk.page\/producto\/rele-24v-para-elevadores-de-mola\/"},"modified":"2026-02-25T00:27:32","modified_gmt":"2026-02-25T00:27:32","slug":"rele-24v-para-elevadores-de-mola","status":"publish","type":"product","link":"https:\/\/stoic-curie.212-227-153-4.plesk.page\/pt\/product\/rele-24v-para-elevadores-de-mola\/","title":{"rendered":"Rel\u00e9 24v para Elevadores de mola"},"content":{"rendered":"<p>Rel\u00e9 24v para Elevadores de mola &#8211; <\/p>\n<p>Elevadores el\u00e9tricos lineares leves para montagem como instala\u00e7\u00e3o \u00fanica. Projetado para abrir &#8211; mesmo pela metade &#8211; escotilhas de conv\u00e9s e portas da sala de m\u00e1quinas. \u00c0 prova d&#8217;\u00e1gua IP65 com eixo de a\u00e7o inoxid\u00e1vel. Carga m\u00e1xima de 120 kg.<\/p>\n","protected":false},"excerpt":{"rendered":"<p>Rel\u00e9 24v para Elevadores de mola &#8211; Elevadores el\u00e9tricos lineares leves para montagem como instala\u00e7\u00e3o \u00fanica. Projetado para abrir &#8211;<\/p>\n","protected":false},"featured_media":5935644,"comment_status":"open","ping_status":"closed","template":"","meta":[],"product_brand":[3502],"product_cat":[1975],"product_tag":[],"class_list":{"0":"post-745842","1":"product","2":"type-product","3":"status-publish","4":"has-post-thumbnail","6":"product_brand-ultraflex-uflex-pt","7":"product_cat-amortecedores-para-escotilhas","9":"first","10":"instock","11":"shipping-taxable","12":"purchasable","13":"product-type-simple"},"_links":{"self":[{"href":"https:\/\/stoic-curie.212-227-153-4.plesk.page\/pt\/wp-json\/wp\/v2\/product\/745842","targetHints":{"allow":["GET"]}}],"collection":[{"href":"https:\/\/stoic-curie.212-227-153-4.plesk.page\/pt\/wp-json\/wp\/v2\/product"}],"about":[{"href":"https:\/\/stoic-curie.212-227-153-4.plesk.page\/pt\/wp-json\/wp\/v2\/types\/product"}],"replies":[{"embeddable":true,"href":"https:\/\/stoic-curie.212-227-153-4.plesk.page\/pt\/wp-json\/wp\/v2\/comments?post=745842"}],"version-history":[{"count":0,"href":"https:\/\/stoic-curie.212-227-153-4.plesk.page\/pt\/wp-json\/wp\/v2\/product\/745842\/revisions"}],"wp:featuredmedia":[{"embeddable":true,"href":"https:\/\/stoic-curie.212-227-153-4.plesk.page\/pt\/wp-json\/wp\/v2\/media\/5935644"}],"wp:attachment":[{"href":"https:\/\/stoic-curie.212-227-153-4.plesk.page\/pt\/wp-json\/wp\/v2\/media?parent=745842"}],"wp:term":[{"taxonomy":"product_brand","embeddable":true,"href":"https:\/\/stoic-curie.212-227-153-4.plesk.page\/pt\/wp-json\/wp\/v2\/product_brand?post=745842"},{"taxonomy":"product_cat","embeddable":true,"href":"https:\/\/stoic-curie.212-227-153-4.plesk.page\/pt\/wp-json\/wp\/v2\/product_cat?post=745842"},{"taxonomy":"product_tag","embeddable":true,"href":"https:\/\/stoic-curie.212-227-153-4.plesk.page\/pt\/wp-json\/wp\/v2\/product_tag?post=745842"}],"curies":[{"name":"wp","href":"https:\/\/api.w.org\/{rel}","templated":true}]}}