{"id":745847,"date":"2025-03-03T20:44:41","date_gmt":"2025-03-03T19:44:41","guid":{"rendered":"https:\/\/stoic-curie.212-227-153-4.plesk.page\/producto\/lifebuoy-solas-aprovado-75-cm\/"},"modified":"2026-02-25T00:27:32","modified_gmt":"2026-02-25T00:27:32","slug":"lifebuoy-solas-aprovado-75-cm","status":"publish","type":"product","link":"https:\/\/stoic-curie.212-227-153-4.plesk.page\/pt\/product\/lifebuoy-solas-aprovado-75-cm\/","title":{"rendered":"Lifebuoy SOLAS aprovado 75 cm"},"content":{"rendered":"<p>Lifebuoy SOLAS aprovado 75 cm &#8211; B\u00f3ia de vida R.i.n.a. (0474)n. Aprovada Ecc 42499. Solas 74\/83-e.c. 96\/98 &#8211; M.e.d. &#8211; Dm n\u00ba 385. Med 96\/98\/ec, Imo Res. Msc 81(70) Solas 74 com fitas retrorefletoras, estrutura externa em poliuretano, preenchida com espuma de poliuretano. Dimens\u00f5es: \u00d8 externo aprox. 72 cm, \u00d8 interno aprox. 43,5 cm, Peso aprox. 2,5 kg.<\/p>\n","protected":false},"excerpt":{"rendered":"<p>Lifebuoy SOLAS aprovado 75 cm &#8211; B\u00f3ia de vida R.i.n.a. (0474)n. Aprovada Ecc 42499. Solas 74\/83-e.c. 96\/98 &#8211; M.e.d. &#8211;<\/p>\n","protected":false},"featured_media":5935687,"comment_status":"open","ping_status":"closed","template":"","meta":[],"product_brand":[2857],"product_cat":[1891],"product_tag":[],"class_list":{"0":"post-745847","1":"product","2":"type-product","3":"status-publish","4":"has-post-thumbnail","6":"product_brand-can-marine-pt","7":"product_cat-boias-e-retinidas-salva-vidas","9":"first","10":"instock","11":"shipping-taxable","12":"purchasable","13":"product-type-simple"},"_links":{"self":[{"href":"https:\/\/stoic-curie.212-227-153-4.plesk.page\/pt\/wp-json\/wp\/v2\/product\/745847","targetHints":{"allow":["GET"]}}],"collection":[{"href":"https:\/\/stoic-curie.212-227-153-4.plesk.page\/pt\/wp-json\/wp\/v2\/product"}],"about":[{"href":"https:\/\/stoic-curie.212-227-153-4.plesk.page\/pt\/wp-json\/wp\/v2\/types\/product"}],"replies":[{"embeddable":true,"href":"https:\/\/stoic-curie.212-227-153-4.plesk.page\/pt\/wp-json\/wp\/v2\/comments?post=745847"}],"version-history":[{"count":0,"href":"https:\/\/stoic-curie.212-227-153-4.plesk.page\/pt\/wp-json\/wp\/v2\/product\/745847\/revisions"}],"wp:featuredmedia":[{"embeddable":true,"href":"https:\/\/stoic-curie.212-227-153-4.plesk.page\/pt\/wp-json\/wp\/v2\/media\/5935687"}],"wp:attachment":[{"href":"https:\/\/stoic-curie.212-227-153-4.plesk.page\/pt\/wp-json\/wp\/v2\/media?parent=745847"}],"wp:term":[{"taxonomy":"product_brand","embeddable":true,"href":"https:\/\/stoic-curie.212-227-153-4.plesk.page\/pt\/wp-json\/wp\/v2\/product_brand?post=745847"},{"taxonomy":"product_cat","embeddable":true,"href":"https:\/\/stoic-curie.212-227-153-4.plesk.page\/pt\/wp-json\/wp\/v2\/product_cat?post=745847"},{"taxonomy":"product_tag","embeddable":true,"href":"https:\/\/stoic-curie.212-227-153-4.plesk.page\/pt\/wp-json\/wp\/v2\/product_tag?post=745847"}],"curies":[{"name":"wp","href":"https:\/\/api.w.org\/{rel}","templated":true}]}}