{"id":745852,"date":"2025-03-03T20:44:43","date_gmt":"2025-03-03T19:44:43","guid":{"rendered":"https:\/\/stoic-curie.212-227-153-4.plesk.page\/producto\/projetor-de-conves-preto-case-12v-50w-aquasignal\/"},"modified":"2026-02-25T00:27:32","modified_gmt":"2026-02-25T00:27:32","slug":"projetor-de-conves-preto-case-12v-50w-aquasignal","status":"publish","type":"product","link":"https:\/\/stoic-curie.212-227-153-4.plesk.page\/pt\/product\/projetor-de-conves-preto-case-12v-50w-aquasignal\/","title":{"rendered":"Projetor de conv\u00e9s preto case 12v. 50w (Aquasignal)"},"content":{"rendered":"<p>Projetor de conv\u00e9s preto case 12v. 50w (Aquasignal) &#8211; Refletor Hamburg de pl\u00e1stico, imperme\u00e1vel e resistente \u00e0 \u00e1gua do mar.<\/p>\n","protected":false},"excerpt":{"rendered":"<p>Projetor de conv\u00e9s preto case 12v. 50w (Aquasignal) &#8211; Refletor Hamburg de pl\u00e1stico, imperme\u00e1vel e resistente \u00e0 \u00e1gua do mar.<\/p>\n","protected":false},"featured_media":5935721,"comment_status":"open","ping_status":"closed","template":"","meta":[],"product_brand":[2792],"product_cat":[2028,2021],"product_tag":[],"class_list":{"0":"post-745852","1":"product","2":"type-product","3":"status-publish","4":"has-post-thumbnail","6":"product_brand-aqua-signal-pt","7":"product_cat-luzes-de-navegacao","8":"product_cat-projetores-e-holofotes","10":"first","11":"instock","12":"shipping-taxable","13":"purchasable","14":"product-type-simple"},"_links":{"self":[{"href":"https:\/\/stoic-curie.212-227-153-4.plesk.page\/pt\/wp-json\/wp\/v2\/product\/745852","targetHints":{"allow":["GET"]}}],"collection":[{"href":"https:\/\/stoic-curie.212-227-153-4.plesk.page\/pt\/wp-json\/wp\/v2\/product"}],"about":[{"href":"https:\/\/stoic-curie.212-227-153-4.plesk.page\/pt\/wp-json\/wp\/v2\/types\/product"}],"replies":[{"embeddable":true,"href":"https:\/\/stoic-curie.212-227-153-4.plesk.page\/pt\/wp-json\/wp\/v2\/comments?post=745852"}],"version-history":[{"count":0,"href":"https:\/\/stoic-curie.212-227-153-4.plesk.page\/pt\/wp-json\/wp\/v2\/product\/745852\/revisions"}],"wp:featuredmedia":[{"embeddable":true,"href":"https:\/\/stoic-curie.212-227-153-4.plesk.page\/pt\/wp-json\/wp\/v2\/media\/5935721"}],"wp:attachment":[{"href":"https:\/\/stoic-curie.212-227-153-4.plesk.page\/pt\/wp-json\/wp\/v2\/media?parent=745852"}],"wp:term":[{"taxonomy":"product_brand","embeddable":true,"href":"https:\/\/stoic-curie.212-227-153-4.plesk.page\/pt\/wp-json\/wp\/v2\/product_brand?post=745852"},{"taxonomy":"product_cat","embeddable":true,"href":"https:\/\/stoic-curie.212-227-153-4.plesk.page\/pt\/wp-json\/wp\/v2\/product_cat?post=745852"},{"taxonomy":"product_tag","embeddable":true,"href":"https:\/\/stoic-curie.212-227-153-4.plesk.page\/pt\/wp-json\/wp\/v2\/product_tag?post=745852"}],"curies":[{"name":"wp","href":"https:\/\/api.w.org\/{rel}","templated":true}]}}