{"id":745853,"date":"2025-03-03T20:44:43","date_gmt":"2025-03-03T19:44:43","guid":{"rendered":"https:\/\/stoic-curie.212-227-153-4.plesk.page\/producto\/projetor-de-aco-inoxidavel-aquasignal-island\/"},"modified":"2026-02-25T00:27:32","modified_gmt":"2026-02-25T00:27:32","slug":"projetor-de-aco-inoxidavel-aquasignal-island","status":"publish","type":"product","link":"https:\/\/stoic-curie.212-227-153-4.plesk.page\/pt\/product\/projetor-de-aco-inoxidavel-aquasignal-island\/","title":{"rendered":"Projetor de a\u00e7o inoxid\u00e1vel Aquasignal Island"},"content":{"rendered":"<p>Projetor de a\u00e7o inoxid\u00e1vel Aquasignal Island &#8211; Ilha de holofote, a\u00e7o inoxid\u00e1vel pintado de branco. IP67, suporte articulado para ajuste. Alim12V &#8211; 100W, 24V &#8211; 200W, 220V &#8211; 100W (l\u00e2mpada n\u00e3o inclu\u00edda).<\/p>\n","protected":false},"excerpt":{"rendered":"<p>Projetor de a\u00e7o inoxid\u00e1vel Aquasignal Island &#8211; Ilha de holofote, a\u00e7o inoxid\u00e1vel pintado de branco. IP67, suporte articulado para ajuste.<\/p>\n","protected":false},"featured_media":5935723,"comment_status":"open","ping_status":"closed","template":"","meta":[],"product_brand":[2792],"product_cat":[2021],"product_tag":[],"class_list":{"0":"post-745853","1":"product","2":"type-product","3":"status-publish","4":"has-post-thumbnail","6":"product_brand-aqua-signal-pt","7":"product_cat-projetores-e-holofotes","9":"first","10":"instock","11":"shipping-taxable","12":"purchasable","13":"product-type-simple"},"_links":{"self":[{"href":"https:\/\/stoic-curie.212-227-153-4.plesk.page\/pt\/wp-json\/wp\/v2\/product\/745853","targetHints":{"allow":["GET"]}}],"collection":[{"href":"https:\/\/stoic-curie.212-227-153-4.plesk.page\/pt\/wp-json\/wp\/v2\/product"}],"about":[{"href":"https:\/\/stoic-curie.212-227-153-4.plesk.page\/pt\/wp-json\/wp\/v2\/types\/product"}],"replies":[{"embeddable":true,"href":"https:\/\/stoic-curie.212-227-153-4.plesk.page\/pt\/wp-json\/wp\/v2\/comments?post=745853"}],"version-history":[{"count":0,"href":"https:\/\/stoic-curie.212-227-153-4.plesk.page\/pt\/wp-json\/wp\/v2\/product\/745853\/revisions"}],"wp:featuredmedia":[{"embeddable":true,"href":"https:\/\/stoic-curie.212-227-153-4.plesk.page\/pt\/wp-json\/wp\/v2\/media\/5935723"}],"wp:attachment":[{"href":"https:\/\/stoic-curie.212-227-153-4.plesk.page\/pt\/wp-json\/wp\/v2\/media?parent=745853"}],"wp:term":[{"taxonomy":"product_brand","embeddable":true,"href":"https:\/\/stoic-curie.212-227-153-4.plesk.page\/pt\/wp-json\/wp\/v2\/product_brand?post=745853"},{"taxonomy":"product_cat","embeddable":true,"href":"https:\/\/stoic-curie.212-227-153-4.plesk.page\/pt\/wp-json\/wp\/v2\/product_cat?post=745853"},{"taxonomy":"product_tag","embeddable":true,"href":"https:\/\/stoic-curie.212-227-153-4.plesk.page\/pt\/wp-json\/wp\/v2\/product_tag?post=745853"}],"curies":[{"name":"wp","href":"https:\/\/api.w.org\/{rel}","templated":true}]}}