{"id":745857,"date":"2025-03-03T20:44:45","date_gmt":"2025-03-03T19:44:45","guid":{"rendered":"https:\/\/stoic-curie.212-227-153-4.plesk.page\/producto\/colete-salva-vidas-desportivo-jet-pro-70n-70-80kg\/"},"modified":"2026-02-25T00:27:32","modified_gmt":"2026-02-25T00:27:32","slug":"colete-salva-vidas-desportivo-jet-pro-70n-70-80kg","status":"publish","type":"product","link":"https:\/\/stoic-curie.212-227-153-4.plesk.page\/pt\/product\/colete-salva-vidas-desportivo-jet-pro-70n-70-80kg\/","title":{"rendered":"Colete salva-vidas desportivo Jet-pro 70N 70-80kg"},"content":{"rendered":"<p>Colete salva-vidas desportivo Jet-pro 70N 70-80kg &#8211; <\/p>\n<p>O colete de flutua\u00e7\u00e3o Jet-Pro ISO EN12402-5 aprovado de 50N \u00e9 adequado para esportes aqu\u00e1ticos ativos, como esqui aqu\u00e1tico e jet ski. Dotado de prote\u00e7\u00f5es acolchoadas nas costas e laterais, bem como um sistema de ajuste com 4 tiras e fechos de libera\u00e7\u00e3o r\u00e1pida. 50N &#8211; Ajuda \u00e0 flutua\u00e7\u00e3o e nata\u00e7\u00e3o. Este n\u00e3o \u00e9 um colete salva-vidas. Para nadadores regulares. Para usar pr\u00f3ximo \u00e0 costa.<\/p>\n","protected":false},"excerpt":{"rendered":"<p>Colete salva-vidas desportivo Jet-pro 70N 70-80kg &#8211; O colete de flutua\u00e7\u00e3o Jet-Pro ISO EN12402-5 aprovado de 50N \u00e9 adequado para<\/p>\n","protected":false},"featured_media":5935781,"comment_status":"open","ping_status":"closed","template":"","meta":[],"product_brand":[2193,3517],"product_cat":[1890,2129],"product_tag":[],"class_list":{"0":"post-745857","1":"product","2":"type-product","3":"status-publish","4":"has-post-thumbnail","6":"product_brand-veleria-san-giorgio","7":"product_brand-veleria-san-giorgio-pt","8":"product_cat-auxiliares-flutuaveis","9":"product_cat-coletes-salva-vidas-ligeiros-para-desportos-aquaticos","11":"first","12":"instock","13":"shipping-taxable","14":"purchasable","15":"product-type-simple"},"_links":{"self":[{"href":"https:\/\/stoic-curie.212-227-153-4.plesk.page\/pt\/wp-json\/wp\/v2\/product\/745857","targetHints":{"allow":["GET"]}}],"collection":[{"href":"https:\/\/stoic-curie.212-227-153-4.plesk.page\/pt\/wp-json\/wp\/v2\/product"}],"about":[{"href":"https:\/\/stoic-curie.212-227-153-4.plesk.page\/pt\/wp-json\/wp\/v2\/types\/product"}],"replies":[{"embeddable":true,"href":"https:\/\/stoic-curie.212-227-153-4.plesk.page\/pt\/wp-json\/wp\/v2\/comments?post=745857"}],"version-history":[{"count":0,"href":"https:\/\/stoic-curie.212-227-153-4.plesk.page\/pt\/wp-json\/wp\/v2\/product\/745857\/revisions"}],"wp:featuredmedia":[{"embeddable":true,"href":"https:\/\/stoic-curie.212-227-153-4.plesk.page\/pt\/wp-json\/wp\/v2\/media\/5935781"}],"wp:attachment":[{"href":"https:\/\/stoic-curie.212-227-153-4.plesk.page\/pt\/wp-json\/wp\/v2\/media?parent=745857"}],"wp:term":[{"taxonomy":"product_brand","embeddable":true,"href":"https:\/\/stoic-curie.212-227-153-4.plesk.page\/pt\/wp-json\/wp\/v2\/product_brand?post=745857"},{"taxonomy":"product_cat","embeddable":true,"href":"https:\/\/stoic-curie.212-227-153-4.plesk.page\/pt\/wp-json\/wp\/v2\/product_cat?post=745857"},{"taxonomy":"product_tag","embeddable":true,"href":"https:\/\/stoic-curie.212-227-153-4.plesk.page\/pt\/wp-json\/wp\/v2\/product_tag?post=745857"}],"curies":[{"name":"wp","href":"https:\/\/api.w.org\/{rel}","templated":true}]}}