{"id":745861,"date":"2025-03-03T20:44:47","date_gmt":"2025-03-03T19:44:47","guid":{"rendered":"https:\/\/stoic-curie.212-227-153-4.plesk.page\/producto\/sikaflex-primario-adesivo-250ml\/"},"modified":"2026-02-25T00:27:32","modified_gmt":"2026-02-25T00:27:32","slug":"sikaflex-primario-adesivo-250ml","status":"publish","type":"product","link":"https:\/\/stoic-curie.212-227-153-4.plesk.page\/pt\/product\/sikaflex-primario-adesivo-250ml\/","title":{"rendered":"Sikaflex Prim\u00e1rio Adesivo 250ml"},"content":{"rendered":"<p>Sikaflex Prim\u00e1rio Adesivo 250ml &#8211; <\/p>\n<p>Um primer que pode ser usado para melhorar a ades\u00e3o e a efici\u00eancia.<\/p>\n","protected":false},"excerpt":{"rendered":"<p>Sikaflex Prim\u00e1rio Adesivo 250ml &#8211; Um primer que pode ser usado para melhorar a ades\u00e3o e a efici\u00eancia.<\/p>\n","protected":false},"featured_media":5935857,"comment_status":"open","ping_status":"closed","template":"","meta":[],"product_brand":[3397],"product_cat":[1924],"product_tag":[],"class_list":{"0":"post-745861","1":"product","2":"type-product","3":"status-publish","4":"has-post-thumbnail","6":"product_brand-sika-marine-pt","7":"product_cat-adesivos-e-selantes","9":"first","10":"instock","11":"shipping-taxable","12":"purchasable","13":"product-type-simple"},"_links":{"self":[{"href":"https:\/\/stoic-curie.212-227-153-4.plesk.page\/pt\/wp-json\/wp\/v2\/product\/745861","targetHints":{"allow":["GET"]}}],"collection":[{"href":"https:\/\/stoic-curie.212-227-153-4.plesk.page\/pt\/wp-json\/wp\/v2\/product"}],"about":[{"href":"https:\/\/stoic-curie.212-227-153-4.plesk.page\/pt\/wp-json\/wp\/v2\/types\/product"}],"replies":[{"embeddable":true,"href":"https:\/\/stoic-curie.212-227-153-4.plesk.page\/pt\/wp-json\/wp\/v2\/comments?post=745861"}],"version-history":[{"count":0,"href":"https:\/\/stoic-curie.212-227-153-4.plesk.page\/pt\/wp-json\/wp\/v2\/product\/745861\/revisions"}],"wp:featuredmedia":[{"embeddable":true,"href":"https:\/\/stoic-curie.212-227-153-4.plesk.page\/pt\/wp-json\/wp\/v2\/media\/5935857"}],"wp:attachment":[{"href":"https:\/\/stoic-curie.212-227-153-4.plesk.page\/pt\/wp-json\/wp\/v2\/media?parent=745861"}],"wp:term":[{"taxonomy":"product_brand","embeddable":true,"href":"https:\/\/stoic-curie.212-227-153-4.plesk.page\/pt\/wp-json\/wp\/v2\/product_brand?post=745861"},{"taxonomy":"product_cat","embeddable":true,"href":"https:\/\/stoic-curie.212-227-153-4.plesk.page\/pt\/wp-json\/wp\/v2\/product_cat?post=745861"},{"taxonomy":"product_tag","embeddable":true,"href":"https:\/\/stoic-curie.212-227-153-4.plesk.page\/pt\/wp-json\/wp\/v2\/product_tag?post=745861"}],"curies":[{"name":"wp","href":"https:\/\/api.w.org\/{rel}","templated":true}]}}