{"id":745864,"date":"2025-03-03T20:44:48","date_gmt":"2025-03-03T19:44:48","guid":{"rendered":"https:\/\/stoic-curie.212-227-153-4.plesk.page\/producto\/rolo-de-arco-com-bloqueio-de-aco-inoxidavel-de-205mm\/"},"modified":"2026-02-25T00:27:36","modified_gmt":"2026-02-25T00:27:36","slug":"rolo-de-arco-com-bloqueio-de-aco-inoxidavel-de-205mm","status":"publish","type":"product","link":"https:\/\/stoic-curie.212-227-153-4.plesk.page\/pt\/product\/rolo-de-arco-com-bloqueio-de-aco-inoxidavel-de-205mm\/","title":{"rendered":"Rolo de arco com bloqueio de a\u00e7o inoxid\u00e1vel de 205mm"},"content":{"rendered":"<p>Rolo de arco com bloqueio de a\u00e7o inoxid\u00e1vel de 205mm &#8211; <\/p>\n<p>Rolo de proa em a\u00e7o inoxid\u00e1vel fundido com polimento espelhado e fecho de \u00e2ncora instalado.<\/p>\n","protected":false},"excerpt":{"rendered":"<p>Rolo de arco com bloqueio de a\u00e7o inoxid\u00e1vel de 205mm &#8211; Rolo de proa em a\u00e7o inoxid\u00e1vel fundido com polimento<\/p>\n","protected":false},"featured_media":5935674,"comment_status":"open","ping_status":"closed","template":"","meta":[],"product_brand":[3122],"product_cat":[1996],"product_tag":[],"class_list":{"0":"post-745864","1":"product","2":"type-product","3":"status-publish","4":"has-post-thumbnail","6":"product_brand-marinetech-pt","7":"product_cat-rolo-de-ancora-de-proa","9":"first","10":"instock","11":"shipping-taxable","12":"purchasable","13":"product-type-simple"},"_links":{"self":[{"href":"https:\/\/stoic-curie.212-227-153-4.plesk.page\/pt\/wp-json\/wp\/v2\/product\/745864","targetHints":{"allow":["GET"]}}],"collection":[{"href":"https:\/\/stoic-curie.212-227-153-4.plesk.page\/pt\/wp-json\/wp\/v2\/product"}],"about":[{"href":"https:\/\/stoic-curie.212-227-153-4.plesk.page\/pt\/wp-json\/wp\/v2\/types\/product"}],"replies":[{"embeddable":true,"href":"https:\/\/stoic-curie.212-227-153-4.plesk.page\/pt\/wp-json\/wp\/v2\/comments?post=745864"}],"version-history":[{"count":0,"href":"https:\/\/stoic-curie.212-227-153-4.plesk.page\/pt\/wp-json\/wp\/v2\/product\/745864\/revisions"}],"wp:featuredmedia":[{"embeddable":true,"href":"https:\/\/stoic-curie.212-227-153-4.plesk.page\/pt\/wp-json\/wp\/v2\/media\/5935674"}],"wp:attachment":[{"href":"https:\/\/stoic-curie.212-227-153-4.plesk.page\/pt\/wp-json\/wp\/v2\/media?parent=745864"}],"wp:term":[{"taxonomy":"product_brand","embeddable":true,"href":"https:\/\/stoic-curie.212-227-153-4.plesk.page\/pt\/wp-json\/wp\/v2\/product_brand?post=745864"},{"taxonomy":"product_cat","embeddable":true,"href":"https:\/\/stoic-curie.212-227-153-4.plesk.page\/pt\/wp-json\/wp\/v2\/product_cat?post=745864"},{"taxonomy":"product_tag","embeddable":true,"href":"https:\/\/stoic-curie.212-227-153-4.plesk.page\/pt\/wp-json\/wp\/v2\/product_tag?post=745864"}],"curies":[{"name":"wp","href":"https:\/\/api.w.org\/{rel}","templated":true}]}}