{"id":745866,"date":"2025-03-03T20:44:49","date_gmt":"2025-03-03T19:44:49","guid":{"rendered":"https:\/\/stoic-curie.212-227-153-4.plesk.page\/producto\/roldana-de-proa-modelo-classico-giratorio-340x80mm-aco-inoxidavel\/"},"modified":"2026-02-25T00:27:36","modified_gmt":"2026-02-25T00:27:36","slug":"roldana-de-proa-modelo-classico-giratorio-340x80mm-aco-inoxidavel","status":"publish","type":"product","link":"https:\/\/stoic-curie.212-227-153-4.plesk.page\/pt\/product\/roldana-de-proa-modelo-classico-giratorio-340x80mm-aco-inoxidavel\/","title":{"rendered":"Roldana de Proa Modelo Cl\u00e1ssico Girat\u00f3rio 340x80mm a\u00e7o inoxid\u00e1vel"},"content":{"rendered":"<p>Roldana de Proa Modelo Cl\u00e1ssico Girat\u00f3rio 340x80mm a\u00e7o inoxid\u00e1vel &#8211; <\/p>\n<p>Rolo de proa pivotante em a\u00e7o inoxid\u00e1vel estriado. Para \u00e2ncoras Bruce &#8211; Delta &#8211; CQR &#8211; Rocna &#8211; Spade. Fecho de \u00e2ncora (opcional). C=Comprimento L=Largura<\/p>\n","protected":false},"excerpt":{"rendered":"<p>Roldana de Proa Modelo Cl\u00e1ssico Girat\u00f3rio 340x80mm a\u00e7o inoxid\u00e1vel &#8211; Rolo de proa pivotante em a\u00e7o inoxid\u00e1vel estriado. Para \u00e2ncoras<\/p>\n","protected":false},"featured_media":5935905,"comment_status":"open","ping_status":"closed","template":"","meta":[],"product_brand":[3122],"product_cat":[1996],"product_tag":[],"class_list":{"0":"post-745866","1":"product","2":"type-product","3":"status-publish","4":"has-post-thumbnail","6":"product_brand-marinetech-pt","7":"product_cat-rolo-de-ancora-de-proa","9":"first","10":"instock","11":"shipping-taxable","12":"purchasable","13":"product-type-simple"},"_links":{"self":[{"href":"https:\/\/stoic-curie.212-227-153-4.plesk.page\/pt\/wp-json\/wp\/v2\/product\/745866","targetHints":{"allow":["GET"]}}],"collection":[{"href":"https:\/\/stoic-curie.212-227-153-4.plesk.page\/pt\/wp-json\/wp\/v2\/product"}],"about":[{"href":"https:\/\/stoic-curie.212-227-153-4.plesk.page\/pt\/wp-json\/wp\/v2\/types\/product"}],"replies":[{"embeddable":true,"href":"https:\/\/stoic-curie.212-227-153-4.plesk.page\/pt\/wp-json\/wp\/v2\/comments?post=745866"}],"version-history":[{"count":0,"href":"https:\/\/stoic-curie.212-227-153-4.plesk.page\/pt\/wp-json\/wp\/v2\/product\/745866\/revisions"}],"wp:featuredmedia":[{"embeddable":true,"href":"https:\/\/stoic-curie.212-227-153-4.plesk.page\/pt\/wp-json\/wp\/v2\/media\/5935905"}],"wp:attachment":[{"href":"https:\/\/stoic-curie.212-227-153-4.plesk.page\/pt\/wp-json\/wp\/v2\/media?parent=745866"}],"wp:term":[{"taxonomy":"product_brand","embeddable":true,"href":"https:\/\/stoic-curie.212-227-153-4.plesk.page\/pt\/wp-json\/wp\/v2\/product_brand?post=745866"},{"taxonomy":"product_cat","embeddable":true,"href":"https:\/\/stoic-curie.212-227-153-4.plesk.page\/pt\/wp-json\/wp\/v2\/product_cat?post=745866"},{"taxonomy":"product_tag","embeddable":true,"href":"https:\/\/stoic-curie.212-227-153-4.plesk.page\/pt\/wp-json\/wp\/v2\/product_tag?post=745866"}],"curies":[{"name":"wp","href":"https:\/\/api.w.org\/{rel}","templated":true}]}}