{"id":746002,"date":"2025-03-03T20:45:50","date_gmt":"2025-03-03T19:45:50","guid":{"rendered":"https:\/\/stoic-curie.212-227-153-4.plesk.page\/producto\/mordedor-antal-v-grip-single-12\/"},"modified":"2026-02-25T00:27:37","modified_gmt":"2026-02-25T00:27:37","slug":"mordedor-antal-v-grip-single-12","status":"publish","type":"product","link":"https:\/\/stoic-curie.212-227-153-4.plesk.page\/pt\/product\/mordedor-antal-v-grip-single-12\/","title":{"rendered":"Mordedor Antal V-Grip Single 12<16mm"},"content":{"rendered":"<p>Mordedor Antal V-Grip Single 12<16mm - \n\n<p>Parada Antal V-Grip com maior capacidade de reten\u00e7\u00e3o. N\u00e3o causa danos na cobertura da linha. Perfeito para linhas compostas como Kevlar, Vectran e Spectra. Excelente em poli\u00e9ster. Constru\u00e7\u00e3o interna em a\u00e7o. Sem deslizamento da linha. Permite a libera\u00e7\u00e3o da linha sob carga m\u00e1xima sem o uso de um guincho. A linha tamb\u00e9m pode ser passada pelo stopper sem abrir o mecanismo de cames. Apenas 6,5 cm de altura do corpo.<\/p>\n","protected":false},"excerpt":{"rendered":"<p>Mordedor Antal V-Grip Single 12<\/p>\n","protected":false},"featured_media":5936220,"comment_status":"open","ping_status":"closed","template":"","meta":[],"product_brand":[2787],"product_cat":[2059],"product_tag":[],"class_list":{"0":"post-746002","1":"product","2":"type-product","3":"status-publish","4":"has-post-thumbnail","6":"product_brand-antal-pt","7":"product_cat-mordedores","9":"first","10":"instock","11":"shipping-taxable","12":"purchasable","13":"product-type-simple"},"_links":{"self":[{"href":"https:\/\/stoic-curie.212-227-153-4.plesk.page\/pt\/wp-json\/wp\/v2\/product\/746002","targetHints":{"allow":["GET"]}}],"collection":[{"href":"https:\/\/stoic-curie.212-227-153-4.plesk.page\/pt\/wp-json\/wp\/v2\/product"}],"about":[{"href":"https:\/\/stoic-curie.212-227-153-4.plesk.page\/pt\/wp-json\/wp\/v2\/types\/product"}],"replies":[{"embeddable":true,"href":"https:\/\/stoic-curie.212-227-153-4.plesk.page\/pt\/wp-json\/wp\/v2\/comments?post=746002"}],"version-history":[{"count":0,"href":"https:\/\/stoic-curie.212-227-153-4.plesk.page\/pt\/wp-json\/wp\/v2\/product\/746002\/revisions"}],"wp:featuredmedia":[{"embeddable":true,"href":"https:\/\/stoic-curie.212-227-153-4.plesk.page\/pt\/wp-json\/wp\/v2\/media\/5936220"}],"wp:attachment":[{"href":"https:\/\/stoic-curie.212-227-153-4.plesk.page\/pt\/wp-json\/wp\/v2\/media?parent=746002"}],"wp:term":[{"taxonomy":"product_brand","embeddable":true,"href":"https:\/\/stoic-curie.212-227-153-4.plesk.page\/pt\/wp-json\/wp\/v2\/product_brand?post=746002"},{"taxonomy":"product_cat","embeddable":true,"href":"https:\/\/stoic-curie.212-227-153-4.plesk.page\/pt\/wp-json\/wp\/v2\/product_cat?post=746002"},{"taxonomy":"product_tag","embeddable":true,"href":"https:\/\/stoic-curie.212-227-153-4.plesk.page\/pt\/wp-json\/wp\/v2\/product_tag?post=746002"}],"curies":[{"name":"wp","href":"https:\/\/api.w.org\/{rel}","templated":true}]}}