{"id":746003,"date":"2025-03-03T20:45:51","date_gmt":"2025-03-03T19:45:51","guid":{"rendered":"https:\/\/stoic-curie.212-227-153-4.plesk.page\/producto\/bimini-branco-f2-aluminio-2-arcos-130-cm-de-largura-x-180-cm-de-comprimento-x-110-cm-de-altura\/"},"modified":"2026-02-25T00:27:37","modified_gmt":"2026-02-25T00:27:37","slug":"bimini-branco-f2-aluminio-2-arcos-130-cm-de-largura-x-180-cm-de-comprimento-x-110-cm-de-altura","status":"publish","type":"product","link":"https:\/\/stoic-curie.212-227-153-4.plesk.page\/pt\/product\/bimini-branco-f2-aluminio-2-arcos-130-cm-de-largura-x-180-cm-de-comprimento-x-110-cm-de-altura\/","title":{"rendered":"Bimini Branco F2 Alum\u00ednio 2 arcos 130 cm de largura x 180 cm de comprimento x 110 cm de altura"},"content":{"rendered":"<p>Bimini Branco F2 Alum\u00ednio 2 arcos 130 cm de largura x 180 cm de comprimento x 110 cm de altura &#8211; <\/p>\n<p>Top bimini de sol e \u00e1gua com 2 arcos. Estrutura em alum\u00ednio anodizado, tecido de poli\u00e9ster 100% revestido de PVC. Tubos de 20 mm.<\/p>\n","protected":false},"excerpt":{"rendered":"<p>Bimini Branco F2 Alum\u00ednio 2 arcos 130 cm de largura x 180 cm de comprimento x 110 cm de altura<\/p>\n","protected":false},"featured_media":5936240,"comment_status":"open","ping_status":"closed","template":"","meta":[],"product_brand":[3187],"product_cat":[1976],"product_tag":[],"class_list":{"0":"post-746003","1":"product","2":"type-product","3":"status-publish","4":"has-post-thumbnail","6":"product_brand-nettuno-pt","7":"product_cat-toldos-bimini-hardware-nautico","9":"first","10":"instock","11":"shipping-taxable","12":"purchasable","13":"product-type-simple"},"_links":{"self":[{"href":"https:\/\/stoic-curie.212-227-153-4.plesk.page\/pt\/wp-json\/wp\/v2\/product\/746003","targetHints":{"allow":["GET"]}}],"collection":[{"href":"https:\/\/stoic-curie.212-227-153-4.plesk.page\/pt\/wp-json\/wp\/v2\/product"}],"about":[{"href":"https:\/\/stoic-curie.212-227-153-4.plesk.page\/pt\/wp-json\/wp\/v2\/types\/product"}],"replies":[{"embeddable":true,"href":"https:\/\/stoic-curie.212-227-153-4.plesk.page\/pt\/wp-json\/wp\/v2\/comments?post=746003"}],"version-history":[{"count":0,"href":"https:\/\/stoic-curie.212-227-153-4.plesk.page\/pt\/wp-json\/wp\/v2\/product\/746003\/revisions"}],"wp:featuredmedia":[{"embeddable":true,"href":"https:\/\/stoic-curie.212-227-153-4.plesk.page\/pt\/wp-json\/wp\/v2\/media\/5936240"}],"wp:attachment":[{"href":"https:\/\/stoic-curie.212-227-153-4.plesk.page\/pt\/wp-json\/wp\/v2\/media?parent=746003"}],"wp:term":[{"taxonomy":"product_brand","embeddable":true,"href":"https:\/\/stoic-curie.212-227-153-4.plesk.page\/pt\/wp-json\/wp\/v2\/product_brand?post=746003"},{"taxonomy":"product_cat","embeddable":true,"href":"https:\/\/stoic-curie.212-227-153-4.plesk.page\/pt\/wp-json\/wp\/v2\/product_cat?post=746003"},{"taxonomy":"product_tag","embeddable":true,"href":"https:\/\/stoic-curie.212-227-153-4.plesk.page\/pt\/wp-json\/wp\/v2\/product_tag?post=746003"}],"curies":[{"name":"wp","href":"https:\/\/api.w.org\/{rel}","templated":true}]}}