{"id":746007,"date":"2025-03-03T20:45:52","date_gmt":"2025-03-03T19:45:52","guid":{"rendered":"https:\/\/stoic-curie.212-227-153-4.plesk.page\/producto\/bimini-nautico-f3-aluminio-3-arcos-170cm-largura-x-180cm-comprimento-x-110cm-altura\/"},"modified":"2026-02-25T00:27:37","modified_gmt":"2026-02-25T00:27:37","slug":"bimini-nautico-f3-aluminio-3-arcos-170cm-largura-x-180cm-comprimento-x-110cm-altura","status":"publish","type":"product","link":"https:\/\/stoic-curie.212-227-153-4.plesk.page\/pt\/product\/bimini-nautico-f3-aluminio-3-arcos-170cm-largura-x-180cm-comprimento-x-110cm-altura\/","title":{"rendered":"Bimini n\u00e1utico F3 Alum\u00ednio 3 arcos 170cm Largura x 180cm Comprimento x 110cm Altura"},"content":{"rendered":"<p>Bimini n\u00e1utico F3 Alum\u00ednio 3 arcos 170cm Largura x 180cm Comprimento x 110cm Altura &#8211; <\/p>\n<p>Top bimini de sol com 3 arcos. Estrutura de alum\u00ednio anodizado, tecido de poli\u00e9ster 100% revestido de PVC. Tubos de 20 mm.<\/p>\n","protected":false},"excerpt":{"rendered":"<p>Bimini n\u00e1utico F3 Alum\u00ednio 3 arcos 170cm Largura x 180cm Comprimento x 110cm Altura &#8211; Top bimini de sol com<\/p>\n","protected":false},"featured_media":5936244,"comment_status":"open","ping_status":"closed","template":"","meta":[],"product_brand":[3187],"product_cat":[1976],"product_tag":[],"class_list":{"0":"post-746007","1":"product","2":"type-product","3":"status-publish","4":"has-post-thumbnail","6":"product_brand-nettuno-pt","7":"product_cat-toldos-bimini-hardware-nautico","9":"first","10":"instock","11":"shipping-taxable","12":"purchasable","13":"product-type-simple"},"_links":{"self":[{"href":"https:\/\/stoic-curie.212-227-153-4.plesk.page\/pt\/wp-json\/wp\/v2\/product\/746007","targetHints":{"allow":["GET"]}}],"collection":[{"href":"https:\/\/stoic-curie.212-227-153-4.plesk.page\/pt\/wp-json\/wp\/v2\/product"}],"about":[{"href":"https:\/\/stoic-curie.212-227-153-4.plesk.page\/pt\/wp-json\/wp\/v2\/types\/product"}],"replies":[{"embeddable":true,"href":"https:\/\/stoic-curie.212-227-153-4.plesk.page\/pt\/wp-json\/wp\/v2\/comments?post=746007"}],"version-history":[{"count":0,"href":"https:\/\/stoic-curie.212-227-153-4.plesk.page\/pt\/wp-json\/wp\/v2\/product\/746007\/revisions"}],"wp:featuredmedia":[{"embeddable":true,"href":"https:\/\/stoic-curie.212-227-153-4.plesk.page\/pt\/wp-json\/wp\/v2\/media\/5936244"}],"wp:attachment":[{"href":"https:\/\/stoic-curie.212-227-153-4.plesk.page\/pt\/wp-json\/wp\/v2\/media?parent=746007"}],"wp:term":[{"taxonomy":"product_brand","embeddable":true,"href":"https:\/\/stoic-curie.212-227-153-4.plesk.page\/pt\/wp-json\/wp\/v2\/product_brand?post=746007"},{"taxonomy":"product_cat","embeddable":true,"href":"https:\/\/stoic-curie.212-227-153-4.plesk.page\/pt\/wp-json\/wp\/v2\/product_cat?post=746007"},{"taxonomy":"product_tag","embeddable":true,"href":"https:\/\/stoic-curie.212-227-153-4.plesk.page\/pt\/wp-json\/wp\/v2\/product_tag?post=746007"}],"curies":[{"name":"wp","href":"https:\/\/api.w.org\/{rel}","templated":true}]}}