{"id":746009,"date":"2025-03-03T20:45:53","date_gmt":"2025-03-03T19:45:53","guid":{"rendered":"https:\/\/stoic-curie.212-227-153-4.plesk.page\/producto\/bimini-de-aluminio-branco-f3-3-arcos-180-cm-comprimento-x-150cm-h140cm\/"},"modified":"2026-02-25T00:27:37","modified_gmt":"2026-02-25T00:27:37","slug":"bimini-de-aluminio-branco-f3-3-arcos-180-cm-comprimento-x-150cm-h140cm","status":"publish","type":"product","link":"https:\/\/stoic-curie.212-227-153-4.plesk.page\/pt\/product\/bimini-de-aluminio-branco-f3-3-arcos-180-cm-comprimento-x-150cm-h140cm\/","title":{"rendered":"Bimini de Alum\u00ednio branco F3 3 arcos 180 cm Comprimento x 150cm H140cm"},"content":{"rendered":"<p>Bimini de Alum\u00ednio branco F3 3 arcos 180 cm Comprimento x 150cm H140cm &#8211; <\/p>\n<p>Top bimini de 3 arcos para sol e \u00e1gua. Estrutura de alum\u00ednio envernizada em branco, tecido de poli\u00e9ster 100% revestido com PVC. Tubos de 20 mm.<\/p>\n","protected":false},"excerpt":{"rendered":"<p>Bimini de Alum\u00ednio branco F3 3 arcos 180 cm Comprimento x 150cm H140cm &#8211; Top bimini de 3 arcos para<\/p>\n","protected":false},"featured_media":5936248,"comment_status":"open","ping_status":"closed","template":"","meta":[],"product_brand":[3187],"product_cat":[1976],"product_tag":[],"class_list":{"0":"post-746009","1":"product","2":"type-product","3":"status-publish","4":"has-post-thumbnail","6":"product_brand-nettuno-pt","7":"product_cat-toldos-bimini-hardware-nautico","9":"first","10":"instock","11":"shipping-taxable","12":"purchasable","13":"product-type-simple"},"_links":{"self":[{"href":"https:\/\/stoic-curie.212-227-153-4.plesk.page\/pt\/wp-json\/wp\/v2\/product\/746009","targetHints":{"allow":["GET"]}}],"collection":[{"href":"https:\/\/stoic-curie.212-227-153-4.plesk.page\/pt\/wp-json\/wp\/v2\/product"}],"about":[{"href":"https:\/\/stoic-curie.212-227-153-4.plesk.page\/pt\/wp-json\/wp\/v2\/types\/product"}],"replies":[{"embeddable":true,"href":"https:\/\/stoic-curie.212-227-153-4.plesk.page\/pt\/wp-json\/wp\/v2\/comments?post=746009"}],"version-history":[{"count":0,"href":"https:\/\/stoic-curie.212-227-153-4.plesk.page\/pt\/wp-json\/wp\/v2\/product\/746009\/revisions"}],"wp:featuredmedia":[{"embeddable":true,"href":"https:\/\/stoic-curie.212-227-153-4.plesk.page\/pt\/wp-json\/wp\/v2\/media\/5936248"}],"wp:attachment":[{"href":"https:\/\/stoic-curie.212-227-153-4.plesk.page\/pt\/wp-json\/wp\/v2\/media?parent=746009"}],"wp:term":[{"taxonomy":"product_brand","embeddable":true,"href":"https:\/\/stoic-curie.212-227-153-4.plesk.page\/pt\/wp-json\/wp\/v2\/product_brand?post=746009"},{"taxonomy":"product_cat","embeddable":true,"href":"https:\/\/stoic-curie.212-227-153-4.plesk.page\/pt\/wp-json\/wp\/v2\/product_cat?post=746009"},{"taxonomy":"product_tag","embeddable":true,"href":"https:\/\/stoic-curie.212-227-153-4.plesk.page\/pt\/wp-json\/wp\/v2\/product_tag?post=746009"}],"curies":[{"name":"wp","href":"https:\/\/api.w.org\/{rel}","templated":true}]}}