{"id":746011,"date":"2025-03-03T20:45:53","date_gmt":"2025-03-03T19:45:53","guid":{"rendered":"https:\/\/stoic-curie.212-227-153-4.plesk.page\/producto\/f3-aco-inoxidavel-bimini-3-arcos-brancos-200-x-185-x-h140-cm\/"},"modified":"2026-02-25T00:27:37","modified_gmt":"2026-02-25T00:27:37","slug":"f3-aco-inoxidavel-bimini-3-arcos-brancos-200-x-185-x-h140-cm","status":"publish","type":"product","link":"https:\/\/stoic-curie.212-227-153-4.plesk.page\/pt\/product\/f3-aco-inoxidavel-bimini-3-arcos-brancos-200-x-185-x-h140-cm\/","title":{"rendered":"Bimini a\u00e7o inoxid\u00e1vel 3 Arcos Brancos 200 x 185 x H140 cm"},"content":{"rendered":"<p>Bimini a\u00e7o inoxid\u00e1vel 3 Arcos Brancos 200 x 185 x H140 cm &#8211; <\/p>\n<p>Bimini de A\u00e7o Inoxid\u00e1vel F3 3 Arcos Branco 200 x 185 x H140 cm. O Bimini de 3 Arcos em A\u00e7o Inoxid\u00e1vel \u00e9 uma escolha excepcional de toldo, perfeito para uma variedade de barcos, incluindo barcos abertos, pequenos botes e RIBs. Com um elegante quadro em a\u00e7o inoxid\u00e1vel 316 de \u00d822mm, oferece sombra e prote\u00e7\u00e3o confi\u00e1veis durante suas excurs\u00f5es de navega\u00e7\u00e3o.<\/p>\n<p><strong>Materiais Premium para Maior Durabilidade<\/strong><\/p>\n<p>Feito em tecido ATLAS de grau marinho 310 g\/m\u00b2, este Bimini \u00e9 projetado para ser resistente aos raios UV e \u00e0s intemp\u00e9ries, garantindo desempenho duradouro e manuten\u00e7\u00e3o da cor em ambientes marinhos desafiadores. O kit vem completo com um quadro em a\u00e7o inoxid\u00e1vel, um toldo de tecido acompanhado por uma bota de armazenamento, tiras resistentes e travessas, simplificando o processo de instala\u00e7\u00e3o. Ele se destaca em desempenho, proporcionando conforto na \u00e1gua em velocidades de at\u00e9 40 n\u00f3s.<\/p>\n<p><strong>Considera\u00e7\u00f5es sobre os Componentes<\/strong><\/p>\n<p>Embora o kit inclua todos os componentes de montagem necess\u00e1rios, observe que os fixadores necess\u00e1rios para anexar o quadro do Bimini ao seu barco n\u00e3o est\u00e3o inclu\u00eddos; voc\u00ea precisar\u00e1 adquirir os fixadores apropriados com base no material do seu barco.<\/p>\n<p><strong>Solu\u00e7\u00f5es de Armazenamento Convenientes<\/strong><\/p>\n<p>Projetado para f\u00e1cil armazenamento, o Bimini inclui uma bota de armazenamento que facilita a retra\u00e7\u00e3o simples, mantendo o tecido solto livre do ac\u00famulo no seu barco. Pode ser facilmente colocado de forma plana no bordo ou totalmente removido ao desacoplar os suportes do conv\u00e9s.<\/p>\n<p><strong>Caracter\u00edsticas Principais:<\/strong><\/p>\n<ul>\n<li>Tecido resistente \u00e0 \u00e1gua e respir\u00e1vel<\/li>\n<li>Resistente ao UV e \u00e0s intemp\u00e9ries com solidez de cor de grau 6-7<\/li>\n<li>Resistente a mofo e bolor<\/li>\n<li>Estrutura de a\u00e7o inoxid\u00e1vel dur\u00e1vel e acess\u00f3rios de grau marinho<\/li>\n<li>Confort\u00e1vel em velocidades de at\u00e9 40 n\u00f3s<\/li>\n<\/ul>\n","protected":false},"excerpt":{"rendered":"<p>Bimini a\u00e7o inoxid\u00e1vel 3 Arcos Brancos 200 x 185 x H140 cm &#8211; Bimini de A\u00e7o Inoxid\u00e1vel F3 3 Arcos<\/p>\n","protected":false},"featured_media":5936251,"comment_status":"open","ping_status":"closed","template":"","meta":[],"product_brand":[3187],"product_cat":[1976],"product_tag":[],"class_list":{"0":"post-746011","1":"product","2":"type-product","3":"status-publish","4":"has-post-thumbnail","6":"product_brand-nettuno-pt","7":"product_cat-toldos-bimini-hardware-nautico","9":"first","10":"instock","11":"shipping-taxable","12":"purchasable","13":"product-type-simple"},"_links":{"self":[{"href":"https:\/\/stoic-curie.212-227-153-4.plesk.page\/pt\/wp-json\/wp\/v2\/product\/746011","targetHints":{"allow":["GET"]}}],"collection":[{"href":"https:\/\/stoic-curie.212-227-153-4.plesk.page\/pt\/wp-json\/wp\/v2\/product"}],"about":[{"href":"https:\/\/stoic-curie.212-227-153-4.plesk.page\/pt\/wp-json\/wp\/v2\/types\/product"}],"replies":[{"embeddable":true,"href":"https:\/\/stoic-curie.212-227-153-4.plesk.page\/pt\/wp-json\/wp\/v2\/comments?post=746011"}],"version-history":[{"count":0,"href":"https:\/\/stoic-curie.212-227-153-4.plesk.page\/pt\/wp-json\/wp\/v2\/product\/746011\/revisions"}],"wp:featuredmedia":[{"embeddable":true,"href":"https:\/\/stoic-curie.212-227-153-4.plesk.page\/pt\/wp-json\/wp\/v2\/media\/5936251"}],"wp:attachment":[{"href":"https:\/\/stoic-curie.212-227-153-4.plesk.page\/pt\/wp-json\/wp\/v2\/media?parent=746011"}],"wp:term":[{"taxonomy":"product_brand","embeddable":true,"href":"https:\/\/stoic-curie.212-227-153-4.plesk.page\/pt\/wp-json\/wp\/v2\/product_brand?post=746011"},{"taxonomy":"product_cat","embeddable":true,"href":"https:\/\/stoic-curie.212-227-153-4.plesk.page\/pt\/wp-json\/wp\/v2\/product_cat?post=746011"},{"taxonomy":"product_tag","embeddable":true,"href":"https:\/\/stoic-curie.212-227-153-4.plesk.page\/pt\/wp-json\/wp\/v2\/product_tag?post=746011"}],"curies":[{"name":"wp","href":"https:\/\/api.w.org\/{rel}","templated":true}]}}