{"id":746013,"date":"2025-03-03T20:45:54","date_gmt":"2025-03-03T19:45:54","guid":{"rendered":"https:\/\/stoic-curie.212-227-153-4.plesk.page\/producto\/aco-inoxidavel-bimini-eco-top-white-3-arcos-230-x-235-x-h140-cm\/"},"modified":"2026-02-25T00:27:37","modified_gmt":"2026-02-25T00:27:37","slug":"aco-inoxidavel-bimini-eco-top-white-3-arcos-230-x-235-x-h140-cm","status":"publish","type":"product","link":"https:\/\/stoic-curie.212-227-153-4.plesk.page\/pt\/product\/aco-inoxidavel-bimini-eco-top-white-3-arcos-230-x-235-x-h140-cm\/","title":{"rendered":"A\u00e7o inoxid\u00e1vel Bimini Eco-Top White 3 Arcos 230 x 235 x H140 cm"},"content":{"rendered":"<p>A\u00e7o inoxid\u00e1vel Bimini Eco-Top White 3 Arcos 230 x 235 x H140 cm &#8211; <\/p>\n<p style=\"\"><span style=\"color: rgb(34, 34, 34); font-family: Arial, Helvetica, sans-serif; font-size: small; font-weight: 700;\">Bimini Eco-Top em A\u00e7o Inoxid\u00e1vel Branco 3 Arcos 230 x 235 x H140 cm.&nbsp;<\/span><strong style=\"color: rgb(34, 34, 34); font-family: Arial, Helvetica, sans-serif; font-size: small;\">Bimini de 3 Arcos em A\u00e7o Inoxid\u00e1vel: Solu\u00e7\u00e3o de Sombreamento Robusta para Sua Embarca\u00e7\u00e3o<\/strong><\/p>\n<p style=\"color: rgb(34, 34, 34); font-family: Arial, Helvetica, sans-serif; font-size: small;\">O Bimini de 3 Arcos em A\u00e7o Inoxid\u00e1vel \u00e9 um toldo robusto e de alta qualidade, adequado para v\u00e1rios tipos de embarca\u00e7\u00f5es. \u00c9 ideal para barcos abertos, barcos de alum\u00ednio, consoles centrais, consoles laterais, lanchas, botes infl\u00e1veis e embarca\u00e7\u00f5es RIB. Com um design elegante e uma estrutura de a\u00e7o inoxid\u00e1vel 316 de \u00d822mm, oferece sombra e prote\u00e7\u00e3o confi\u00e1veis durante suas aventuras n\u00e1uticas.<\/p>\n<p style=\"color: rgb(34, 34, 34); font-family: Arial, Helvetica, sans-serif; font-size: small;\"> <strong>Materiais de Alta Qualidade para Maior Durabilidade<\/strong><\/p>\n<p style=\"color: rgb(34, 34, 34); font-family: Arial, Helvetica, sans-serif; font-size: small;\">Constru\u00eddo com tecido ATLAS de grau marinho, pesando 310 g\/m\u00b2, nosso Bimini de 3 Arcos em A\u00e7o Inoxid\u00e1vel \u00e9 projetado para durabilidade. Este tecido \u00e9 resistente aos raios UV e \u00e0s intemp\u00e9ries, garantindo que permane\u00e7a forte e retenha sua cor mesmo em ambientes marinhos desafiadores. As fixa\u00e7\u00f5es de a\u00e7o inoxid\u00e1vel 316 de grau marinho contribuem para sua longa vida \u00fatil. O kit inclui m\u00faltiplos componentes, como uma estrutura de a\u00e7o inoxid\u00e1vel, um toldo de tecido com uma capa de armazenamento, cintas de alta resist\u00eancia e travessas. Todas as pe\u00e7as necess\u00e1rias para uma instala\u00e7\u00e3o r\u00e1pida e simples tamb\u00e9m est\u00e3o inclu\u00eddas. Este Bimini \u00e9 altamente funcional e apresenta um desempenho excepcional, proporcionando uma experi\u00eancia confort\u00e1vel na \u00e1gua, mesmo a velocidades de at\u00e9 40 n\u00f3s.<\/p>\n<p style=\"color: rgb(34, 34, 34); font-family: Arial, Helvetica, sans-serif; font-size: small;\"> <strong>Nota Importante sobre o Material de Montagem<\/strong><\/p>\n<p style=\"color: rgb(34, 34, 34); font-family: Arial, Helvetica, sans-serif; font-size: small;\">O kit Bimini Cl\u00e1ssico de 3 Arcos em A\u00e7o Inoxid\u00e1vel vem completo com todo o hardware necess\u00e1rio para a montagem. No entanto, observe que os acess\u00f3rios ou parafusos necess\u00e1rios para fixar a estrutura do Bimini ao seu barco n\u00e3o est\u00e3o inclu\u00eddos. Voc\u00ea precisar\u00e1 adquirir acess\u00f3rios compat\u00edveis com base no material do seu barco.<\/p>\n<p style=\"color: rgb(34, 34, 34); font-family: Arial, Helvetica, sans-serif; font-size: small;\"> <strong>Armazenamento Pr\u00e1tico para Retra\u00e7\u00e3o Conveniente<\/strong><\/p>\n<p style=\"color: rgb(34, 34, 34); font-family: Arial, Helvetica, sans-serif; font-size: small;\">O nosso Bimini de 3 Arcos em A\u00e7o Inoxid\u00e1vel \u00e9 projetado para f\u00e1cil armazenamento. A capa de armazenamento est\u00e1 convenientemente localizada na parte inferior do toldo, facilitando a retra\u00e7\u00e3o simples. Este design tamb\u00e9m ajuda a evitar que materiais soltos permane\u00e7am a bordo. Voc\u00ea pode rapidamente desatar o ajuste de fita, permitindo que todo o Bimini fique plano na borda do barco. Al\u00e9m disso, pode ser completamente removido ao desconectar os suportes de deck.<\/p>\n<p style=\"color: rgb(34, 34, 34); font-family: Arial, Helvetica, sans-serif; font-size: small;\"> <strong>Durabilidade e Qualidade Excepcionais<\/strong><\/p>\n<ul style=\"color: rgb(34, 34, 34); font-family: Arial, Helvetica, sans-serif; font-size: small;\">\n<li>Bimini de 3 Arcos com comprimento do toldo de 183 cm (da frente para tr\u00e1s) e altura de 130 cm (pode ser cortado para 110 cm, se necess\u00e1rio)<\/li>\n<li>Tecido ATLAS de grau marinho, respir\u00e1vel e resistente \u00e0 \u00e1gua (310 g\/m\u00b2)<\/li>\n<li>Resistente a UV e intemp\u00e9ries, com solidez de cor avaliada em grau 6-7<\/li>\n<li>Resistente a fungos e mofo<\/li>\n<li>Estrutura de a\u00e7o inoxid\u00e1vel 316 de \u00d822mm para resist\u00eancia e confiabilidade<\/li>\n<li>Cintas de nylon para amarra\u00e7\u00e3o na frente e atr\u00e1s (pilares de suporte traseiro s\u00f3lidos dispon\u00edveis separadamente)<\/li>\n<li>Fixa\u00e7\u00f5es de grau marinho<\/li>\n<li>Proporciona uma experi\u00eancia confort\u00e1vel na \u00e1gua a velocidades de at\u00e9 40 n\u00f3s<\/li>\n<\/ul>\n","protected":false},"excerpt":{"rendered":"<p>A\u00e7o inoxid\u00e1vel Bimini Eco-Top White 3 Arcos 230 x 235 x H140 cm &#8211; Bimini Eco-Top em A\u00e7o Inoxid\u00e1vel Branco<\/p>\n","protected":false},"featured_media":5936251,"comment_status":"open","ping_status":"closed","template":"","meta":[],"product_brand":[3187],"product_cat":[1976],"product_tag":[],"class_list":{"0":"post-746013","1":"product","2":"type-product","3":"status-publish","4":"has-post-thumbnail","6":"product_brand-nettuno-pt","7":"product_cat-toldos-bimini-hardware-nautico","9":"first","10":"instock","11":"shipping-taxable","12":"purchasable","13":"product-type-simple"},"_links":{"self":[{"href":"https:\/\/stoic-curie.212-227-153-4.plesk.page\/pt\/wp-json\/wp\/v2\/product\/746013","targetHints":{"allow":["GET"]}}],"collection":[{"href":"https:\/\/stoic-curie.212-227-153-4.plesk.page\/pt\/wp-json\/wp\/v2\/product"}],"about":[{"href":"https:\/\/stoic-curie.212-227-153-4.plesk.page\/pt\/wp-json\/wp\/v2\/types\/product"}],"replies":[{"embeddable":true,"href":"https:\/\/stoic-curie.212-227-153-4.plesk.page\/pt\/wp-json\/wp\/v2\/comments?post=746013"}],"version-history":[{"count":0,"href":"https:\/\/stoic-curie.212-227-153-4.plesk.page\/pt\/wp-json\/wp\/v2\/product\/746013\/revisions"}],"wp:featuredmedia":[{"embeddable":true,"href":"https:\/\/stoic-curie.212-227-153-4.plesk.page\/pt\/wp-json\/wp\/v2\/media\/5936251"}],"wp:attachment":[{"href":"https:\/\/stoic-curie.212-227-153-4.plesk.page\/pt\/wp-json\/wp\/v2\/media?parent=746013"}],"wp:term":[{"taxonomy":"product_brand","embeddable":true,"href":"https:\/\/stoic-curie.212-227-153-4.plesk.page\/pt\/wp-json\/wp\/v2\/product_brand?post=746013"},{"taxonomy":"product_cat","embeddable":true,"href":"https:\/\/stoic-curie.212-227-153-4.plesk.page\/pt\/wp-json\/wp\/v2\/product_cat?post=746013"},{"taxonomy":"product_tag","embeddable":true,"href":"https:\/\/stoic-curie.212-227-153-4.plesk.page\/pt\/wp-json\/wp\/v2\/product_tag?post=746013"}],"curies":[{"name":"wp","href":"https:\/\/api.w.org\/{rel}","templated":true}]}}