{"id":746016,"date":"2025-03-03T20:45:55","date_gmt":"2025-03-03T19:45:55","guid":{"rendered":"https:\/\/stoic-curie.212-227-153-4.plesk.page\/producto\/silenciador-de-escape-para-motores-diesel-de-75-90mm-33lt\/"},"modified":"2026-02-25T00:27:37","modified_gmt":"2026-02-25T00:27:37","slug":"silenciador-de-escape-para-motores-diesel-de-75-90mm-33lt","status":"publish","type":"product","link":"https:\/\/stoic-curie.212-227-153-4.plesk.page\/pt\/product\/silenciador-de-escape-para-motores-diesel-de-75-90mm-33lt\/","title":{"rendered":"Silenciador de escape para motores Diesel de 75-90mm ( 33lt)"},"content":{"rendered":"<p>Silenciador de escape para motores Diesel de 75-90mm ( 33lt) &#8211; <\/p>\n<p>Silenciador silencioso para motores mar\u00edtimos a diesel. Utilizado para evitar que a \u00e1gua flua de volta pela linha de escape para o motor quando est\u00e1 desligado. Capacidade: 33 l.<\/p>\n","protected":false},"excerpt":{"rendered":"<p>Silenciador de escape para motores Diesel de 75-90mm ( 33lt) &#8211; Silenciador silencioso para motores mar\u00edtimos a diesel. Utilizado para<\/p>\n","protected":false},"featured_media":5936259,"comment_status":"open","ping_status":"closed","template":"","meta":[],"product_brand":[2857],"product_cat":[2081],"product_tag":[],"class_list":{"0":"post-746016","1":"product","2":"type-product","3":"status-publish","4":"has-post-thumbnail","6":"product_brand-can-marine-pt","7":"product_cat-silenciadores-de-escape","9":"first","10":"instock","11":"shipping-taxable","12":"purchasable","13":"product-type-simple"},"_links":{"self":[{"href":"https:\/\/stoic-curie.212-227-153-4.plesk.page\/pt\/wp-json\/wp\/v2\/product\/746016","targetHints":{"allow":["GET"]}}],"collection":[{"href":"https:\/\/stoic-curie.212-227-153-4.plesk.page\/pt\/wp-json\/wp\/v2\/product"}],"about":[{"href":"https:\/\/stoic-curie.212-227-153-4.plesk.page\/pt\/wp-json\/wp\/v2\/types\/product"}],"replies":[{"embeddable":true,"href":"https:\/\/stoic-curie.212-227-153-4.plesk.page\/pt\/wp-json\/wp\/v2\/comments?post=746016"}],"version-history":[{"count":0,"href":"https:\/\/stoic-curie.212-227-153-4.plesk.page\/pt\/wp-json\/wp\/v2\/product\/746016\/revisions"}],"wp:featuredmedia":[{"embeddable":true,"href":"https:\/\/stoic-curie.212-227-153-4.plesk.page\/pt\/wp-json\/wp\/v2\/media\/5936259"}],"wp:attachment":[{"href":"https:\/\/stoic-curie.212-227-153-4.plesk.page\/pt\/wp-json\/wp\/v2\/media?parent=746016"}],"wp:term":[{"taxonomy":"product_brand","embeddable":true,"href":"https:\/\/stoic-curie.212-227-153-4.plesk.page\/pt\/wp-json\/wp\/v2\/product_brand?post=746016"},{"taxonomy":"product_cat","embeddable":true,"href":"https:\/\/stoic-curie.212-227-153-4.plesk.page\/pt\/wp-json\/wp\/v2\/product_cat?post=746016"},{"taxonomy":"product_tag","embeddable":true,"href":"https:\/\/stoic-curie.212-227-153-4.plesk.page\/pt\/wp-json\/wp\/v2\/product_tag?post=746016"}],"curies":[{"name":"wp","href":"https:\/\/api.w.org\/{rel}","templated":true}]}}