{"id":746027,"date":"2025-03-03T20:46:12","date_gmt":"2025-03-03T19:46:12","guid":{"rendered":"https:\/\/stoic-curie.212-227-153-4.plesk.page\/producto\/bloqueio-de-escape-de-agua-vetus-wlockl-50\/"},"modified":"2026-02-25T00:27:37","modified_gmt":"2026-02-25T00:27:37","slug":"bloqueio-de-escape-de-agua-vetus-wlockl-50","status":"publish","type":"product","link":"https:\/\/stoic-curie.212-227-153-4.plesk.page\/pt\/product\/bloqueio-de-escape-de-agua-vetus-wlockl-50\/","title":{"rendered":"Bloqueio de Escape de \u00c1gua Vetus WLOCKL 50"},"content":{"rendered":"<p>Bloqueio de Escape de \u00c1gua Vetus WLOCKL 50 &#8211; <\/p>\n<p>Dispositivo de bloqueio de \u00e1gua com entrada girat\u00f3ria e armadilha para \u00e1gua de refrigera\u00e7\u00e3o do escape (capacidade de 4,25 l). Impede que a \u00e1gua flua de volta pela linha de escape para o motor quando este est\u00e1 desligado.<\/p>\n","protected":false},"excerpt":{"rendered":"<p>Bloqueio de Escape de \u00c1gua Vetus WLOCKL 50 &#8211; Dispositivo de bloqueio de \u00e1gua com entrada girat\u00f3ria e armadilha para<\/p>\n","protected":false},"featured_media":5936263,"comment_status":"open","ping_status":"closed","template":"","meta":[],"product_brand":[3522],"product_cat":[2081],"product_tag":[],"class_list":{"0":"post-746027","1":"product","2":"type-product","3":"status-publish","4":"has-post-thumbnail","6":"product_brand-vetus-pt","7":"product_cat-silenciadores-de-escape","9":"first","10":"instock","11":"shipping-taxable","12":"purchasable","13":"product-type-simple"},"_links":{"self":[{"href":"https:\/\/stoic-curie.212-227-153-4.plesk.page\/pt\/wp-json\/wp\/v2\/product\/746027","targetHints":{"allow":["GET"]}}],"collection":[{"href":"https:\/\/stoic-curie.212-227-153-4.plesk.page\/pt\/wp-json\/wp\/v2\/product"}],"about":[{"href":"https:\/\/stoic-curie.212-227-153-4.plesk.page\/pt\/wp-json\/wp\/v2\/types\/product"}],"replies":[{"embeddable":true,"href":"https:\/\/stoic-curie.212-227-153-4.plesk.page\/pt\/wp-json\/wp\/v2\/comments?post=746027"}],"version-history":[{"count":0,"href":"https:\/\/stoic-curie.212-227-153-4.plesk.page\/pt\/wp-json\/wp\/v2\/product\/746027\/revisions"}],"wp:featuredmedia":[{"embeddable":true,"href":"https:\/\/stoic-curie.212-227-153-4.plesk.page\/pt\/wp-json\/wp\/v2\/media\/5936263"}],"wp:attachment":[{"href":"https:\/\/stoic-curie.212-227-153-4.plesk.page\/pt\/wp-json\/wp\/v2\/media?parent=746027"}],"wp:term":[{"taxonomy":"product_brand","embeddable":true,"href":"https:\/\/stoic-curie.212-227-153-4.plesk.page\/pt\/wp-json\/wp\/v2\/product_brand?post=746027"},{"taxonomy":"product_cat","embeddable":true,"href":"https:\/\/stoic-curie.212-227-153-4.plesk.page\/pt\/wp-json\/wp\/v2\/product_cat?post=746027"},{"taxonomy":"product_tag","embeddable":true,"href":"https:\/\/stoic-curie.212-227-153-4.plesk.page\/pt\/wp-json\/wp\/v2\/product_tag?post=746027"}],"curies":[{"name":"wp","href":"https:\/\/api.w.org\/{rel}","templated":true}]}}