{"id":746032,"date":"2025-03-03T20:46:13","date_gmt":"2025-03-03T19:46:13","guid":{"rendered":"https:\/\/stoic-curie.212-227-153-4.plesk.page\/producto\/vetus-lss45\/"},"modified":"2026-02-25T00:27:37","modified_gmt":"2026-02-25T00:27:37","slug":"vetus-lss45","status":"publish","type":"product","link":"https:\/\/stoic-curie.212-227-153-4.plesk.page\/pt\/product\/vetus-lss45\/","title":{"rendered":"Vetus LSS45"},"content":{"rendered":"<p>Vetus LSS45 &#8211; <\/p>\n<p>Trampa de \u00e1gua para sistemas de escape longos. Com conex\u00f5es girat\u00f3rias para f\u00e1cil instala\u00e7\u00e3o. Capacidade do reservat\u00f3rio de \u00e1gua de 7,5 L. Impede que a \u00e1gua retorne pela linha de escape para o motor quando desligado.<\/p>\n","protected":false},"excerpt":{"rendered":"<p>Vetus LSS45 &#8211; Trampa de \u00e1gua para sistemas de escape longos. Com conex\u00f5es girat\u00f3rias para f\u00e1cil instala\u00e7\u00e3o. Capacidade do reservat\u00f3rio<\/p>\n","protected":false},"featured_media":5936270,"comment_status":"open","ping_status":"closed","template":"","meta":[],"product_brand":[3522],"product_cat":[2081],"product_tag":[],"class_list":{"0":"post-746032","1":"product","2":"type-product","3":"status-publish","4":"has-post-thumbnail","6":"product_brand-vetus-pt","7":"product_cat-silenciadores-de-escape","9":"first","10":"instock","11":"shipping-taxable","12":"purchasable","13":"product-type-simple"},"_links":{"self":[{"href":"https:\/\/stoic-curie.212-227-153-4.plesk.page\/pt\/wp-json\/wp\/v2\/product\/746032","targetHints":{"allow":["GET"]}}],"collection":[{"href":"https:\/\/stoic-curie.212-227-153-4.plesk.page\/pt\/wp-json\/wp\/v2\/product"}],"about":[{"href":"https:\/\/stoic-curie.212-227-153-4.plesk.page\/pt\/wp-json\/wp\/v2\/types\/product"}],"replies":[{"embeddable":true,"href":"https:\/\/stoic-curie.212-227-153-4.plesk.page\/pt\/wp-json\/wp\/v2\/comments?post=746032"}],"version-history":[{"count":0,"href":"https:\/\/stoic-curie.212-227-153-4.plesk.page\/pt\/wp-json\/wp\/v2\/product\/746032\/revisions"}],"wp:featuredmedia":[{"embeddable":true,"href":"https:\/\/stoic-curie.212-227-153-4.plesk.page\/pt\/wp-json\/wp\/v2\/media\/5936270"}],"wp:attachment":[{"href":"https:\/\/stoic-curie.212-227-153-4.plesk.page\/pt\/wp-json\/wp\/v2\/media?parent=746032"}],"wp:term":[{"taxonomy":"product_brand","embeddable":true,"href":"https:\/\/stoic-curie.212-227-153-4.plesk.page\/pt\/wp-json\/wp\/v2\/product_brand?post=746032"},{"taxonomy":"product_cat","embeddable":true,"href":"https:\/\/stoic-curie.212-227-153-4.plesk.page\/pt\/wp-json\/wp\/v2\/product_cat?post=746032"},{"taxonomy":"product_tag","embeddable":true,"href":"https:\/\/stoic-curie.212-227-153-4.plesk.page\/pt\/wp-json\/wp\/v2\/product_tag?post=746032"}],"curies":[{"name":"wp","href":"https:\/\/api.w.org\/{rel}","templated":true}]}}